{"id":244679,"date":"2025-03-20T14:37:35","date_gmt":"2025-03-20T14:37:35","guid":{"rendered":"https:\/\/aromasentia.com\/product\/mango-aromathrapy-box-floral-holds-25\/"},"modified":"2025-06-22T22:24:07","modified_gmt":"2025-06-22T22:24:07","slug":"aromathrapie-box-mangohout-bloem-motief-25-flesjes","status":"publish","type":"product","link":"https:\/\/aromasentia.com\/nl\/aromathrapie-box-mangohout-bloem-motief-25-flesjes\/","title":{"rendered":"Aromathrapie Box &#8211; Mangohout &#8211; Bloem motief (25 flesjes)"},"content":{"rendered":"<p>Decoratief en stijlvol past in elk interieur.<\/p>\n<p>Ze zijn ontworpen voor flessen van 10 ml, dus onze etherische oli\u00ebn, etherische oli\u00ebnblends of parfum oli\u00ebn passen perfect.<\/p>\n<p>Verkoop deze dozen apart of stel zelf U eigen essenti\u00eble oli\u00ebn kits en cadeau sets samen.<\/p>\n<p>Houd er rekening mee dat vanwege het handgemaakte karakter van deze dozen de ontwerpen vari\u00ebren.<\/p>\n<p>Deze dozen kunnen een combinatie van flessen van 10 ml bevatten tot een maximale hoogte van 65 mm en een diameter van ongeveer 25 mm. Bestel vandaag nog!<\/p>\n<p><strong>Afmetingen: 17.5 x 17.5 x 7.5cm<\/strong><\/p>\n<p>Gemaakt voor de groothandel.<\/p>\n","protected":false},"excerpt":{"rendered":"<p>Decoratief en stijlvol past in elk interieur. Ze zijn ontworpen voor flessen van 10 ml, dus onze etherische oli\u00ebn, etherische oli\u00ebnblends of parfum oli\u00ebn passen perfect. Verkoop deze dozen apart of stel zelf U eigen essenti\u00eble oli\u00ebn kits en cadeau sets samen. Houd er rekening mee dat vanwege het handgemaakte karakter van deze dozen de [&hellip;]<\/p>\n","protected":false},"featured_media":259456,"comment_status":"closed","ping_status":"open","template":"","meta":[],"product_brand":[],"product_cat":[13992,13991],"product_tag":[],"class_list":{"0":"post-244679","1":"product","2":"type-product","3":"status-publish","4":"has-post-thumbnail","6":"product_cat-geschenkdozen","7":"product_cat-geschenkverpakking","8":"pa_collection-aromatherapy-boxes-nl","9":"pa_made-in-india","11":"first","12":"instock","13":"purchasable","14":"product-type-simple"},"supplier_id":null,"supplier_sku":"Abox-04","barcode":null,"atum_controlled":true,"out_stock_date":null,"out_stock_threshold":null,"inheritable":false,"inbound_stock":0,"stock_on_hold":0,"sold_today":0,"sales_last_days":0,"reserved_stock":0,"customer_returns":0,"warehouse_damage":0,"lost_in_post":0,"other_logs":0,"out_stock_days":0,"lost_sales":0,"has_location":false,"update_date":"2026-02-06T12:45:24","atum_locations":[],"atum_stock_status":"instock","restock_status":false,"low_stock_amount":"","sales_update_date":"2026-01-20T05:14:23","calc_backorders":null,"_links":{"self":[{"href":"https:\/\/aromasentia.com\/nl\/wp-json\/wp\/v2\/product\/244679","targetHints":{"allow":["GET"]}}],"collection":[{"href":"https:\/\/aromasentia.com\/nl\/wp-json\/wp\/v2\/product"}],"about":[{"href":"https:\/\/aromasentia.com\/nl\/wp-json\/wp\/v2\/types\/product"}],"replies":[{"embeddable":true,"href":"https:\/\/aromasentia.com\/nl\/wp-json\/wp\/v2\/comments?post=244679"}],"version-history":[{"count":0,"href":"https:\/\/aromasentia.com\/nl\/wp-json\/wp\/v2\/product\/244679\/revisions"}],"wp:featuredmedia":[{"embeddable":true,"href":"https:\/\/aromasentia.com\/nl\/wp-json\/wp\/v2\/media\/259456"}],"wp:attachment":[{"href":"https:\/\/aromasentia.com\/nl\/wp-json\/wp\/v2\/media?parent=244679"}],"wp:term":[{"taxonomy":"product_brand","embeddable":true,"href":"https:\/\/aromasentia.com\/nl\/wp-json\/wp\/v2\/product_brand?post=244679"},{"taxonomy":"product_cat","embeddable":true,"href":"https:\/\/aromasentia.com\/nl\/wp-json\/wp\/v2\/product_cat?post=244679"},{"taxonomy":"product_tag","embeddable":true,"href":"https:\/\/aromasentia.com\/nl\/wp-json\/wp\/v2\/product_tag?post=244679"}],"curies":[{"name":"wp","href":"https:\/\/api.w.org\/{rel}","templated":true}]}}