{"id":244651,"date":"2025-03-20T14:38:14","date_gmt":"2025-03-20T14:38:14","guid":{"rendered":"https:\/\/aromasentia.com\/product\/castor-oil-1-litre\/"},"modified":"2025-06-22T22:24:04","modified_gmt":"2025-06-22T22:24:04","slug":"basis-olie-wonder-olie-1-liter","status":"publish","type":"product","link":"https:\/\/aromasentia.com\/nl\/basis-olie-wonder-olie-1-liter\/","title":{"rendered":"Basis Olie &#8211; Wonder Olie &#8211; 1 Liter"},"content":{"rendered":"<p>Onze Castor Basisoli\u00ebn zijn ideaal voor het verdunnen van etherische oli\u00ebn voordat je ze op de huid gebruikt. Al onze basisoli\u00ebn zijn 100% natuurlijke pure oli\u00ebn. Onze&nbsp;<\/p>\n<p>Groothandel Castor Olie Basisolie wordt zorgvuldig geselecteerd, meestal rechtstreeks van de bron gekocht, getest op zuiverheid en onderworpen aan strenge kwaliteitsnormen. Afkomstig uit de hele wereld is deze Castor Olie Basis afkomstig uit India en gemaakt met de koude persmethode. Wij zijn een van de toonaangevende groothandels in basisoli\u00ebn in het VK.<\/p>\n","protected":false},"excerpt":{"rendered":"<p>Onze Castor Basisoli\u00ebn zijn ideaal voor het verdunnen van etherische oli\u00ebn voordat je ze op de huid gebruikt. Al onze basisoli\u00ebn zijn 100% natuurlijke pure oli\u00ebn. Onze&nbsp; Groothandel Castor Olie Basisolie wordt zorgvuldig geselecteerd, meestal rechtstreeks van de bron gekocht, getest op zuiverheid en onderworpen aan strenge kwaliteitsnormen. Afkomstig uit de hele wereld is deze [&hellip;]<\/p>\n","protected":false},"featured_media":259646,"comment_status":"closed","ping_status":"open","template":"","meta":{"_angie_page":false},"product_brand":[27092],"product_cat":[16445,23923],"product_tag":[],"class_list":{"0":"post-244651","1":"product","2":"type-product","3":"status-publish","4":"has-post-thumbnail","6":"product_brand-ancient-wisdom","7":"product_cat-aromatherapie-en-geur","8":"product_cat-basis-olien","9":"pa_collection-base-oils-1-litre-nl","10":"pa_made-in-india","12":"first","13":"instock","14":"purchasable","15":"product-type-simple"},"supplier_id":null,"supplier_sku":"BOz-20","barcode":null,"atum_controlled":true,"out_stock_date":null,"out_stock_threshold":null,"inheritable":false,"inbound_stock":null,"stock_on_hold":0,"sold_today":0,"sales_last_days":0,"reserved_stock":null,"customer_returns":null,"warehouse_damage":null,"lost_in_post":null,"other_logs":null,"out_stock_days":0,"lost_sales":0,"has_location":null,"update_date":"2026-04-27T06:55:31","atum_locations":[],"atum_stock_status":"instock","restock_status":false,"low_stock_amount":"","sales_update_date":"2025-10-09T03:26:54","calc_backorders":null,"_links":{"self":[{"href":"https:\/\/aromasentia.com\/nl\/wp-json\/wp\/v2\/product\/244651","targetHints":{"allow":["GET"]}}],"collection":[{"href":"https:\/\/aromasentia.com\/nl\/wp-json\/wp\/v2\/product"}],"about":[{"href":"https:\/\/aromasentia.com\/nl\/wp-json\/wp\/v2\/types\/product"}],"replies":[{"embeddable":true,"href":"https:\/\/aromasentia.com\/nl\/wp-json\/wp\/v2\/comments?post=244651"}],"version-history":[{"count":0,"href":"https:\/\/aromasentia.com\/nl\/wp-json\/wp\/v2\/product\/244651\/revisions"}],"wp:featuredmedia":[{"embeddable":true,"href":"https:\/\/aromasentia.com\/nl\/wp-json\/wp\/v2\/media\/259646"}],"wp:attachment":[{"href":"https:\/\/aromasentia.com\/nl\/wp-json\/wp\/v2\/media?parent=244651"}],"wp:term":[{"taxonomy":"product_brand","embeddable":true,"href":"https:\/\/aromasentia.com\/nl\/wp-json\/wp\/v2\/product_brand?post=244651"},{"taxonomy":"product_cat","embeddable":true,"href":"https:\/\/aromasentia.com\/nl\/wp-json\/wp\/v2\/product_cat?post=244651"},{"taxonomy":"product_tag","embeddable":true,"href":"https:\/\/aromasentia.com\/nl\/wp-json\/wp\/v2\/product_tag?post=244651"}],"curies":[{"name":"wp","href":"https:\/\/api.w.org\/{rel}","templated":true}]}}