{"id":244631,"date":"2025-03-20T14:38:14","date_gmt":"2025-03-20T14:38:14","guid":{"rendered":"https:\/\/aromasentia.com\/product\/calendula-oil-1-litre\/"},"modified":"2025-06-22T22:24:00","modified_gmt":"2025-06-22T22:24:00","slug":"basis-olie-calendula-olie-1-liter","status":"publish","type":"product","link":"https:\/\/aromasentia.com\/nl\/basis-olie-calendula-olie-1-liter\/","title":{"rendered":"Basis Olie &#8211; Calendula-olie &#8211; 1 Liter"},"content":{"rendered":"<p><strong>Botanische naam:<\/strong> Calendula Officinalis<br \/><strong>Andere namen:&nbsp;<\/strong>Goudsbloem olie<br \/><strong>Herkomst:<\/strong> Frankrijk<br \/><strong>Kleur:<\/strong> Varieert van Geel tot helder donker Oranje<br \/><strong>Geur:<\/strong> Zoet, fruitig<br \/><strong>Houdbaarheid:<\/strong> 1 jaar<\/p>\n<p>Onze Calendula-basisoli\u00ebn zijn ideaal om essenti\u00eble oli\u00ebn te verdunnen voordat ze op de huid worden gebruikt.&nbsp;<\/p>\n<p>Al onze basisoli\u00ebn zijn 100% natuurlijke pure olie.<\/p>\n<p>De olie zelf is behoorlijk veelzijdig. Het kan worden gebruikt om huidklachten te behandelen met als extra voordeel dat het ontstekingsremmende en antibacteri\u00eble eigenschappen heeft.&nbsp;<\/p>\n<p>Calendula-olie wordt om de bovengenoemde redenen veel gebruikt in de cosmetica-industrie.<\/p>\n<p>Onze groothandel Calendula-basisolie is afkomstig uit Frankrijk en wordt gemaakt via de oplos middel extractie methode.<\/p>\n","protected":false},"excerpt":{"rendered":"<p>Botanische naam: Calendula OfficinalisAndere namen:&nbsp;Goudsbloem olieHerkomst: FrankrijkKleur: Varieert van Geel tot helder donker OranjeGeur: Zoet, fruitigHoudbaarheid: 1 jaar Onze Calendula-basisoli\u00ebn zijn ideaal om essenti\u00eble oli\u00ebn te verdunnen voordat ze op de huid worden gebruikt.&nbsp; Al onze basisoli\u00ebn zijn 100% natuurlijke pure olie. De olie zelf is behoorlijk veelzijdig. Het kan worden gebruikt om huidklachten te [&hellip;]<\/p>\n","protected":false},"featured_media":259601,"comment_status":"closed","ping_status":"open","template":"","meta":{"_angie_page":false},"product_brand":[27092],"product_cat":[16445,23923],"product_tag":[],"class_list":{"0":"post-244631","1":"product","2":"type-product","3":"status-publish","4":"has-post-thumbnail","6":"product_brand-ancient-wisdom","7":"product_cat-aromatherapie-en-geur","8":"product_cat-basis-olien","9":"pa_collection-base-oils-1-litre-nl","10":"pa_made-in-polen","12":"first","13":"instock","14":"purchasable","15":"product-type-simple"},"supplier_id":null,"supplier_sku":"BOz-15","barcode":null,"atum_controlled":true,"out_stock_date":null,"out_stock_threshold":null,"inheritable":false,"inbound_stock":null,"stock_on_hold":0,"sold_today":0,"sales_last_days":0,"reserved_stock":null,"customer_returns":null,"warehouse_damage":null,"lost_in_post":null,"other_logs":null,"out_stock_days":0,"lost_sales":0,"has_location":null,"update_date":"2026-04-27T06:55:31","atum_locations":[],"atum_stock_status":"instock","restock_status":false,"low_stock_amount":"","sales_update_date":"2025-10-09T03:26:54","calc_backorders":null,"_links":{"self":[{"href":"https:\/\/aromasentia.com\/nl\/wp-json\/wp\/v2\/product\/244631","targetHints":{"allow":["GET"]}}],"collection":[{"href":"https:\/\/aromasentia.com\/nl\/wp-json\/wp\/v2\/product"}],"about":[{"href":"https:\/\/aromasentia.com\/nl\/wp-json\/wp\/v2\/types\/product"}],"replies":[{"embeddable":true,"href":"https:\/\/aromasentia.com\/nl\/wp-json\/wp\/v2\/comments?post=244631"}],"version-history":[{"count":0,"href":"https:\/\/aromasentia.com\/nl\/wp-json\/wp\/v2\/product\/244631\/revisions"}],"wp:featuredmedia":[{"embeddable":true,"href":"https:\/\/aromasentia.com\/nl\/wp-json\/wp\/v2\/media\/259601"}],"wp:attachment":[{"href":"https:\/\/aromasentia.com\/nl\/wp-json\/wp\/v2\/media?parent=244631"}],"wp:term":[{"taxonomy":"product_brand","embeddable":true,"href":"https:\/\/aromasentia.com\/nl\/wp-json\/wp\/v2\/product_brand?post=244631"},{"taxonomy":"product_cat","embeddable":true,"href":"https:\/\/aromasentia.com\/nl\/wp-json\/wp\/v2\/product_cat?post=244631"},{"taxonomy":"product_tag","embeddable":true,"href":"https:\/\/aromasentia.com\/nl\/wp-json\/wp\/v2\/product_tag?post=244631"}],"curies":[{"name":"wp","href":"https:\/\/api.w.org\/{rel}","templated":true}]}}