{"id":244627,"date":"2025-03-20T14:38:14","date_gmt":"2025-03-20T14:38:14","guid":{"rendered":"https:\/\/aromasentia.com\/product\/olive-oil-1-litre\/"},"modified":"2025-06-22T22:23:59","modified_gmt":"2025-06-22T22:23:59","slug":"basis-olie-olijf-olie-1-liter","status":"publish","type":"product","link":"https:\/\/aromasentia.com\/nl\/basis-olie-olijf-olie-1-liter\/","title":{"rendered":"Basis Olie &#8211; Olijf Olie &#8211; 1 Liter"},"content":{"rendered":"<p><strong>Botanische naam:<\/strong> Olea Europaea<br \/><strong>Herkomst:<\/strong> Spanje<br \/><strong>Kleur:<\/strong> Licht tot middel groen<br \/><strong>Geur:<\/strong> Fruitig, licht gepeperd<br \/><strong>Textuur:&nbsp;<\/strong>Dik<br \/><strong>Houdbaarheid:<\/strong> 1 jaar<\/p>\n<p>Onze Olijfolie Basisoli\u00ebn zijn ideaal om etherische oli\u00ebn te verdunnen alvorens ze op de huid te gebruiken.<\/p>\n<p>Al onze basisoli\u00ebn zijn 100% natuurlijke pure olie.<\/p>\n<p>Olijfbomen worden sinds het 8e millennium voor Christus rond de Middellandse Zee geteeld. Spanje is de grootste producent van olijfolie, gevolgd door Itali\u00eb en Griekenland.<\/p>\n<p>Olijfolie bevat veel gezonde vetzuren, ontstekingsremmende stoffen en antioxidanten.<br \/>Het kan worden gebruikt als dragerolie om uw huid te hydrateren, wond genezing te versnellen en zelfs infecties te helpen bestrijden.<br \/>Onderzoek suggereert dat olijfolie kan dienen als een veelbelovende behandeling voor huid gerelateerde aandoeningen zoals seborro\u00efsche dermatitis, psoriasis, acne en atopische dermatitis.<br \/>Het helpt deze huidproblemen te verbeteren door ontstekingen te verminderen en de groei van bacteri\u00ebn tegen te gaan.Olijfolie is een goede aanvulling op veel cosmetica, omdat het zeer stabiel is.<\/p>\n<p>Onze groothandel Olijfbasis olie is afkomstig uit Spanje en wordt gemaakt via de koudgeperste extractiemethode.<\/p>\n","protected":false},"excerpt":{"rendered":"<p>Botanische naam: Olea EuropaeaHerkomst: SpanjeKleur: Licht tot middel groenGeur: Fruitig, licht gepeperdTextuur:&nbsp;DikHoudbaarheid: 1 jaar Onze Olijfolie Basisoli\u00ebn zijn ideaal om etherische oli\u00ebn te verdunnen alvorens ze op de huid te gebruiken. Al onze basisoli\u00ebn zijn 100% natuurlijke pure olie. Olijfbomen worden sinds het 8e millennium voor Christus rond de Middellandse Zee geteeld. Spanje is de [&hellip;]<\/p>\n","protected":false},"featured_media":259592,"comment_status":"closed","ping_status":"open","template":"","meta":{"_angie_page":false},"product_brand":[27092],"product_cat":[16445,23923],"product_tag":[],"class_list":{"0":"post-244627","1":"product","2":"type-product","3":"status-publish","4":"has-post-thumbnail","6":"product_brand-ancient-wisdom","7":"product_cat-aromatherapie-en-geur","8":"product_cat-basis-olien","9":"pa_collection-base-oils-1-litre-nl","10":"pa_made-in-spanje","12":"first","13":"instock","14":"purchasable","15":"product-type-simple"},"supplier_id":null,"supplier_sku":"BOz-14","barcode":null,"atum_controlled":true,"out_stock_date":null,"out_stock_threshold":null,"inheritable":false,"inbound_stock":null,"stock_on_hold":0,"sold_today":0,"sales_last_days":0,"reserved_stock":null,"customer_returns":null,"warehouse_damage":null,"lost_in_post":null,"other_logs":null,"out_stock_days":0,"lost_sales":0,"has_location":null,"update_date":"2026-04-27T06:55:31","atum_locations":[],"atum_stock_status":"instock","restock_status":false,"low_stock_amount":"","sales_update_date":"2026-01-20T05:13:16","calc_backorders":null,"_links":{"self":[{"href":"https:\/\/aromasentia.com\/nl\/wp-json\/wp\/v2\/product\/244627","targetHints":{"allow":["GET"]}}],"collection":[{"href":"https:\/\/aromasentia.com\/nl\/wp-json\/wp\/v2\/product"}],"about":[{"href":"https:\/\/aromasentia.com\/nl\/wp-json\/wp\/v2\/types\/product"}],"replies":[{"embeddable":true,"href":"https:\/\/aromasentia.com\/nl\/wp-json\/wp\/v2\/comments?post=244627"}],"version-history":[{"count":0,"href":"https:\/\/aromasentia.com\/nl\/wp-json\/wp\/v2\/product\/244627\/revisions"}],"wp:featuredmedia":[{"embeddable":true,"href":"https:\/\/aromasentia.com\/nl\/wp-json\/wp\/v2\/media\/259592"}],"wp:attachment":[{"href":"https:\/\/aromasentia.com\/nl\/wp-json\/wp\/v2\/media?parent=244627"}],"wp:term":[{"taxonomy":"product_brand","embeddable":true,"href":"https:\/\/aromasentia.com\/nl\/wp-json\/wp\/v2\/product_brand?post=244627"},{"taxonomy":"product_cat","embeddable":true,"href":"https:\/\/aromasentia.com\/nl\/wp-json\/wp\/v2\/product_cat?post=244627"},{"taxonomy":"product_tag","embeddable":true,"href":"https:\/\/aromasentia.com\/nl\/wp-json\/wp\/v2\/product_tag?post=244627"}],"curies":[{"name":"wp","href":"https:\/\/api.w.org\/{rel}","templated":true}]}}