{"id":244623,"date":"2025-03-20T14:38:14","date_gmt":"2025-03-20T14:38:14","guid":{"rendered":"https:\/\/aromasentia.com\/product\/borage-oil-1-litre\/"},"modified":"2025-06-22T22:23:59","modified_gmt":"2025-06-22T22:23:59","slug":"basis-olie-bernagie-olie-1-liter","status":"publish","type":"product","link":"https:\/\/aromasentia.com\/nl\/basis-olie-bernagie-olie-1-liter\/","title":{"rendered":"Basis Olie &#8211; Bernagie Olie &#8211; 1 Liter"},"content":{"rendered":"<p><strong>Botanische naam:<\/strong> Borago Officinalis.<br \/><strong>Andere namen:<\/strong> Starflower Oil<br \/><strong>Herkomst:<\/strong> Europa<br \/><strong>Kleur:&nbsp;<\/strong>Lichgeel<br \/><strong>Geur:<\/strong> Heel weinig geur met een licht zoete toon.<br \/><strong>Textuur:<\/strong> Dun tot medium, enigszins vettig op de huid<br \/>Houdbaarheid: 1 jaar<\/p>\n<p>Onze Bernagie-basisoli\u00ebn zijn ideaal om essenti\u00eble oli\u00ebn te verdunnen voordat ze op de huid worden gebruikt.<br \/>Al onze basisoli\u00ebn zijn 100% natuurlijke pure olie.<\/p>\n<p>De Bernagie plant, ook wel bekend als de Starflower, is een borstelige plant afkomstig uit het Midden-Oosten. Nu wordt de plant gekweekt in de meeste warmere delen van de wereld, waaronder Afrika, Azi\u00eb, Zuid-Europa en Zuid-Amerika.<br style=\"color: rgb(114, 114, 114); font-family: Ubuntu, sans-serif; font-size: 16px; font-style: normal; font-variant-ligatures: normal; font-variant-caps: normal; font-weight: 400; letter-spacing: normal; orphans: 2; text-align: start; text-indent: 0px; text-transform: none; white-space: normal; widows: 2; word-spacing: 0px; -webkit-text-stroke-width: 0px; background-color: rgb(255, 255, 255); text-decoration-thickness: initial; text-decoration-style: initial; text-decoration-color: initial;\"><br style=\"color: rgb(114, 114, 114); font-family: Ubuntu, sans-serif; font-size: 16px; font-style: normal; font-variant-ligatures: normal; font-variant-caps: normal; font-weight: 400; letter-spacing: normal; orphans: 2; text-align: start; text-indent: 0px; text-transform: none; white-space: normal; widows: 2; word-spacing: 0px; -webkit-text-stroke-width: 0px; background-color: rgb(255, 255, 255); text-decoration-thickness: initial; text-decoration-style: initial; text-decoration-color: initial;\">Bernagie olie wordt gewonnen uit de zaden van de plant. Het bevat een zeer hoog gehalte aan omega 6, tot wel 24%.<br style=\"color: rgb(114, 114, 114); font-family: Ubuntu, sans-serif; font-size: 16px; font-style: normal; font-variant-ligatures: normal; font-variant-caps: normal; font-weight: 400; letter-spacing: normal; orphans: 2; text-align: start; text-indent: 0px; text-transform: none; white-space: normal; widows: 2; word-spacing: 0px; -webkit-text-stroke-width: 0px; background-color: rgb(255, 255, 255); text-decoration-thickness: initial; text-decoration-style: initial; text-decoration-color: initial;\">Het zou goed werken bij verschillende huidklachten zoals dermatitis en het heeft ook ontstekingsremmende eigenschappen.<br \/><br style=\"color: rgb(114, 114, 114); font-family: Ubuntu, sans-serif; font-size: 16px; font-style: normal; font-variant-ligatures: normal; font-variant-caps: normal; font-weight: 400; letter-spacing: normal; orphans: 2; text-align: start; text-indent: 0px; text-transform: none; white-space: normal; widows: 2; word-spacing: 0px; -webkit-text-stroke-width: 0px; background-color: rgb(255, 255, 255); text-decoration-thickness: initial; text-decoration-style: initial; text-decoration-color: initial;\">Onze Bernagie-basisolie is afkomstig uit Europa en wordt gemaakt via de koudgeperste extractiemethode. <\/p>\n","protected":false},"excerpt":{"rendered":"<p>Botanische naam: Borago Officinalis.Andere namen: Starflower OilHerkomst: EuropaKleur:&nbsp;LichgeelGeur: Heel weinig geur met een licht zoete toon.Textuur: Dun tot medium, enigszins vettig op de huidHoudbaarheid: 1 jaar Onze Bernagie-basisoli\u00ebn zijn ideaal om essenti\u00eble oli\u00ebn te verdunnen voordat ze op de huid worden gebruikt.Al onze basisoli\u00ebn zijn 100% natuurlijke pure olie. De Bernagie plant, ook wel bekend [&hellip;]<\/p>\n","protected":false},"featured_media":259583,"comment_status":"closed","ping_status":"open","template":"","meta":{"_angie_page":false},"product_brand":[27092],"product_cat":[16445,23923],"product_tag":[],"class_list":{"0":"post-244623","1":"product","2":"type-product","3":"status-publish","4":"has-post-thumbnail","6":"product_brand-ancient-wisdom","7":"product_cat-aromatherapie-en-geur","8":"product_cat-basis-olien","9":"pa_collection-base-oils-1-litre-nl","10":"pa_made-in-china","12":"first","13":"instock","14":"purchasable","15":"product-type-simple"},"supplier_id":null,"supplier_sku":"BOz-13","barcode":null,"atum_controlled":true,"out_stock_date":null,"out_stock_threshold":null,"inheritable":false,"inbound_stock":null,"stock_on_hold":0,"sold_today":0,"sales_last_days":0,"reserved_stock":null,"customer_returns":null,"warehouse_damage":null,"lost_in_post":null,"other_logs":null,"out_stock_days":0,"lost_sales":0,"has_location":null,"update_date":"2026-05-08T05:06:06","atum_locations":[],"atum_stock_status":"instock","restock_status":false,"low_stock_amount":"","sales_update_date":"2026-01-30T01:25:23","calc_backorders":null,"_links":{"self":[{"href":"https:\/\/aromasentia.com\/nl\/wp-json\/wp\/v2\/product\/244623","targetHints":{"allow":["GET"]}}],"collection":[{"href":"https:\/\/aromasentia.com\/nl\/wp-json\/wp\/v2\/product"}],"about":[{"href":"https:\/\/aromasentia.com\/nl\/wp-json\/wp\/v2\/types\/product"}],"replies":[{"embeddable":true,"href":"https:\/\/aromasentia.com\/nl\/wp-json\/wp\/v2\/comments?post=244623"}],"version-history":[{"count":0,"href":"https:\/\/aromasentia.com\/nl\/wp-json\/wp\/v2\/product\/244623\/revisions"}],"wp:featuredmedia":[{"embeddable":true,"href":"https:\/\/aromasentia.com\/nl\/wp-json\/wp\/v2\/media\/259583"}],"wp:attachment":[{"href":"https:\/\/aromasentia.com\/nl\/wp-json\/wp\/v2\/media?parent=244623"}],"wp:term":[{"taxonomy":"product_brand","embeddable":true,"href":"https:\/\/aromasentia.com\/nl\/wp-json\/wp\/v2\/product_brand?post=244623"},{"taxonomy":"product_cat","embeddable":true,"href":"https:\/\/aromasentia.com\/nl\/wp-json\/wp\/v2\/product_cat?post=244623"},{"taxonomy":"product_tag","embeddable":true,"href":"https:\/\/aromasentia.com\/nl\/wp-json\/wp\/v2\/product_tag?post=244623"}],"curies":[{"name":"wp","href":"https:\/\/api.w.org\/{rel}","templated":true}]}}