{"id":244615,"date":"2025-03-20T14:38:14","date_gmt":"2025-03-20T14:38:14","guid":{"rendered":"https:\/\/aromasentia.com\/product\/evening-primrose-1-litre\/"},"modified":"2025-06-22T22:23:58","modified_gmt":"2025-06-22T22:23:58","slug":"basis-olie-teunisbloem-olie-1-liter","status":"publish","type":"product","link":"https:\/\/aromasentia.com\/nl\/basis-olie-teunisbloem-olie-1-liter\/","title":{"rendered":"Basis Olie &#8211; Teunisbloem Olie &#8211; 1 Liter"},"content":{"rendered":"<p><strong>Botanische naam:<\/strong> Oenothera Biennis<br style=\"color: rgb(114, 114, 114); font-family: Ubuntu, sans-serif; font-size: 16px; font-style: normal; font-variant-ligatures: normal; font-variant-caps: normal; font-weight: 400; letter-spacing: normal; orphans: 2; text-align: start; text-indent: 0px; text-transform: none; white-space: normal; widows: 2; word-spacing: 0px; -webkit-text-stroke-width: 0px; background-color: rgb(255, 255, 255); text-decoration-thickness: initial; text-decoration-style: initial; text-decoration-color: initial;\"><strong>Andere namen:<\/strong> Evening Star Oil, Sun Drop,<br style=\"color: rgb(114, 114, 114); font-family: Ubuntu, sans-serif; font-size: 16px; font-style: normal; font-variant-ligatures: normal; font-variant-caps: normal; font-weight: 400; letter-spacing: normal; orphans: 2; text-align: start; text-indent: 0px; text-transform: none; white-space: normal; widows: 2; word-spacing: 0px; -webkit-text-stroke-width: 0px; background-color: rgb(255, 255, 255); text-decoration-thickness: initial; text-decoration-style: initial; text-decoration-color: initial;\"><strong>Herkomst:<\/strong> China<br style=\"color: rgb(114, 114, 114); font-family: Ubuntu, sans-serif; font-size: 16px; font-style: normal; font-variant-ligatures: normal; font-variant-caps: normal; font-weight: 400; letter-spacing: normal; orphans: 2; text-align: start; text-indent: 0px; text-transform: none; white-space: normal; widows: 2; word-spacing: 0px; -webkit-text-stroke-width: 0px; background-color: rgb(255, 255, 255); text-decoration-thickness: initial; text-decoration-style: initial; text-decoration-color: initial;\"><strong>Kleur:<\/strong> Gougeel<br style=\"color: rgb(114, 114, 114); font-family: Ubuntu, sans-serif; font-size: 16px; font-style: normal; font-variant-ligatures: normal; font-variant-caps: normal; font-weight: 400; letter-spacing: normal; orphans: 2; text-align: start; text-indent: 0px; text-transform: none; white-space: normal; widows: 2; word-spacing: 0px; -webkit-text-stroke-width: 0px; background-color: rgb(255, 255, 255); text-decoration-thickness: initial; text-decoration-style: initial; text-decoration-color: initial;\"><strong>Geur:&nbsp;<\/strong>Licht nootachtige geur<br style=\"color: rgb(114, 114, 114); font-family: Ubuntu, sans-serif; font-size: 16px; font-style: normal; font-variant-ligatures: normal; font-variant-caps: normal; font-weight: 400; letter-spacing: normal; orphans: 2; text-align: start; text-indent: 0px; text-transform: none; white-space: normal; widows: 2; word-spacing: 0px; -webkit-text-stroke-width: 0px; background-color: rgb(255, 255, 255); text-decoration-thickness: initial; text-decoration-style: initial; text-decoration-color: initial;\"><strong>Textuur:<\/strong> Teunisbloemolie heeft een dikke consistentie die zeer langzaam in de huid wordt opgenomen<br style=\"color: rgb(114, 114, 114); font-family: Ubuntu, sans-serif; font-size: 16px; font-style: normal; font-variant-ligatures: normal; font-variant-caps: normal; font-weight: 400; letter-spacing: normal; orphans: 2; text-align: start; text-indent: 0px; text-transform: none; white-space: normal; widows: 2; word-spacing: 0px; -webkit-text-stroke-width: 0px; background-color: rgb(255, 255, 255); text-decoration-thickness: initial; text-decoration-style: initial; text-decoration-color: initial;\"><strong>Houdbaarheid:<\/strong> 1 jaar&nbsp;<\/p>\n<p>Onze Teunisbloem-basisoli\u00ebn zijn ideaal voor het verdunnen van etherische oli\u00ebn voordat ze op de huid worden gebruikt.<\/p>\n<p>Al onze basisoli\u00ebn zijn 100% natuurlijke pure olie.<\/p>\n<p>Gewone teunisbloem, ook wel bekend als avondster, is een tweejarige plant die veel voorkomt in het noorden Amerika en andere  landen met gematigde klimaten.<br \/>De plant heet Teunisbloem Evening Star omdat de bloemen s&#39;nachts volledig opengaan  en in bij het begin van de ochtend weer dichtgaan <\/p>\n<p>Teunisbloemolie heeft veel eigenschappen hebben, waaronder een aantal positieve effecten op de huid zoals het helpt bij roos, eczeem en psoriasis. intern ingenomen zou het ook degeneratieve ziekten, zoals hartaandoeningen en cholesterol verlichten.<\/p>\n<p>Onze groothandel Teunisbloem basisolie is afkomstig uit China en wordt gemaakt via de koudgeperste extractiemethode.<\/p>\n","protected":false},"excerpt":{"rendered":"<p>Botanische naam: Oenothera BiennisAndere namen: Evening Star Oil, Sun Drop,Herkomst: ChinaKleur: GougeelGeur:&nbsp;Licht nootachtige geurTextuur: Teunisbloemolie heeft een dikke consistentie die zeer langzaam in de huid wordt opgenomenHoudbaarheid: 1 jaar&nbsp; Onze Teunisbloem-basisoli\u00ebn zijn ideaal voor het verdunnen van etherische oli\u00ebn voordat ze op de huid worden gebruikt. Al onze basisoli\u00ebn zijn 100% natuurlijke pure olie. Gewone [&hellip;]<\/p>\n","protected":false},"featured_media":259565,"comment_status":"closed","ping_status":"open","template":"","meta":{"_angie_page":false},"product_brand":[27092],"product_cat":[16445,23923,26831,25840,26368],"product_tag":[],"class_list":{"0":"post-244615","1":"product","2":"type-product","3":"status-publish","4":"has-post-thumbnail","6":"product_brand-ancient-wisdom","7":"product_cat-aromatherapie-en-geur","8":"product_cat-basis-olien","9":"product_cat-bloemig","10":"product_cat-geuren-aromas","11":"product_cat-roos","12":"pa_collection-base-oils-1-litre-nl","13":"pa_made-in-china","15":"first","16":"instock","17":"purchasable","18":"product-type-simple"},"supplier_id":null,"supplier_sku":"BOz-10","barcode":null,"atum_controlled":true,"out_stock_date":null,"out_stock_threshold":null,"inheritable":false,"inbound_stock":null,"stock_on_hold":0,"sold_today":0,"sales_last_days":0,"reserved_stock":null,"customer_returns":null,"warehouse_damage":null,"lost_in_post":null,"other_logs":null,"out_stock_days":0,"lost_sales":0,"has_location":null,"update_date":"2026-04-27T06:55:31","atum_locations":[],"atum_stock_status":"instock","restock_status":false,"low_stock_amount":"","sales_update_date":"2026-02-06T00:01:23","calc_backorders":null,"_links":{"self":[{"href":"https:\/\/aromasentia.com\/nl\/wp-json\/wp\/v2\/product\/244615","targetHints":{"allow":["GET"]}}],"collection":[{"href":"https:\/\/aromasentia.com\/nl\/wp-json\/wp\/v2\/product"}],"about":[{"href":"https:\/\/aromasentia.com\/nl\/wp-json\/wp\/v2\/types\/product"}],"replies":[{"embeddable":true,"href":"https:\/\/aromasentia.com\/nl\/wp-json\/wp\/v2\/comments?post=244615"}],"version-history":[{"count":0,"href":"https:\/\/aromasentia.com\/nl\/wp-json\/wp\/v2\/product\/244615\/revisions"}],"wp:featuredmedia":[{"embeddable":true,"href":"https:\/\/aromasentia.com\/nl\/wp-json\/wp\/v2\/media\/259565"}],"wp:attachment":[{"href":"https:\/\/aromasentia.com\/nl\/wp-json\/wp\/v2\/media?parent=244615"}],"wp:term":[{"taxonomy":"product_brand","embeddable":true,"href":"https:\/\/aromasentia.com\/nl\/wp-json\/wp\/v2\/product_brand?post=244615"},{"taxonomy":"product_cat","embeddable":true,"href":"https:\/\/aromasentia.com\/nl\/wp-json\/wp\/v2\/product_cat?post=244615"},{"taxonomy":"product_tag","embeddable":true,"href":"https:\/\/aromasentia.com\/nl\/wp-json\/wp\/v2\/product_tag?post=244615"}],"curies":[{"name":"wp","href":"https:\/\/api.w.org\/{rel}","templated":true}]}}