{"id":244607,"date":"2025-03-20T14:38:14","date_gmt":"2025-03-20T14:38:14","guid":{"rendered":"https:\/\/aromasentia.com\/product\/avocado-1-litre\/"},"modified":"2025-06-22T22:23:57","modified_gmt":"2025-06-22T22:23:57","slug":"basis-olie-avocado-olie-1-liter","status":"publish","type":"product","link":"https:\/\/aromasentia.com\/nl\/basis-olie-avocado-olie-1-liter\/","title":{"rendered":"Basis Olie &#8211; Avocado Olie &#8211; 1 Liter"},"content":{"rendered":"<p style=\"text-align: left;\"><strong>Botanische naam:<\/strong> Persea Gratissima<br style=\"color: rgb(114, 114, 114); font-family: Ubuntu, sans-serif; font-size: 16px; font-style: normal; font-variant-ligatures: normal; font-variant-caps: normal; font-weight: 400; letter-spacing: normal; orphans: 2; text-align: start; text-indent: 0px; text-transform: none; white-space: normal; widows: 2; word-spacing: 0px; -webkit-text-stroke-width: 0px; background-color: rgb(255, 255, 255); text-decoration-thickness: initial; text-decoration-style: initial; text-decoration-color: initial;\"><strong>Herkomst:&nbsp;<\/strong>Zuid-Afrika<br style=\"color: rgb(114, 114, 114); font-family: Ubuntu, sans-serif; font-size: 16px; font-style: normal; font-variant-ligatures: normal; font-variant-caps: normal; font-weight: 400; letter-spacing: normal; orphans: 2; text-align: start; text-indent: 0px; text-transform: none; white-space: normal; widows: 2; word-spacing: 0px; -webkit-text-stroke-width: 0px; background-color: rgb(255, 255, 255); text-decoration-thickness: initial; text-decoration-style: initial; text-decoration-color: initial;\"><strong>Kleur:<\/strong> Varieert van lichtgroen tot donkergroen.<br style=\"color: rgb(114, 114, 114); font-family: Ubuntu, sans-serif; font-size: 16px; font-style: normal; font-variant-ligatures: normal; font-variant-caps: normal; font-weight: 400; letter-spacing: normal; orphans: 2; text-align: start; text-indent: 0px; text-transform: none; white-space: normal; widows: 2; word-spacing: 0px; -webkit-text-stroke-width: 0px; background-color: rgb(255, 255, 255); text-decoration-thickness: initial; text-decoration-style: initial; text-decoration-color: initial;\"><strong>Geur:<\/strong> Fruitige smaak<br style=\"color: rgb(114, 114, 114); font-family: Ubuntu, sans-serif; font-size: 16px; font-style: normal; font-variant-ligatures: normal; font-variant-caps: normal; font-weight: 400; letter-spacing: normal; orphans: 2; text-align: start; text-indent: 0px; text-transform: none; white-space: normal; widows: 2; word-spacing: 0px; -webkit-text-stroke-width: 0px; background-color: rgb(255, 255, 255); text-decoration-thickness: initial; text-decoration-style: initial; text-decoration-color: initial;\"><strong>Textuur:<\/strong> Romig en glad<br style=\"color: rgb(114, 114, 114); font-family: Ubuntu, sans-serif; font-size: 16px; font-style: normal; font-variant-ligatures: normal; font-variant-caps: normal; font-weight: 400; letter-spacing: normal; orphans: 2; text-align: start; text-indent: 0px; text-transform: none; white-space: normal; widows: 2; word-spacing: 0px; -webkit-text-stroke-width: 0px; background-color: rgb(255, 255, 255); text-decoration-thickness: initial; text-decoration-style: initial; text-decoration-color: initial;\"><strong>Houdbaarheid:<\/strong> 1 jaar&nbsp;<\/p>\n<p>Onze Avacado-basisoli\u00ebn zijn ideaal om essenti\u00eble oli\u00ebn te verdunnen voordat ze op de huid worden gebruikt.<\/p>\n<p>Al onze basisoli\u00ebn zijn 100% natuurlijke pure olie.<\/p>\n<p>De avocado komt oorspronkelijk uit Mexico en is voor zover we kunnen nagaan pas ergens in het begin van de 16e eeuw de weg naar Europa gevonden.&nbsp;<\/p>\n<p>Het grootste deel van de avocado gewassen komt nog steeds uit Midden- en Zuid-Amerika en vele honderden jaren van selectief telen en verschillende klimaten hebben geleid tot verschillende soorten fruit.<\/p>\n<p>Avocado-olie is geweldig voor de huid. Het wordt gemakkelijk opgenomen en helpt bij huidklachten zoals eczeem.<br \/>Het is ook goed voor de ouder wordende huid, omdat het de elasticiteit van de huid zou helpen verbeteren.<\/p>\n<p>Onze groothandel Avocado Basisolie is afkomstig uit Zuid-Afrika en wordt gemaakt via de koudgeperste extractiemethode.<\/p>\n","protected":false},"excerpt":{"rendered":"<p>Botanische naam: Persea GratissimaHerkomst:&nbsp;Zuid-AfrikaKleur: Varieert van lichtgroen tot donkergroen.Geur: Fruitige smaakTextuur: Romig en gladHoudbaarheid: 1 jaar&nbsp; Onze Avacado-basisoli\u00ebn zijn ideaal om essenti\u00eble oli\u00ebn te verdunnen voordat ze op de huid worden gebruikt. Al onze basisoli\u00ebn zijn 100% natuurlijke pure olie. De avocado komt oorspronkelijk uit Mexico en is voor zover we kunnen nagaan pas ergens [&hellip;]<\/p>\n","protected":false},"featured_media":259547,"comment_status":"closed","ping_status":"open","template":"","meta":{"_angie_page":false},"product_brand":[27092],"product_cat":[16445,23923],"product_tag":[],"class_list":{"0":"post-244607","1":"product","2":"type-product","3":"status-publish","4":"has-post-thumbnail","6":"product_brand-ancient-wisdom","7":"product_cat-aromatherapie-en-geur","8":"product_cat-basis-olien","9":"pa_collection-base-oils-1-litre-nl","10":"pa_made-in-zuid-afrika","12":"first","13":"instock","14":"purchasable","15":"product-type-simple"},"supplier_id":null,"supplier_sku":"BOz-08","barcode":null,"atum_controlled":true,"out_stock_date":null,"out_stock_threshold":null,"inheritable":false,"inbound_stock":null,"stock_on_hold":0,"sold_today":0,"sales_last_days":0,"reserved_stock":null,"customer_returns":null,"warehouse_damage":null,"lost_in_post":null,"other_logs":null,"out_stock_days":0,"lost_sales":0,"has_location":null,"update_date":"2026-04-27T06:55:31","atum_locations":[],"atum_stock_status":"instock","restock_status":false,"low_stock_amount":"","sales_update_date":"2025-10-09T03:26:53","calc_backorders":null,"_links":{"self":[{"href":"https:\/\/aromasentia.com\/nl\/wp-json\/wp\/v2\/product\/244607","targetHints":{"allow":["GET"]}}],"collection":[{"href":"https:\/\/aromasentia.com\/nl\/wp-json\/wp\/v2\/product"}],"about":[{"href":"https:\/\/aromasentia.com\/nl\/wp-json\/wp\/v2\/types\/product"}],"replies":[{"embeddable":true,"href":"https:\/\/aromasentia.com\/nl\/wp-json\/wp\/v2\/comments?post=244607"}],"version-history":[{"count":0,"href":"https:\/\/aromasentia.com\/nl\/wp-json\/wp\/v2\/product\/244607\/revisions"}],"wp:featuredmedia":[{"embeddable":true,"href":"https:\/\/aromasentia.com\/nl\/wp-json\/wp\/v2\/media\/259547"}],"wp:attachment":[{"href":"https:\/\/aromasentia.com\/nl\/wp-json\/wp\/v2\/media?parent=244607"}],"wp:term":[{"taxonomy":"product_brand","embeddable":true,"href":"https:\/\/aromasentia.com\/nl\/wp-json\/wp\/v2\/product_brand?post=244607"},{"taxonomy":"product_cat","embeddable":true,"href":"https:\/\/aromasentia.com\/nl\/wp-json\/wp\/v2\/product_cat?post=244607"},{"taxonomy":"product_tag","embeddable":true,"href":"https:\/\/aromasentia.com\/nl\/wp-json\/wp\/v2\/product_tag?post=244607"}],"curies":[{"name":"wp","href":"https:\/\/api.w.org\/{rel}","templated":true}]}}