{"id":244535,"date":"2025-03-20T14:38:52","date_gmt":"2025-03-20T14:38:52","guid":{"rendered":"https:\/\/aromasentia.com\/product\/10ml-aromatherapy-car-blend-traffic-jam\/"},"modified":"2025-06-22T22:23:48","modified_gmt":"2025-06-22T22:23:48","slug":"10ml-luchtverfrisser-oliemengsels-file","status":"publish","type":"product","link":"https:\/\/aromasentia.com\/nl\/10ml-luchtverfrisser-oliemengsels-file\/","title":{"rendered":"10ml Luchtverfrisser Oliemengsels &#8211; File"},"content":{"rendered":"<p>Luchtverfrisserolie-mengsels &#8211; voor in file zijn gemaakt van onze pure essenti\u00eble oli\u00ebn.<br style=\"color: rgb(114, 114, 114); font-family: Ubuntu, sans-serif; font-size: 16px; font-style: normal; font-variant-ligatures: normal; font-variant-caps: normal; font-weight: 400; letter-spacing: normal; orphans: 2; text-align: start; text-indent: 0px; text-transform: none; white-space: normal; widows: 2; word-spacing: 0px; -webkit-text-stroke-width: 0px; background-color: rgb(255, 255, 255); text-decoration-thickness: initial; text-decoration-style: initial; text-decoration-color: initial;\">De kwaliteit en zuiverheid van de oli\u00ebn spreken voor zich: zorgvuldig geselecteerde etherische oli\u00ebn brengen aromatherapie in uw auto terwijl u rijdt.<br style=\"color: rgb(114, 114, 114); font-family: Ubuntu, sans-serif; font-size: 16px; font-style: normal; font-variant-ligatures: normal; font-variant-caps: normal; font-weight: 400; letter-spacing: normal; orphans: 2; text-align: start; text-indent: 0px; text-transform: none; white-space: normal; widows: 2; word-spacing: 0px; -webkit-text-stroke-width: 0px; background-color: rgb(255, 255, 255); text-decoration-thickness: initial; text-decoration-style: initial; text-decoration-color: initial;\">Ingredienten: Lavendel-, Rozemarijn- en &nbsp;Mandarijnoloie<\/p>\n<p><br style=\"color: rgb(114, 114, 114); font-family: Ubuntu, sans-serif; font-size: 16px; font-style: normal; font-variant-ligatures: normal; font-variant-caps: normal; font-weight: 400; letter-spacing: normal; orphans: 2; text-align: start; text-indent: 0px; text-transform: none; white-space: normal; widows: 2; word-spacing: 0px; -webkit-text-stroke-width: 0px; background-color: rgb(255, 255, 255); text-decoration-thickness: initial; text-decoration-style: initial; text-decoration-color: initial;\">Gemaakt voor de groothandel.<\/p>\n","protected":false},"excerpt":{"rendered":"<p>Luchtverfrisserolie-mengsels &#8211; voor in file zijn gemaakt van onze pure essenti\u00eble oli\u00ebn.De kwaliteit en zuiverheid van de oli\u00ebn spreken voor zich: zorgvuldig geselecteerde etherische oli\u00ebn brengen aromatherapie in uw auto terwijl u rijdt.Ingredienten: Lavendel-, Rozemarijn- en &nbsp;Mandarijnoloie Gemaakt voor de groothandel.<\/p>\n","protected":false},"featured_media":259913,"comment_status":"closed","ping_status":"open","template":"","meta":{"_angie_page":false},"product_brand":[],"product_cat":[16445,24879,26648,23643],"product_tag":[],"class_list":{"0":"post-244535","1":"product","2":"type-product","3":"status-publish","4":"has-post-thumbnail","6":"product_cat-aromatherapie-en-geur","7":"product_cat-autoparfum","8":"product_cat-etherische-oliemengsels","9":"product_cat-etherische-olien","10":"pa_collection-aromatherapy-blends-for-car-diffusers-nl","11":"pa_made-in-frankrijk","12":"pa_size-10ml","14":"first","15":"instock","16":"purchasable","17":"product-type-simple"},"supplier_id":null,"supplier_sku":"CarEO-05","barcode":null,"atum_controlled":true,"out_stock_date":null,"out_stock_threshold":null,"inheritable":false,"inbound_stock":null,"stock_on_hold":0,"sold_today":0,"sales_last_days":0,"reserved_stock":null,"customer_returns":null,"warehouse_damage":null,"lost_in_post":null,"other_logs":null,"out_stock_days":0,"lost_sales":0,"has_location":null,"update_date":"2026-05-11T01:55:50","atum_locations":[],"atum_stock_status":"instock","restock_status":false,"low_stock_amount":"","sales_update_date":"2026-02-06T00:01:54","calc_backorders":null,"_links":{"self":[{"href":"https:\/\/aromasentia.com\/nl\/wp-json\/wp\/v2\/product\/244535","targetHints":{"allow":["GET"]}}],"collection":[{"href":"https:\/\/aromasentia.com\/nl\/wp-json\/wp\/v2\/product"}],"about":[{"href":"https:\/\/aromasentia.com\/nl\/wp-json\/wp\/v2\/types\/product"}],"replies":[{"embeddable":true,"href":"https:\/\/aromasentia.com\/nl\/wp-json\/wp\/v2\/comments?post=244535"}],"version-history":[{"count":0,"href":"https:\/\/aromasentia.com\/nl\/wp-json\/wp\/v2\/product\/244535\/revisions"}],"wp:featuredmedia":[{"embeddable":true,"href":"https:\/\/aromasentia.com\/nl\/wp-json\/wp\/v2\/media\/259913"}],"wp:attachment":[{"href":"https:\/\/aromasentia.com\/nl\/wp-json\/wp\/v2\/media?parent=244535"}],"wp:term":[{"taxonomy":"product_brand","embeddable":true,"href":"https:\/\/aromasentia.com\/nl\/wp-json\/wp\/v2\/product_brand?post=244535"},{"taxonomy":"product_cat","embeddable":true,"href":"https:\/\/aromasentia.com\/nl\/wp-json\/wp\/v2\/product_cat?post=244535"},{"taxonomy":"product_tag","embeddable":true,"href":"https:\/\/aromasentia.com\/nl\/wp-json\/wp\/v2\/product_tag?post=244535"}],"curies":[{"name":"wp","href":"https:\/\/api.w.org\/{rel}","templated":true}]}}