{"id":244259,"date":"2025-03-20T14:51:35","date_gmt":"2025-03-20T14:51:35","guid":{"rendered":"https:\/\/aromasentia.com\/product\/10-ml-rose-absolute-essential-oil\/"},"modified":"2025-06-22T22:23:10","modified_gmt":"2025-06-22T22:23:10","slug":"roos-absolute-etherische-olie-10ml","status":"publish","type":"product","link":"https:\/\/aromasentia.com\/nl\/roos-absolute-etherische-olie-10ml\/","title":{"rendered":"Roos Absolute Etherische Olie &#8211; 10ml"},"content":{"rendered":"<p><strong>Latijnse naam: Rosa Damascena <br \/>Gebruikt deel: Bloemblaadjes <br \/>Bron: Rusland <br \/>Extractiemethode: Extractie met oplosmiddelen&nbsp;<\/strong><\/p>\n<p>Rose Essential Oil is meer dan alleen een mooie bloemengeur. Het heeft verschillende therapeutische eigenschappen waardoor het geweldig is in huidverzorgingsproducten. Rose Absolute heeft verschillende therapeutische eigenschappen, waaronder antidepressivum, antiseptisch en kalmerend. Rose etherische olie staat bekend om zijn antidepressiva. Het helpt het zelfvertrouwen, de geestelijke gezondheid te vergroten en depressie te bestrijden!<\/p>\n<p>De meeste acne treedt op als er een overproductie van talg in de pori\u00ebn van een persoon is, maar verhoogde bacteri\u00ebn spelen ook een grote rol bij de ontwikkeling van acne. Gelukkig heeft Rozen Essenti\u00eble Olie verschillende eigenschappen die acne verminderen, waaronder samentrekkend, antiviraal en bacteriedodend.<\/p>\n<p>Gemaakt voor de Groothandel.<\/p>\n","protected":false},"excerpt":{"rendered":"<p>Latijnse naam: Rosa Damascena Gebruikt deel: Bloemblaadjes Bron: Rusland Extractiemethode: Extractie met oplosmiddelen&nbsp; Rose Essential Oil is meer dan alleen een mooie bloemengeur. Het heeft verschillende therapeutische eigenschappen waardoor het geweldig is in huidverzorgingsproducten. Rose Absolute heeft verschillende therapeutische eigenschappen, waaronder antidepressivum, antiseptisch en kalmerend. Rose etherische olie staat bekend om zijn antidepressiva. Het helpt [&hellip;]<\/p>\n","protected":false},"featured_media":261536,"comment_status":"closed","ping_status":"open","template":"","meta":{"_angie_page":false},"product_brand":[27092],"product_cat":[16445,26831,23643,25840,26368],"product_tag":[],"class_list":{"0":"post-244259","1":"product","2":"type-product","3":"status-publish","4":"has-post-thumbnail","6":"product_brand-ancient-wisdom","7":"product_cat-aromatherapie-en-geur","8":"product_cat-bloemig","9":"product_cat-etherische-olien","10":"product_cat-geuren-aromas","11":"product_cat-roos","12":"pa_collection-aromatherapy-essential-oils-10ml-nl","13":"pa_made-in-marokko","14":"pa_size-10ml","16":"first","17":"instock","18":"purchasable","19":"product-type-simple"},"supplier_id":null,"supplier_sku":"EO-38","barcode":null,"atum_controlled":true,"out_stock_date":null,"out_stock_threshold":null,"inheritable":false,"inbound_stock":null,"stock_on_hold":0,"sold_today":0,"sales_last_days":0,"reserved_stock":null,"customer_returns":null,"warehouse_damage":null,"lost_in_post":null,"other_logs":null,"out_stock_days":71,"lost_sales":0,"has_location":null,"update_date":"2026-05-08T05:07:22","atum_locations":[],"atum_stock_status":"instock","restock_status":false,"low_stock_amount":"","sales_update_date":"2026-01-30T01:24:20","calc_backorders":null,"_links":{"self":[{"href":"https:\/\/aromasentia.com\/nl\/wp-json\/wp\/v2\/product\/244259","targetHints":{"allow":["GET"]}}],"collection":[{"href":"https:\/\/aromasentia.com\/nl\/wp-json\/wp\/v2\/product"}],"about":[{"href":"https:\/\/aromasentia.com\/nl\/wp-json\/wp\/v2\/types\/product"}],"replies":[{"embeddable":true,"href":"https:\/\/aromasentia.com\/nl\/wp-json\/wp\/v2\/comments?post=244259"}],"version-history":[{"count":0,"href":"https:\/\/aromasentia.com\/nl\/wp-json\/wp\/v2\/product\/244259\/revisions"}],"wp:featuredmedia":[{"embeddable":true,"href":"https:\/\/aromasentia.com\/nl\/wp-json\/wp\/v2\/media\/261536"}],"wp:attachment":[{"href":"https:\/\/aromasentia.com\/nl\/wp-json\/wp\/v2\/media?parent=244259"}],"wp:term":[{"taxonomy":"product_brand","embeddable":true,"href":"https:\/\/aromasentia.com\/nl\/wp-json\/wp\/v2\/product_brand?post=244259"},{"taxonomy":"product_cat","embeddable":true,"href":"https:\/\/aromasentia.com\/nl\/wp-json\/wp\/v2\/product_cat?post=244259"},{"taxonomy":"product_tag","embeddable":true,"href":"https:\/\/aromasentia.com\/nl\/wp-json\/wp\/v2\/product_tag?post=244259"}],"curies":[{"name":"wp","href":"https:\/\/api.w.org\/{rel}","templated":true}]}}