{"id":243231,"date":"2025-03-20T15:01:07","date_gmt":"2025-03-20T15:01:07","guid":{"rendered":"https:\/\/aromasentia.com\/product\/warm-and-uplifting-1kg-massage-oil\/"},"modified":"2025-06-22T22:20:47","modified_gmt":"2025-06-22T22:20:47","slug":"warm-en-opbeurend-massage-bad-olie-1l","status":"publish","type":"product","link":"https:\/\/aromasentia.com\/nl\/warm-en-opbeurend-massage-bad-olie-1l\/","title":{"rendered":"Warm en Opbeurend Massage &#038; Bad Olie &#8211; 1L"},"content":{"rendered":"<p>Verhoog je humeur en geest met onze Warme en Opbeurende Massageolie van 1 kg. Deze heerlijke mix is gemaakt met heldere, vrolijke essenti\u00eble oli\u00ebn die ontworpen zijn om somberheid te verdrijven, positiviteit te bevorderen en een gevoel van vreugdevol welzijn te cre\u00ebren. De voedende basisoli\u00ebn zorgen voor een luxueus glijvermogen voor een geruststellende massage-ervaring. Laat het zonnige aroma je omhullen, stress wegsmelten en een gevoel van warmte en optimisme oproepen, zodat je huid zacht wordt en je geest mooi opgebeurd.<\/p>\n","protected":false},"excerpt":{"rendered":"<p>Verhoog je humeur en geest met onze Warme en Opbeurende Massageolie van 1 kg. Deze heerlijke mix is gemaakt met heldere, vrolijke essenti\u00eble oli\u00ebn die ontworpen zijn om somberheid te verdrijven, positiviteit te bevorderen en een gevoel van vreugdevol welzijn te cre\u00ebren. De voedende basisoli\u00ebn zorgen voor een luxueus glijvermogen voor een geruststellende massage-ervaring. Laat [&hellip;]<\/p>\n","protected":false},"featured_media":265111,"comment_status":"closed","ping_status":"open","template":"","meta":{"_angie_page":false},"product_brand":[],"product_cat":[19438,24039],"product_tag":[],"class_list":{"0":"post-243231","1":"product","2":"type-product","3":"status-publish","4":"has-post-thumbnail","6":"product_cat-bad-en-douche","7":"product_cat-massage-olien","8":"pa_collection-massage-and-bath-oils-1kg-nl","9":"pa_made-in-verenigd-koninkrijk","11":"first","12":"instock","13":"purchasable","14":"product-type-simple"},"supplier_id":null,"supplier_sku":"MOB-09","barcode":null,"atum_controlled":true,"out_stock_date":null,"out_stock_threshold":null,"inheritable":false,"inbound_stock":null,"stock_on_hold":0,"sold_today":0,"sales_last_days":0,"reserved_stock":null,"customer_returns":null,"warehouse_damage":null,"lost_in_post":null,"other_logs":null,"out_stock_days":0,"lost_sales":0,"has_location":null,"update_date":"2026-04-29T05:08:19","atum_locations":[],"atum_stock_status":"instock","restock_status":false,"low_stock_amount":"","sales_update_date":"2026-01-30T01:24:32","calc_backorders":null,"_links":{"self":[{"href":"https:\/\/aromasentia.com\/nl\/wp-json\/wp\/v2\/product\/243231","targetHints":{"allow":["GET"]}}],"collection":[{"href":"https:\/\/aromasentia.com\/nl\/wp-json\/wp\/v2\/product"}],"about":[{"href":"https:\/\/aromasentia.com\/nl\/wp-json\/wp\/v2\/types\/product"}],"replies":[{"embeddable":true,"href":"https:\/\/aromasentia.com\/nl\/wp-json\/wp\/v2\/comments?post=243231"}],"version-history":[{"count":0,"href":"https:\/\/aromasentia.com\/nl\/wp-json\/wp\/v2\/product\/243231\/revisions"}],"wp:featuredmedia":[{"embeddable":true,"href":"https:\/\/aromasentia.com\/nl\/wp-json\/wp\/v2\/media\/265111"}],"wp:attachment":[{"href":"https:\/\/aromasentia.com\/nl\/wp-json\/wp\/v2\/media?parent=243231"}],"wp:term":[{"taxonomy":"product_brand","embeddable":true,"href":"https:\/\/aromasentia.com\/nl\/wp-json\/wp\/v2\/product_brand?post=243231"},{"taxonomy":"product_cat","embeddable":true,"href":"https:\/\/aromasentia.com\/nl\/wp-json\/wp\/v2\/product_cat?post=243231"},{"taxonomy":"product_tag","embeddable":true,"href":"https:\/\/aromasentia.com\/nl\/wp-json\/wp\/v2\/product_tag?post=243231"}],"curies":[{"name":"wp","href":"https:\/\/api.w.org\/{rel}","templated":true}]}}