{"id":242887,"date":"2025-03-20T15:12:55","date_gmt":"2025-03-20T15:12:55","guid":{"rendered":"https:\/\/aromasentia.com\/product\/organic-avocado-oil-1-litre\/"},"modified":"2025-06-22T22:20:02","modified_gmt":"2025-06-22T22:20:02","slug":"biologische-avocado-olie-1-liter","status":"publish","type":"product","link":"https:\/\/aromasentia.com\/nl\/biologische-avocado-olie-1-liter\/","title":{"rendered":"Biologische Avocado Olie 1 Liter"},"content":{"rendered":"<p>Draagoli\u00ebn, vaak aangeduid als basisoli\u00ebn, zijn oli\u00ebn waarmee essenti\u00eble of geurolie\u00ebn verdund kunnen worden en in uw huid &#39;gedragen&#39; kunnen worden.<\/p>\n<p>De Biologische Avocado Draagolie die wij verkopen is premium en koudgeperst, waardoor u de meest actieve, zeer krachtige en milieuvriendelijke schoonheids-, aromatherapie- of cosmetische producten kunt hebben die uw geld kan kopen. Ze zijn vrij van pesticiden, herbiciden en synthetische meststoffen, en dus worden ze als veilig voor het milieu en veilig in cosmetische formuleringen beschouwd.<\/p>\n<p>Rijk aan vitamines A, D, en E, voedt avocado-olie de huid diep, bevordert de synthese van collageen en helpt het verschijnen van veroudering te verminderen.<\/p>\n<p>Latijnse naam: Persea gratissima Afkomstig van: Vrucht Voordelen: Diep hydraterend, vermindert rimpels en bevordert de collageenproductie. Huidtype: Geweldig voor droge, uitgedroogde of rijpere huid.<\/p>\n","protected":false},"excerpt":{"rendered":"<p>Draagoli\u00ebn, vaak aangeduid als basisoli\u00ebn, zijn oli\u00ebn waarmee essenti\u00eble of geurolie\u00ebn verdund kunnen worden en in uw huid &#39;gedragen&#39; kunnen worden. De Biologische Avocado Draagolie die wij verkopen is premium en koudgeperst, waardoor u de meest actieve, zeer krachtige en milieuvriendelijke schoonheids-, aromatherapie- of cosmetische producten kunt hebben die uw geld kan kopen. Ze zijn [&hellip;]<\/p>\n","protected":false},"featured_media":267205,"comment_status":"closed","ping_status":"open","template":"","meta":{"_angie_page":false},"product_brand":[],"product_cat":[16445,23923],"product_tag":[],"class_list":{"0":"post-242887","1":"product","2":"type-product","3":"status-publish","4":"has-post-thumbnail","6":"product_cat-aromatherapie-en-geur","7":"product_cat-basis-olien","8":"pa_collection-bulk-organic-carrier-oils-nl","9":"pa_made-in-zuid-afrika","11":"first","12":"instock","13":"purchasable","14":"product-type-simple"},"supplier_id":null,"supplier_sku":"OrgBOz-05","barcode":null,"atum_controlled":true,"out_stock_date":null,"out_stock_threshold":null,"inheritable":false,"inbound_stock":null,"stock_on_hold":0,"sold_today":0,"sales_last_days":0,"reserved_stock":null,"customer_returns":null,"warehouse_damage":null,"lost_in_post":null,"other_logs":null,"out_stock_days":0,"lost_sales":0,"has_location":null,"update_date":"2026-04-27T07:16:49","atum_locations":[],"atum_stock_status":"instock","restock_status":false,"low_stock_amount":"","sales_update_date":"2026-01-30T01:26:05","calc_backorders":null,"_links":{"self":[{"href":"https:\/\/aromasentia.com\/nl\/wp-json\/wp\/v2\/product\/242887","targetHints":{"allow":["GET"]}}],"collection":[{"href":"https:\/\/aromasentia.com\/nl\/wp-json\/wp\/v2\/product"}],"about":[{"href":"https:\/\/aromasentia.com\/nl\/wp-json\/wp\/v2\/types\/product"}],"replies":[{"embeddable":true,"href":"https:\/\/aromasentia.com\/nl\/wp-json\/wp\/v2\/comments?post=242887"}],"version-history":[{"count":0,"href":"https:\/\/aromasentia.com\/nl\/wp-json\/wp\/v2\/product\/242887\/revisions"}],"wp:featuredmedia":[{"embeddable":true,"href":"https:\/\/aromasentia.com\/nl\/wp-json\/wp\/v2\/media\/267205"}],"wp:attachment":[{"href":"https:\/\/aromasentia.com\/nl\/wp-json\/wp\/v2\/media?parent=242887"}],"wp:term":[{"taxonomy":"product_brand","embeddable":true,"href":"https:\/\/aromasentia.com\/nl\/wp-json\/wp\/v2\/product_brand?post=242887"},{"taxonomy":"product_cat","embeddable":true,"href":"https:\/\/aromasentia.com\/nl\/wp-json\/wp\/v2\/product_cat?post=242887"},{"taxonomy":"product_tag","embeddable":true,"href":"https:\/\/aromasentia.com\/nl\/wp-json\/wp\/v2\/product_tag?post=242887"}],"curies":[{"name":"wp","href":"https:\/\/api.w.org\/{rel}","templated":true}]}}