{"id":242863,"date":"2025-03-20T15:12:55","date_gmt":"2025-03-20T15:12:55","guid":{"rendered":"https:\/\/aromasentia.com\/product\/organic-castor-oil-1-litre\/"},"modified":"2025-06-22T22:19:58","modified_gmt":"2025-06-22T22:19:58","slug":"biologische-castorolie-1-liter","status":"publish","type":"product","link":"https:\/\/aromasentia.com\/nl\/biologische-castorolie-1-liter\/","title":{"rendered":"Biologische Castorolie 1 Liter"},"content":{"rendered":"<p>Draagoli\u00ebn, vaak aangeduid als basisoli\u00ebn, zijn oli\u00ebn waarmee essenti\u00eble of geurolie\u00ebn verdund kunnen worden en in uw huid &#39;gedragen&#39; kunnen worden.<\/p>\n<p>De Biologische Castorolie die wij verkopen is premium en koudgeperst, waardoor u de meest actieve, zeer krachtige en milieuvriendelijke schoonheids-, aromatherapie- of cosmetische producten kunt hebben die uw geld kan kopen. Ze zijn vrij van pesticiden, herbiciden en synthetische meststoffen, en dus worden ze als veilig voor het milieu en veilig in cosmetische formuleringen beschouwd.<\/p>\n<p>Castorolie is een veelzijdige draagolie die diep in de huid doordringt om te hydrateren zonder de pori\u00ebn te verstoppen. De ricinolzuur inhoud helpt acne te bestrijden, ontsteking te verminderen en gezonde haargroei te bevorderen, waardoor het een basisproduct is in schoonheidsroutines.<\/p>\n<p><strong>Latijnse naam: <\/strong>Ricinus communis&nbsp;<\/p>\n<p><strong>Afkomstig van:<\/strong> Zaden&nbsp;<\/p>\n<p><strong>Voordelen<\/strong>: Bevordert haargroei, hydrateert de huid en vermindert acne. <strong>Huidtype<\/strong>: Geschikt voor alle huidtypes, vooral droge en acne-gevoelige huid<\/p>\n","protected":false},"excerpt":{"rendered":"<p>Draagoli\u00ebn, vaak aangeduid als basisoli\u00ebn, zijn oli\u00ebn waarmee essenti\u00eble of geurolie\u00ebn verdund kunnen worden en in uw huid &#39;gedragen&#39; kunnen worden. De Biologische Castorolie die wij verkopen is premium en koudgeperst, waardoor u de meest actieve, zeer krachtige en milieuvriendelijke schoonheids-, aromatherapie- of cosmetische producten kunt hebben die uw geld kan kopen. Ze zijn vrij [&hellip;]<\/p>\n","protected":false},"featured_media":267151,"comment_status":"closed","ping_status":"open","template":"","meta":{"_angie_page":false},"product_brand":[],"product_cat":[16445,23923],"product_tag":[],"class_list":{"0":"post-242863","1":"product","2":"type-product","3":"status-publish","4":"has-post-thumbnail","6":"product_cat-aromatherapie-en-geur","7":"product_cat-basis-olien","8":"pa_collection-bulk-organic-carrier-oils-nl","9":"pa_made-in-india","11":"first","12":"instock","13":"purchasable","14":"product-type-simple"},"supplier_id":null,"supplier_sku":"OrgBOz-11","barcode":null,"atum_controlled":true,"out_stock_date":null,"out_stock_threshold":null,"inheritable":false,"inbound_stock":null,"stock_on_hold":0,"sold_today":0,"sales_last_days":0,"reserved_stock":null,"customer_returns":null,"warehouse_damage":null,"lost_in_post":null,"other_logs":null,"out_stock_days":93,"lost_sales":0,"has_location":null,"update_date":"2026-04-27T07:16:49","atum_locations":[],"atum_stock_status":"instock","restock_status":false,"low_stock_amount":"","sales_update_date":"2026-02-06T00:01:10","calc_backorders":null,"_links":{"self":[{"href":"https:\/\/aromasentia.com\/nl\/wp-json\/wp\/v2\/product\/242863","targetHints":{"allow":["GET"]}}],"collection":[{"href":"https:\/\/aromasentia.com\/nl\/wp-json\/wp\/v2\/product"}],"about":[{"href":"https:\/\/aromasentia.com\/nl\/wp-json\/wp\/v2\/types\/product"}],"replies":[{"embeddable":true,"href":"https:\/\/aromasentia.com\/nl\/wp-json\/wp\/v2\/comments?post=242863"}],"version-history":[{"count":0,"href":"https:\/\/aromasentia.com\/nl\/wp-json\/wp\/v2\/product\/242863\/revisions"}],"wp:featuredmedia":[{"embeddable":true,"href":"https:\/\/aromasentia.com\/nl\/wp-json\/wp\/v2\/media\/267151"}],"wp:attachment":[{"href":"https:\/\/aromasentia.com\/nl\/wp-json\/wp\/v2\/media?parent=242863"}],"wp:term":[{"taxonomy":"product_brand","embeddable":true,"href":"https:\/\/aromasentia.com\/nl\/wp-json\/wp\/v2\/product_brand?post=242863"},{"taxonomy":"product_cat","embeddable":true,"href":"https:\/\/aromasentia.com\/nl\/wp-json\/wp\/v2\/product_cat?post=242863"},{"taxonomy":"product_tag","embeddable":true,"href":"https:\/\/aromasentia.com\/nl\/wp-json\/wp\/v2\/product_tag?post=242863"}],"curies":[{"name":"wp","href":"https:\/\/api.w.org\/{rel}","templated":true}]}}