{"id":242695,"date":"2025-03-20T15:13:59","date_gmt":"2025-03-20T15:13:59","guid":{"rendered":"https:\/\/aromasentia.com\/product\/cinnamon-cut-2-cm-cassia-vera-indonesia-1kg\/"},"modified":"2025-06-22T22:19:35","modified_gmt":"2025-06-22T22:19:35","slug":"kaneel-gesneden-2-cm-cassia-vera-indonesie-1kg","status":"publish","type":"product","link":"https:\/\/aromasentia.com\/nl\/kaneel-gesneden-2-cm-cassia-vera-indonesie-1kg\/","title":{"rendered":"Kaneel Gesneden 2 cm (Cassia Vera, Indonesi\u00eb) &#8211; 1Kg"},"content":{"rendered":"<p>Geef je gerechten authentieke warmte met 2 cm gesneden kaneel (Cassia Vera, Indonesi\u00eb) in deze verpakking van 1 kg. Deze handige, voorgesneden stukjes Cassia kaneel bieden een sterke, zoete en kruidige smaak, perfect voor stoofschotels, curry&#8217;s, rijstgerechten en het sudderen in dranken zoals gl\u00fchwein of gekruide cider. Deze Cassia Vera vari\u00ebteit komt uit Indonesi\u00eb en biedt een robuuste en vertrouwde kaneelervaring, ideaal voor zowel zoete als hartige toepassingen waar een pittige, aromatische specerij gewenst is.<\/p>\n","protected":false},"excerpt":{"rendered":"<p>Geef je gerechten authentieke warmte met 2 cm gesneden kaneel (Cassia Vera, Indonesi\u00eb) in deze verpakking van 1 kg. Deze handige, voorgesneden stukjes Cassia kaneel bieden een sterke, zoete en kruidige smaak, perfect voor stoofschotels, curry&#8217;s, rijstgerechten en het sudderen in dranken zoals gl\u00fchwein of gekruide cider. Deze Cassia Vera vari\u00ebteit komt uit Indonesi\u00eb en [&hellip;]<\/p>\n","protected":false},"featured_media":267757,"comment_status":"closed","ping_status":"open","template":"","meta":{"_angie_page":false},"product_brand":[],"product_cat":[16445,25840,26134,26887],"product_tag":[],"class_list":{"0":"post-242695","1":"product","2":"type-product","3":"status-publish","4":"has-post-thumbnail","6":"product_cat-aromatherapie-en-geur","7":"product_cat-geuren-aromas","8":"product_cat-kaneel","9":"product_cat-kruidig","10":"pa_collection-pure-floral-nl","11":"pa_made-in-indonesie","13":"first","14":"instock","15":"purchasable","16":"product-type-simple"},"supplier_id":null,"supplier_sku":"PF-25","barcode":null,"atum_controlled":true,"out_stock_date":null,"out_stock_threshold":null,"inheritable":false,"inbound_stock":null,"stock_on_hold":0,"sold_today":0,"sales_last_days":0,"reserved_stock":null,"customer_returns":null,"warehouse_damage":null,"lost_in_post":null,"other_logs":null,"out_stock_days":0,"lost_sales":0,"has_location":null,"update_date":"2026-04-27T07:17:58","atum_locations":[],"atum_stock_status":"instock","restock_status":false,"low_stock_amount":"","sales_update_date":"2026-02-06T00:00:50","calc_backorders":null,"_links":{"self":[{"href":"https:\/\/aromasentia.com\/nl\/wp-json\/wp\/v2\/product\/242695","targetHints":{"allow":["GET"]}}],"collection":[{"href":"https:\/\/aromasentia.com\/nl\/wp-json\/wp\/v2\/product"}],"about":[{"href":"https:\/\/aromasentia.com\/nl\/wp-json\/wp\/v2\/types\/product"}],"replies":[{"embeddable":true,"href":"https:\/\/aromasentia.com\/nl\/wp-json\/wp\/v2\/comments?post=242695"}],"version-history":[{"count":0,"href":"https:\/\/aromasentia.com\/nl\/wp-json\/wp\/v2\/product\/242695\/revisions"}],"wp:featuredmedia":[{"embeddable":true,"href":"https:\/\/aromasentia.com\/nl\/wp-json\/wp\/v2\/media\/267757"}],"wp:attachment":[{"href":"https:\/\/aromasentia.com\/nl\/wp-json\/wp\/v2\/media?parent=242695"}],"wp:term":[{"taxonomy":"product_brand","embeddable":true,"href":"https:\/\/aromasentia.com\/nl\/wp-json\/wp\/v2\/product_brand?post=242695"},{"taxonomy":"product_cat","embeddable":true,"href":"https:\/\/aromasentia.com\/nl\/wp-json\/wp\/v2\/product_cat?post=242695"},{"taxonomy":"product_tag","embeddable":true,"href":"https:\/\/aromasentia.com\/nl\/wp-json\/wp\/v2\/product_tag?post=242695"}],"curies":[{"name":"wp","href":"https:\/\/api.w.org\/{rel}","templated":true}]}}