{"id":242531,"date":"2025-03-20T15:14:21","date_gmt":"2025-03-20T15:14:21","guid":{"rendered":"https:\/\/aromasentia.com\/product\/geranium-50ml-essential-oil\/"},"modified":"2025-06-22T22:19:13","modified_gmt":"2025-06-22T22:19:13","slug":"geranium-egypte-puur-etherische-olie-50ml","status":"publish","type":"product","link":"https:\/\/aromasentia.com\/nl\/geranium-egypte-puur-etherische-olie-50ml\/","title":{"rendered":"Geranium (Egypte) Puur Etherische Olie 50ml"},"content":{"rendered":"<p><strong>Latijnse Naam<\/strong>: Pelargonium Graveolens<\/p>\n<p><strong>Gebruikt Plantdeel: <\/strong>Bladeren, stelen en bloemen<\/p>\n<p><strong>Bron<\/strong>: Egypte<\/p>\n<p><strong>Extractiemethode<\/strong>: Stoomdestillatie<\/p>\n<p>Geranium essenti\u00eble olie wordt door stoomdestillatie gewonnen uit de bladeren en stelen van de plant Pelargonium odoratissimum (appelgeranium). Het heeft een sterke geur met een bloemig aroma en hints van munt en appel. De belangrijkste eigenschap van deze olie is het vermogen om te balanceren en op te beuren, en het wordt gebruikt om zowel de geest als het lichaam in balans te brengen en een groot aantal aandoeningen te verlichten.<\/p>\n<p>Geranium essenti\u00eble olie helpt de vette en droge huid in balans te brengen en brengt ook balans in de geest, waardoor stress en angst worden verlicht. Er wordt gezegd dat het werkt op de bijnierschors, wat een balancerend effect heeft op het hormoonsysteem. Geraniumolie is gebruikt om acne, kneuzingen, brandwonden, snijwonden, dermatitis, eczeem, aambeien, ringworm, zweren, borstvergroting, oedeem, slechte bloedsomloop, keelpijn, tonsillitis, PMS, menopauzeklachten, stress en neuralgie te behandelen. De sterke geur verjaagt muggen. Voeg een paar druppels toe aan shampoo om hoofdluis te verwijderen.<\/p>\n<p>Men geloofde dat deze geraniums geesten op afstand hielden (net zoals ze muggen deden!) en daarom werden ze rond huizen als heggen geplant. De planten zijn afkomstig uit Zuid-Afrika, Reunion, Madagaskar, Egypte en Marokko en werden in de 17e eeuw ge\u00efntroduceerd in Europese landen. Hoewel er ongeveer 700 vari\u00ebteiten van de plant zijn, leveren slechts 10 essenti\u00eble olie in levensvatbare hoeveelheden. De vari\u00ebteiten die in tuinen worden geplant, produceren meestal te weinig olie om voor extractie te gebruiken.<\/p>\n","protected":false},"excerpt":{"rendered":"<p>Latijnse Naam: Pelargonium Graveolens Gebruikt Plantdeel: Bladeren, stelen en bloemen Bron: Egypte Extractiemethode: Stoomdestillatie Geranium essenti\u00eble olie wordt door stoomdestillatie gewonnen uit de bladeren en stelen van de plant Pelargonium odoratissimum (appelgeranium). Het heeft een sterke geur met een bloemig aroma en hints van munt en appel. De belangrijkste eigenschap van deze olie is het [&hellip;]<\/p>\n","protected":false},"featured_media":268090,"comment_status":"closed","ping_status":"open","template":"","meta":{"_angie_page":false},"product_brand":[27092],"product_cat":[16445,26831,23643,25840,26190],"product_tag":[],"class_list":{"0":"post-242531","1":"product","2":"type-product","3":"status-publish","4":"has-post-thumbnail","6":"product_brand-ancient-wisdom","7":"product_cat-aromatherapie-en-geur","8":"product_cat-bloemig","9":"product_cat-etherische-olien","10":"product_cat-geuren-aromas","11":"product_cat-wierook","12":"pa_collection-50ml-essential-oil-nl","13":"pa_made-in-egypte","14":"pa_size-50ml","16":"first","17":"instock","18":"purchasable","19":"product-type-simple"},"supplier_id":null,"supplier_sku":"PrEO-08","barcode":null,"atum_controlled":true,"out_stock_date":null,"out_stock_threshold":null,"inheritable":false,"inbound_stock":null,"stock_on_hold":0,"sold_today":0,"sales_last_days":0,"reserved_stock":null,"customer_returns":null,"warehouse_damage":null,"lost_in_post":null,"other_logs":null,"out_stock_days":0,"lost_sales":0,"has_location":null,"update_date":"2026-05-08T05:16:51","atum_locations":[],"atum_stock_status":"instock","restock_status":false,"low_stock_amount":"","sales_update_date":"2026-01-30T01:26:20","calc_backorders":null,"_links":{"self":[{"href":"https:\/\/aromasentia.com\/nl\/wp-json\/wp\/v2\/product\/242531","targetHints":{"allow":["GET"]}}],"collection":[{"href":"https:\/\/aromasentia.com\/nl\/wp-json\/wp\/v2\/product"}],"about":[{"href":"https:\/\/aromasentia.com\/nl\/wp-json\/wp\/v2\/types\/product"}],"replies":[{"embeddable":true,"href":"https:\/\/aromasentia.com\/nl\/wp-json\/wp\/v2\/comments?post=242531"}],"version-history":[{"count":0,"href":"https:\/\/aromasentia.com\/nl\/wp-json\/wp\/v2\/product\/242531\/revisions"}],"wp:featuredmedia":[{"embeddable":true,"href":"https:\/\/aromasentia.com\/nl\/wp-json\/wp\/v2\/media\/268090"}],"wp:attachment":[{"href":"https:\/\/aromasentia.com\/nl\/wp-json\/wp\/v2\/media?parent=242531"}],"wp:term":[{"taxonomy":"product_brand","embeddable":true,"href":"https:\/\/aromasentia.com\/nl\/wp-json\/wp\/v2\/product_brand?post=242531"},{"taxonomy":"product_cat","embeddable":true,"href":"https:\/\/aromasentia.com\/nl\/wp-json\/wp\/v2\/product_cat?post=242531"},{"taxonomy":"product_tag","embeddable":true,"href":"https:\/\/aromasentia.com\/nl\/wp-json\/wp\/v2\/product_tag?post=242531"}],"curies":[{"name":"wp","href":"https:\/\/api.w.org\/{rel}","templated":true}]}}