{"id":242507,"date":"2025-03-20T15:14:21","date_gmt":"2025-03-20T15:14:21","guid":{"rendered":"https:\/\/aromasentia.com\/product\/tea-tree-50ml-essential-oil\/"},"modified":"2025-06-22T22:19:10","modified_gmt":"2025-06-22T22:19:10","slug":"theeboom-puur-etherische-olie-50ml","status":"publish","type":"product","link":"https:\/\/aromasentia.com\/nl\/theeboom-puur-etherische-olie-50ml\/","title":{"rendered":"Theeboom Puur Etherische Olie 50ml"},"content":{"rendered":"<p><strong>Latijnse Naam:<\/strong> Melaleuca Alternifolia<\/p>\n<p><strong>Gebruikt Plantdeel: <\/strong>Bladeren &amp; Takjes<\/p>\n<p><strong>Bron<\/strong>: Australi\u00eb<\/p>\n<p><strong>Extractiemethode<\/strong>: Stoomdestillatie<\/p>\n<p>In vroege tijden werden de bladeren van deze boom blijkbaar ge\u00efnfuseerd om thee te maken, vandaar de naam. Tea tree essenti\u00eble olie is de geconcentreerde vloeibare samenstelling die door stoomdestillatie wordt gewonnen uit de bladeren van de Melaleuca alternifolia boom, die inheems is aan de noordoostkust van New South Wales, Australi\u00eb. De olie staat bekend om zijn waardevolle antiseptische en schimmelwerende eigenschappen vanwege de aanwezigheid van terpeno\u00efden, en wordt tegenwoordig in veel persoonlijke verzorgingsproducten en medicijnen gebruikt.<\/p>\n<p>Tea tree olie wordt gezegd goed te zijn voor het verlichten van congestie, verkoudheid, hoest en griep. Het wordt gebruikt om acne, schimmelinfecties, roos, vaginale infecties, aambeien en zwemmerseczeem te genezen, en men gelooft dat het pijnlijke spieren en gewrichtsblessures verzacht. Wanneer toegevoegd aan badwater helpt het bacteri\u00ebn te bestrijden. Tea tree olie is niet voor inwendig gebruik. Het wordt meestal alleen gebruikt bij volwassenen en moet uit de buurt van kinderen en huisdieren worden gehouden. Gebruik het niet als je zwanger bent of borstvoeding geeft.<\/p>\n<p>De tea tree staat al sinds de oudheid bekend om zijn medicinale eigenschappen in Oost-Australi\u00eb. Het is bekend dat de Australische aboriginals al honderden jaren de geplette bladeren gebruiken om snijwonden, brandwonden, zweren en infecties te genezen. Ze inhaleerden de oli\u00ebn van de geplette bladeren om hoesten en verkoudheden te verlichten. Ze sprenkelden deze olie op wonden en brachten er een kompres op aan. Ze infuseerden de bladeren en maakten thee om keelpijn te verzachten. Het was tussen 1920 en 1930 dat de essenti\u00eble olie van deze boom bekend werd en werd gebruikt om zijn antimicrobi\u00eble eigenschappen in Europa<\/p>\n","protected":false},"excerpt":{"rendered":"<p>Latijnse Naam: Melaleuca Alternifolia Gebruikt Plantdeel: Bladeren &amp; Takjes Bron: Australi\u00eb Extractiemethode: Stoomdestillatie In vroege tijden werden de bladeren van deze boom blijkbaar ge\u00efnfuseerd om thee te maken, vandaar de naam. Tea tree essenti\u00eble olie is de geconcentreerde vloeibare samenstelling die door stoomdestillatie wordt gewonnen uit de bladeren van de Melaleuca alternifolia boom, die inheems [&hellip;]<\/p>\n","protected":false},"featured_media":268036,"comment_status":"closed","ping_status":"open","template":"","meta":{"_angie_page":false},"product_brand":[27092],"product_cat":[16445,23643,25840,26866,26406],"product_tag":[],"class_list":{"0":"post-242507","1":"product","2":"type-product","3":"status-publish","4":"has-post-thumbnail","6":"product_brand-ancient-wisdom","7":"product_cat-aromatherapie-en-geur","8":"product_cat-etherische-olien","9":"product_cat-geuren-aromas","10":"product_cat-medicinaal-kamferachtig","11":"product_cat-tea-tree","12":"pa_collection-50ml-essential-oil-nl","13":"pa_made-in-australie","14":"pa_size-50ml","16":"first","17":"instock","18":"purchasable","19":"product-type-simple"},"supplier_id":null,"supplier_sku":"PrEO-02","barcode":null,"atum_controlled":true,"out_stock_date":null,"out_stock_threshold":null,"inheritable":false,"inbound_stock":null,"stock_on_hold":0,"sold_today":0,"sales_last_days":0,"reserved_stock":null,"customer_returns":null,"warehouse_damage":null,"lost_in_post":null,"other_logs":null,"out_stock_days":0,"lost_sales":0,"has_location":null,"update_date":"2026-05-08T05:16:51","atum_locations":[],"atum_stock_status":"instock","restock_status":false,"low_stock_amount":"","sales_update_date":"2026-01-30T01:26:15","calc_backorders":null,"_links":{"self":[{"href":"https:\/\/aromasentia.com\/nl\/wp-json\/wp\/v2\/product\/242507","targetHints":{"allow":["GET"]}}],"collection":[{"href":"https:\/\/aromasentia.com\/nl\/wp-json\/wp\/v2\/product"}],"about":[{"href":"https:\/\/aromasentia.com\/nl\/wp-json\/wp\/v2\/types\/product"}],"replies":[{"embeddable":true,"href":"https:\/\/aromasentia.com\/nl\/wp-json\/wp\/v2\/comments?post=242507"}],"version-history":[{"count":0,"href":"https:\/\/aromasentia.com\/nl\/wp-json\/wp\/v2\/product\/242507\/revisions"}],"wp:featuredmedia":[{"embeddable":true,"href":"https:\/\/aromasentia.com\/nl\/wp-json\/wp\/v2\/media\/268036"}],"wp:attachment":[{"href":"https:\/\/aromasentia.com\/nl\/wp-json\/wp\/v2\/media?parent=242507"}],"wp:term":[{"taxonomy":"product_brand","embeddable":true,"href":"https:\/\/aromasentia.com\/nl\/wp-json\/wp\/v2\/product_brand?post=242507"},{"taxonomy":"product_cat","embeddable":true,"href":"https:\/\/aromasentia.com\/nl\/wp-json\/wp\/v2\/product_cat?post=242507"},{"taxonomy":"product_tag","embeddable":true,"href":"https:\/\/aromasentia.com\/nl\/wp-json\/wp\/v2\/product_tag?post=242507"}],"curies":[{"name":"wp","href":"https:\/\/api.w.org\/{rel}","templated":true}]}}