{"id":242455,"date":"2025-03-20T15:14:41","date_gmt":"2025-03-20T15:14:41","guid":{"rendered":"https:\/\/aromasentia.com\/product\/blackpepper-50ml-essential-oil\/"},"modified":"2025-06-22T22:19:01","modified_gmt":"2025-06-22T22:19:01","slug":"zwarte-peper-puur-etherische-olie-50ml","status":"publish","type":"product","link":"https:\/\/aromasentia.com\/nl\/zwarte-peper-puur-etherische-olie-50ml\/","title":{"rendered":"Zwarte Peper Puur Etherische Olie 50ml"},"content":{"rendered":"<p><strong>Latijnse Naam<\/strong>: Piper Nigrum<\/p>\n<p><strong>Gebruikt Plantdeel: <\/strong>Peperkorrels<\/p>\n<p><strong>Bron<\/strong>: India<\/p>\n<p><strong>Extractiemethode<\/strong>: Stoomdestillatie<\/p>\n<p>Zwarte Peper Essenti\u00eble Olie is een veelzijdige olie met verschillende toepassingen en voordelen. Deze essenti\u00eble olie is rijk aan monoterpenen en sesquiterpenen, natuurlijke chemicali\u00ebn die bekend staan om hun antioxidantactiviteit en hun vermogen om het immuunsysteem te ondersteunen wanneer dat het meest nodig is. Een van de unieke eigenschappen van zwarte peper essenti\u00eble olie is het vermogen om warme sensaties te geven wanneer het topisch wordt aangebracht. Dit maakt het een perfecte olie om te gebruiken in een ontspannende massageblend.<\/p>\n<p>Heb je een goede manier nodig om ongewenste zenuwen te kalmeren? Zwarte peper essenti\u00eble olie is een geweldige manier om angstige gevoelens te verlichten. Wanneer aromatisch gebruikt, kan zwarte peper essenti\u00eble olie helpen om gespannen emoties te verzachten.<\/p>\n","protected":false},"excerpt":{"rendered":"<p>Latijnse Naam: Piper Nigrum Gebruikt Plantdeel: Peperkorrels Bron: India Extractiemethode: Stoomdestillatie Zwarte Peper Essenti\u00eble Olie is een veelzijdige olie met verschillende toepassingen en voordelen. Deze essenti\u00eble olie is rijk aan monoterpenen en sesquiterpenen, natuurlijke chemicali\u00ebn die bekend staan om hun antioxidantactiviteit en hun vermogen om het immuunsysteem te ondersteunen wanneer dat het meest nodig is. [&hellip;]<\/p>\n","protected":false},"featured_media":268169,"comment_status":"closed","ping_status":"open","template":"","meta":{"_angie_page":false},"product_brand":[27092],"product_cat":[16445,23643,25840,26887,26110],"product_tag":[],"class_list":{"0":"post-242455","1":"product","2":"type-product","3":"status-publish","4":"has-post-thumbnail","6":"product_brand-ancient-wisdom","7":"product_cat-aromatherapie-en-geur","8":"product_cat-etherische-olien","9":"product_cat-geuren-aromas","10":"product_cat-kruidig","11":"product_cat-zwarte-peper","12":"pa_collection-50ml-essential-oil-nl","13":"pa_made-in-india","14":"pa_size-50ml","16":"first","17":"instock","18":"purchasable","19":"product-type-simple"},"supplier_id":null,"supplier_sku":"PrEO-15","barcode":null,"atum_controlled":true,"out_stock_date":null,"out_stock_threshold":null,"inheritable":false,"inbound_stock":null,"stock_on_hold":0,"sold_today":0,"sales_last_days":0,"reserved_stock":null,"customer_returns":null,"warehouse_damage":null,"lost_in_post":null,"other_logs":null,"out_stock_days":0,"lost_sales":0,"has_location":null,"update_date":"2026-04-29T01:07:01","atum_locations":[],"atum_stock_status":"instock","restock_status":false,"low_stock_amount":"","sales_update_date":"2025-09-05T00:18:00","calc_backorders":null,"_links":{"self":[{"href":"https:\/\/aromasentia.com\/nl\/wp-json\/wp\/v2\/product\/242455","targetHints":{"allow":["GET"]}}],"collection":[{"href":"https:\/\/aromasentia.com\/nl\/wp-json\/wp\/v2\/product"}],"about":[{"href":"https:\/\/aromasentia.com\/nl\/wp-json\/wp\/v2\/types\/product"}],"replies":[{"embeddable":true,"href":"https:\/\/aromasentia.com\/nl\/wp-json\/wp\/v2\/comments?post=242455"}],"version-history":[{"count":0,"href":"https:\/\/aromasentia.com\/nl\/wp-json\/wp\/v2\/product\/242455\/revisions"}],"wp:featuredmedia":[{"embeddable":true,"href":"https:\/\/aromasentia.com\/nl\/wp-json\/wp\/v2\/media\/268169"}],"wp:attachment":[{"href":"https:\/\/aromasentia.com\/nl\/wp-json\/wp\/v2\/media?parent=242455"}],"wp:term":[{"taxonomy":"product_brand","embeddable":true,"href":"https:\/\/aromasentia.com\/nl\/wp-json\/wp\/v2\/product_brand?post=242455"},{"taxonomy":"product_cat","embeddable":true,"href":"https:\/\/aromasentia.com\/nl\/wp-json\/wp\/v2\/product_cat?post=242455"},{"taxonomy":"product_tag","embeddable":true,"href":"https:\/\/aromasentia.com\/nl\/wp-json\/wp\/v2\/product_tag?post=242455"}],"curies":[{"name":"wp","href":"https:\/\/api.w.org\/{rel}","templated":true}]}}