{"id":242451,"date":"2025-03-20T15:14:41","date_gmt":"2025-03-20T15:14:41","guid":{"rendered":"https:\/\/aromasentia.com\/product\/bergamot-fcf-50ml-essential-oil\/"},"modified":"2025-06-22T22:19:01","modified_gmt":"2025-06-22T22:19:01","slug":"bergamot-fcf-puur-etherische-olie-50ml","status":"publish","type":"product","link":"https:\/\/aromasentia.com\/nl\/bergamot-fcf-puur-etherische-olie-50ml\/","title":{"rendered":"Bergamot (FCF) Puur Etherische Olie 50ml"},"content":{"rendered":"<p><strong>Latijnse Naam:<\/strong> Citrus Bergamia<\/p>\n<p><strong>Gebruikt Plantdeel: <\/strong>Vruchtenschil<\/p>\n<p><strong>Bron<\/strong>: Ivoorkust<\/p>\n<p><strong>Extractiemethode<\/strong>: Koude persing<\/p>\n<p>Bergamot essenti\u00eble olie wordt door koude persing gewonnen uit de rijpe en onrijpe vruchten van de bergamot sinaasappelboom. Deze essenti\u00eble olie, die citrusachtig maar toch zoet ruikt, is geweldig om een ontspannen en gelukkig gevoel te cre\u00ebren. Het is nuttig bij de behandeling van urineweginfecties, huidproblemen en het stimuleert de functies van de lever, milt en maag.<\/p>\n<p>Bergamot essenti\u00eble olie wordt in aromatherapie gebruikt om depressie, stress, spanning, weinig zelfvertrouwen, angst en hysterie te behandelen. Het is nuttig bij het genezen van huidinfecties zoals algemene wonden, psoriasis, koortslip en eczeem. Deze olie zou helpen bij mensen die lijden aan SAD (Seasonal Affected Disorder), PMS, dwangmatig eten, postnatale depressie, verkoudheid en griep. Bergamotolie is een favoriet in aromatherapie en wordt gebruikt in verdampers, massages en gemengd in badwater. Experts adviseren voorzichtigheid bij het gebruik van deze olie op de gevoelige huid als deze na toepassing aan zonlicht wordt blootgesteld, omdat dit brandwonden kan veroorzaken. Blijf uit de zon als deze olie op de huid is gebruikt.<\/p>\n<p>De naam Bergamot is afgeleid van de stad Bergamo in Lombardije, Itali\u00eb, waar de olie voor het eerst werd verkocht. Het wordt sinds de 16e eeuw verbouwd in mediterrane landen zoals Itali\u00eb en Griekenland. Het wordt al lange tijd gebruikt in de parfum- en voedingsindustrie (Earl Grey thee). Terwijl de essenti\u00eble olie meer recentelijk is begonnen te worden gewonnen, worden de vrucht en de essentie en smaak al honderden jaren in de traditionele geneeskunde gebruikt<\/p>\n","protected":false},"excerpt":{"rendered":"<p>Latijnse Naam: Citrus Bergamia Gebruikt Plantdeel: Vruchtenschil Bron: Ivoorkust Extractiemethode: Koude persing Bergamot essenti\u00eble olie wordt door koude persing gewonnen uit de rijpe en onrijpe vruchten van de bergamot sinaasappelboom. Deze essenti\u00eble olie, die citrusachtig maar toch zoet ruikt, is geweldig om een ontspannen en gelukkig gevoel te cre\u00ebren. Het is nuttig bij de behandeling [&hellip;]<\/p>\n","protected":false},"featured_media":268152,"comment_status":"closed","ping_status":"open","template":"","meta":{"_angie_page":false},"product_brand":[27092],"product_cat":[16445,26102,26817,23643,25840],"product_tag":[],"class_list":{"0":"post-242451","1":"product","2":"type-product","3":"status-publish","4":"has-post-thumbnail","6":"product_brand-ancient-wisdom","7":"product_cat-aromatherapie-en-geur","8":"product_cat-bergamot","9":"product_cat-citrus","10":"product_cat-etherische-olien","11":"product_cat-geuren-aromas","12":"pa_collection-50ml-essential-oil-nl","13":"pa_made-in-italie","14":"pa_size-50ml","16":"first","17":"instock","18":"purchasable","19":"product-type-simple"},"supplier_id":null,"supplier_sku":"PrEO-14","barcode":null,"atum_controlled":true,"out_stock_date":null,"out_stock_threshold":null,"inheritable":false,"inbound_stock":0,"stock_on_hold":0,"sold_today":0,"sales_last_days":0,"reserved_stock":0,"customer_returns":0,"warehouse_damage":0,"lost_in_post":0,"other_logs":0,"out_stock_days":0,"lost_sales":0,"has_location":false,"update_date":"2026-05-08T05:16:51","atum_locations":[],"atum_stock_status":"instock","restock_status":false,"low_stock_amount":"","sales_update_date":"2026-01-30T01:26:15","calc_backorders":null,"_links":{"self":[{"href":"https:\/\/aromasentia.com\/nl\/wp-json\/wp\/v2\/product\/242451","targetHints":{"allow":["GET"]}}],"collection":[{"href":"https:\/\/aromasentia.com\/nl\/wp-json\/wp\/v2\/product"}],"about":[{"href":"https:\/\/aromasentia.com\/nl\/wp-json\/wp\/v2\/types\/product"}],"replies":[{"embeddable":true,"href":"https:\/\/aromasentia.com\/nl\/wp-json\/wp\/v2\/comments?post=242451"}],"version-history":[{"count":0,"href":"https:\/\/aromasentia.com\/nl\/wp-json\/wp\/v2\/product\/242451\/revisions"}],"wp:featuredmedia":[{"embeddable":true,"href":"https:\/\/aromasentia.com\/nl\/wp-json\/wp\/v2\/media\/268152"}],"wp:attachment":[{"href":"https:\/\/aromasentia.com\/nl\/wp-json\/wp\/v2\/media?parent=242451"}],"wp:term":[{"taxonomy":"product_brand","embeddable":true,"href":"https:\/\/aromasentia.com\/nl\/wp-json\/wp\/v2\/product_brand?post=242451"},{"taxonomy":"product_cat","embeddable":true,"href":"https:\/\/aromasentia.com\/nl\/wp-json\/wp\/v2\/product_cat?post=242451"},{"taxonomy":"product_tag","embeddable":true,"href":"https:\/\/aromasentia.com\/nl\/wp-json\/wp\/v2\/product_tag?post=242451"}],"curies":[{"name":"wp","href":"https:\/\/api.w.org\/{rel}","templated":true}]}}