{"id":241355,"date":"2025-03-20T16:19:41","date_gmt":"2025-03-20T16:19:41","guid":{"rendered":"https:\/\/aromasentia.com\/product\/aromatherapy-shower-steamer-80g-steamy-shower\/"},"modified":"2025-06-22T22:16:33","modified_gmt":"2025-06-22T22:16:33","slug":"aromatherapie-douchestomer-80g-stomende-douche","status":"publish","type":"product","link":"https:\/\/aromasentia.com\/nl\/aromatherapie-douchestomer-80g-stomende-douche\/","title":{"rendered":"Aromatherapie Douchestomer 80g &#8211; Stomende Douche"},"content":{"rendered":"<h2 style=\"text-align: justify;\"><span style=\"color: rgb(40, 50, 78);\">Wholesale Shower Steamer &#8211; Steamy Shower<\/span><\/h2>\n<p style=\"text-align: justify;\"><span style=\"color: rgb(40, 50, 78);\">Plaats de stomer op de vloer van je douche en laat de stoom <strong>de essenti\u00eble oli\u00ebn<\/strong> activeren, <strong>cre\u00ebr een revitaliserende<\/strong> en <strong>stoomachtige sfeer<\/strong>. De verkwikkende geur zal je zintuigen helpen ontwaken, waardoor je je verfrist voelt en klaar bent om de dag aan te pakken.<\/span><\/p>\n<p style=\"text-align: justify;\"><span style=\"color: rgb(40, 50, 78);\">Onze 16x Aromatherapy Shower Steamer 70g &#8211; Steamy Shower is het <strong>perfecte product om aan te bieden in je spa<\/strong> of <strong>schoonheidsinstituut<\/strong>. Klanten zullen dol zijn op de unieke douche-ervaring en terugkomen voor meer. Bovendien zijn deze stoommachines een geweldige aanvulling op <strong>geschenkmanden<\/strong> of <strong>als aparte cadeaus<\/strong> voor de liefhebber van aromatherapie in je leven.<\/span><\/p>\n<p style=\"text-align: justify;\"><span style=\"color: rgb(40, 50, 78);\"><strong>Don&#39;t miss out on the opportunity to take your business<\/strong> <strong>to the next level<\/strong> met onze <a href=\"https:\/\/aromasentia.com\/aross\" rel=\"noopener noreferrer\" target=\"_blank\">groothandel douchesteamers<\/a> en <a href=\"https:\/\/aromasentia.com\/wholesale-bath-bombs-uk\">groothandel badbommen zonder minimumbestelling<\/a>.<\/span><\/p>\n","protected":false},"excerpt":{"rendered":"<p>Wholesale Shower Steamer &#8211; Steamy Shower Plaats de stomer op de vloer van je douche en laat de stoom de essenti\u00eble oli\u00ebn activeren, cre\u00ebr een revitaliserende en stoomachtige sfeer. De verkwikkende geur zal je zintuigen helpen ontwaken, waardoor je je verfrist voelt en klaar bent om de dag aan te pakken. Onze 16x Aromatherapy Shower [&hellip;]<\/p>\n","protected":false},"featured_media":273437,"comment_status":"closed","ping_status":"open","template":"","meta":{"_angie_page":false},"product_brand":[],"product_cat":[19438,20503],"product_tag":[],"class_list":{"0":"post-241355","1":"product","2":"type-product","3":"status-publish","4":"has-post-thumbnail","6":"product_cat-bad-en-douche","7":"product_cat-badbommen","8":"pa_collection-aromatherapy-shower-steamers-nl","9":"pa_made-in-verenigd-koninkrijk","10":"pa_size-80g","12":"first","13":"instock","14":"purchasable","15":"product-type-simple"},"supplier_id":null,"supplier_sku":"AROSS-05a","barcode":null,"atum_controlled":true,"out_stock_date":null,"out_stock_threshold":null,"inheritable":false,"inbound_stock":null,"stock_on_hold":0,"sold_today":0,"sales_last_days":0,"reserved_stock":null,"customer_returns":null,"warehouse_damage":null,"lost_in_post":null,"other_logs":null,"out_stock_days":0,"lost_sales":0,"has_location":null,"update_date":"2026-04-27T06:50:47","atum_locations":[],"atum_stock_status":"instock","restock_status":false,"low_stock_amount":"","sales_update_date":"2025-10-09T03:23:29","calc_backorders":null,"_links":{"self":[{"href":"https:\/\/aromasentia.com\/nl\/wp-json\/wp\/v2\/product\/241355","targetHints":{"allow":["GET"]}}],"collection":[{"href":"https:\/\/aromasentia.com\/nl\/wp-json\/wp\/v2\/product"}],"about":[{"href":"https:\/\/aromasentia.com\/nl\/wp-json\/wp\/v2\/types\/product"}],"replies":[{"embeddable":true,"href":"https:\/\/aromasentia.com\/nl\/wp-json\/wp\/v2\/comments?post=241355"}],"version-history":[{"count":0,"href":"https:\/\/aromasentia.com\/nl\/wp-json\/wp\/v2\/product\/241355\/revisions"}],"wp:featuredmedia":[{"embeddable":true,"href":"https:\/\/aromasentia.com\/nl\/wp-json\/wp\/v2\/media\/273437"}],"wp:attachment":[{"href":"https:\/\/aromasentia.com\/nl\/wp-json\/wp\/v2\/media?parent=241355"}],"wp:term":[{"taxonomy":"product_brand","embeddable":true,"href":"https:\/\/aromasentia.com\/nl\/wp-json\/wp\/v2\/product_brand?post=241355"},{"taxonomy":"product_cat","embeddable":true,"href":"https:\/\/aromasentia.com\/nl\/wp-json\/wp\/v2\/product_cat?post=241355"},{"taxonomy":"product_tag","embeddable":true,"href":"https:\/\/aromasentia.com\/nl\/wp-json\/wp\/v2\/product_tag?post=241355"}],"curies":[{"name":"wp","href":"https:\/\/api.w.org\/{rel}","templated":true}]}}