{"id":241319,"date":"2025-03-20T16:19:41","date_gmt":"2025-03-20T16:19:41","guid":{"rendered":"https:\/\/aromasentia.com\/product\/tangerine-ylang-patchouli-hand-body-wash-250ml\/"},"modified":"2025-06-22T22:16:29","modified_gmt":"2025-06-22T22:16:29","slug":"4x-mandarijn-ylang-patchouli-hand-bodylotion-250ml","status":"publish","type":"product","link":"https:\/\/aromasentia.com\/nl\/4x-mandarijn-ylang-patchouli-hand-bodylotion-250ml\/","title":{"rendered":"4x Mandarijn, Ylang &#038; Patchouli Hand- &#038; Bodylotion 250ml"},"content":{"rendered":"<p>Tangerine, Ylang &#038;; Patchouli Aromatherapy Hand &amp; Body Wash is een luxe en aromatisch product dat is ontworpen om de huid te reinigen en te voeden, terwijl het ook een ontspannende en opwekkende ervaring geeft. Deze cosmetica is gemaakt met een mix van essenti\u00eble oli\u00ebn die samenwerken om een unieke en stimulerende geur te cre\u00ebren<\/p>\n<p>De mandarijn staat bekend om zijn verfrissende en opwekkende eigenschappen. Het wordt vaak gebruikt in aromatherapie om stress en angst te verminderen en om een gevoel van ontspanning te bevorderen. Ylang-ylang daarentegen is een natuurlijk afrodisiacum dat bekend staat om zijn vermogen om gevoelens van geluk en welzijn te bevorderen. De patchoeli zorgt voor een warme en aardse geur die zowel kalmerend als aardend is. Het wordt vaak gebruikt in aromatherapie om stress en angst te verminderen, maar ook om ontspanning en balans te bevorderen.<\/p>\n<p>Deze hand- en bodywash schuimt gemakkelijk op en spoelt schoon, waardoor de huid zacht, glad en verfrist aanvoelt.<\/p>\n","protected":false},"excerpt":{"rendered":"<p>Tangerine, Ylang &#038;; Patchouli Aromatherapy Hand &amp; Body Wash is een luxe en aromatisch product dat is ontworpen om de huid te reinigen en te voeden, terwijl het ook een ontspannende en opwekkende ervaring geeft. Deze cosmetica is gemaakt met een mix van essenti\u00eble oli\u00ebn die samenwerken om een unieke en stimulerende geur te cre\u00ebren [&hellip;]<\/p>\n","protected":false},"featured_media":273300,"comment_status":"closed","ping_status":"open","template":"","meta":{"_angie_page":false},"product_brand":[],"product_cat":[26824,19438,26831,26817,25840,20983,26334,26402,26441],"product_tag":[],"class_list":{"0":"post-241319","1":"product","2":"type-product","3":"status-publish","4":"has-post-thumbnail","6":"product_cat-aards-groen","7":"product_cat-bad-en-douche","8":"product_cat-bloemig","9":"product_cat-citrus","10":"product_cat-geuren-aromas","11":"product_cat-lichaamsverzorging","12":"product_cat-patchouli","13":"product_cat-tangerijn","14":"product_cat-ylang-ylang","15":"pa_collection-aromatherapy-hand-body-wash-nl","16":"pa_made-in-verenigd-koninkrijk","17":"pa_size-250ml","19":"first","20":"instock","21":"purchasable","22":"product-type-simple"},"supplier_id":null,"supplier_sku":"AHBW-02","barcode":null,"atum_controlled":true,"out_stock_date":null,"out_stock_threshold":null,"inheritable":false,"inbound_stock":null,"stock_on_hold":0,"sold_today":0,"sales_last_days":0,"reserved_stock":null,"customer_returns":null,"warehouse_damage":null,"lost_in_post":null,"other_logs":null,"out_stock_days":0,"lost_sales":0,"has_location":null,"update_date":"2026-04-27T06:50:01","atum_locations":[],"atum_stock_status":"instock","restock_status":false,"low_stock_amount":"","sales_update_date":"2026-01-30T01:25:02","calc_backorders":null,"_links":{"self":[{"href":"https:\/\/aromasentia.com\/nl\/wp-json\/wp\/v2\/product\/241319","targetHints":{"allow":["GET"]}}],"collection":[{"href":"https:\/\/aromasentia.com\/nl\/wp-json\/wp\/v2\/product"}],"about":[{"href":"https:\/\/aromasentia.com\/nl\/wp-json\/wp\/v2\/types\/product"}],"replies":[{"embeddable":true,"href":"https:\/\/aromasentia.com\/nl\/wp-json\/wp\/v2\/comments?post=241319"}],"version-history":[{"count":0,"href":"https:\/\/aromasentia.com\/nl\/wp-json\/wp\/v2\/product\/241319\/revisions"}],"wp:featuredmedia":[{"embeddable":true,"href":"https:\/\/aromasentia.com\/nl\/wp-json\/wp\/v2\/media\/273300"}],"wp:attachment":[{"href":"https:\/\/aromasentia.com\/nl\/wp-json\/wp\/v2\/media?parent=241319"}],"wp:term":[{"taxonomy":"product_brand","embeddable":true,"href":"https:\/\/aromasentia.com\/nl\/wp-json\/wp\/v2\/product_brand?post=241319"},{"taxonomy":"product_cat","embeddable":true,"href":"https:\/\/aromasentia.com\/nl\/wp-json\/wp\/v2\/product_cat?post=241319"},{"taxonomy":"product_tag","embeddable":true,"href":"https:\/\/aromasentia.com\/nl\/wp-json\/wp\/v2\/product_tag?post=241319"}],"curies":[{"name":"wp","href":"https:\/\/api.w.org\/{rel}","templated":true}]}}