{"id":240615,"date":"2025-03-20T16:31:41","date_gmt":"2025-03-20T16:31:41","guid":{"rendered":"https:\/\/aromasentia.com\/product\/chakra-bath-salt-gift-pack-of-7\/"},"modified":"2025-06-22T22:14:50","modified_gmt":"2025-06-22T22:14:50","slug":"chakra-badzout-cadeauverpakking-van-7","status":"publish","type":"product","link":"https:\/\/aromasentia.com\/nl\/chakra-badzout-cadeauverpakking-van-7\/","title":{"rendered":"Chakra Badzout &#8211; Cadeauverpakking van 7"},"content":{"rendered":"<p>Ontdek de kracht van zelfontdekking met deze prachtige collectie aromatherapie Chakra Badzout Vials, ontworpen om de energieke centra van het lichaam in balans te brengen en te harmoniseren.<\/p>\n<p>Deze exclusieve collectie bevat zeven verschillende badzouten, elk afgestemd op een specifieke chakra. Gemaakt van hoogwaardige essenti\u00eble oli\u00ebn.<\/p>\n<ul>\n<li>\n<p><strong>Kruinchakra Badzout: <\/strong>Doordrenkt met een verfrissende pepermunt essenti\u00eble olie, deze fizzer is bedoeld om je Kruinchakra te stimuleren.<\/p>\n<\/li>\n<li>\n<p><strong>Derde Oogchakra Badzout: <\/strong>Vind sereniteit en innerlijke rust met de kalmerende essentie van lavendel essenti\u00eble olie.<\/p>\n<\/li>\n<li>\n<p><strong>Keelchakra Badzout:<\/strong> Omarm duidelijke communicatie met de verkwikkende mix van eucalyptus en citroen essenti\u00eble oli\u00ebn.<\/p>\n<\/li>\n<li>\n<p><strong>Hartchakra Badzout: <\/strong>Koester het centrum van liefde en compassie met de harmonieuze mix van kamille en grapefruit essenti\u00eble oli\u00ebn.<\/p>\n<\/li>\n<li>\n<p><strong>Zonnevlechtchakra <\/strong>Badzout: Ontdek innerlijke harmonie en verminder stress met de opmerkelijke kracht van Ylang Ylang essenti\u00eble olie.<\/p>\n<\/li>\n<li>\n<p><strong>Sacraalchakra Badzout: <\/strong>Ontketen je creatieve geest met het dynamische duo van zoete sinaasappel en kaneel essenti\u00eble oli\u00ebn.<\/p>\n<\/li>\n<li>\n<p><strong>Wortelchakra Badzout<\/strong>: Vind kracht en stabiliteit met de aardende mix van bergamot en groene munt essenti\u00eble oli\u00ebn.<\/p>\n<\/li>\n<\/ul>\n<p>Ingredi\u00ebnten:<\/p>\n<p><strong>KRUNCHAKRA<\/strong>: Maris Sal, Mentha Piperita Oil, CI 18050, Butyrospermum Parkii Butter, Aqua, CI 45430, CI 42090, Limonene<\/p>\n<p><strong>DERDE OOGCHAKRA<\/strong>: Maris Sal, Lavandula Angustifolia Oil, Butyrospermum Parkii Butter, Aqua, CI 42090, Linalool, Limonene<\/p>\n<p><strong>KEELCHAKRA: <\/strong>Maris Sal, Citrus Limon Peel Oil, Eucalyptus Globulus Leaf Oil, Butyrospermum Parkii Butter, Aqua, CI 42090, Limonene, Citral<\/p>\n<p><strong>HARTCHAKRA<\/strong>: Maris Sal, CI 19140, Citrus Paradisi Peel Oil, Anthemis Nobilis Flower Oil, Butyrospermum Parkii Butter, Aqua, CI 42090, Limonene<\/p>\n<p><strong>ZONNEVLECHTCHAKRA<\/strong>: Maris Sal, Cananga Odorata Flower Oil, Butyrospermum Parkii Butter, Aqua, CI 19140, Benzyl Salicylate, Farnesol<\/p>\n<p><strong>SACRAALCHAKRA<\/strong>: Maris Sal, Citrus Sinensis Peel Oil, Citrus Limon Peel Oil, Butyrospermum Parkii Butter, Aqua, CI 19140, CI 15985, Limonene, Linalool, Eugenol, Citral<\/p>\n<p><strong>WORTELCHAKRA<\/strong>: Maris Sal, CI 18050, Citrus Bergamia Fruit Oil, CI 19140, Mentha Spicata Herb Oil, Butyrospermum Parkii Butter, Aqua, CI 45430, Limonene, Linalool<\/p>\n","protected":false},"excerpt":{"rendered":"<p>Ontdek de kracht van zelfontdekking met deze prachtige collectie aromatherapie Chakra Badzout Vials, ontworpen om de energieke centra van het lichaam in balans te brengen en te harmoniseren. Deze exclusieve collectie bevat zeven verschillende badzouten, elk afgestemd op een specifieke chakra. Gemaakt van hoogwaardige essenti\u00eble oli\u00ebn. Kruinchakra Badzout: Doordrenkt met een verfrissende pepermunt essenti\u00eble olie, [&hellip;]<\/p>\n","protected":false},"featured_media":279564,"comment_status":"closed","ping_status":"open","template":"","meta":{"_angie_page":false},"product_brand":[],"product_cat":[19438,20679,20504],"product_tag":[],"class_list":{"0":"post-240615","1":"product","2":"type-product","3":"status-publish","4":"has-post-thumbnail","6":"product_cat-bad-en-douche","7":"product_cat-badzout","8":"product_cat-geschenksets","9":"pa_collection-bath-salts-in-vials-gift-pack-of-7-nl","10":"pa_made-in-verenigd-koninkrijk","12":"first","13":"instock","14":"purchasable","15":"product-type-simple"},"supplier_id":null,"supplier_sku":"BSV-02","barcode":null,"atum_controlled":true,"out_stock_date":null,"out_stock_threshold":null,"inheritable":false,"inbound_stock":null,"stock_on_hold":0,"sold_today":0,"sales_last_days":0,"reserved_stock":null,"customer_returns":null,"warehouse_damage":null,"lost_in_post":null,"other_logs":null,"out_stock_days":0,"lost_sales":0,"has_location":null,"update_date":"2026-04-27T06:55:48","atum_locations":[],"atum_stock_status":"instock","restock_status":false,"low_stock_amount":"","sales_update_date":"2025-10-09T03:27:00","calc_backorders":null,"_links":{"self":[{"href":"https:\/\/aromasentia.com\/nl\/wp-json\/wp\/v2\/product\/240615","targetHints":{"allow":["GET"]}}],"collection":[{"href":"https:\/\/aromasentia.com\/nl\/wp-json\/wp\/v2\/product"}],"about":[{"href":"https:\/\/aromasentia.com\/nl\/wp-json\/wp\/v2\/types\/product"}],"replies":[{"embeddable":true,"href":"https:\/\/aromasentia.com\/nl\/wp-json\/wp\/v2\/comments?post=240615"}],"version-history":[{"count":0,"href":"https:\/\/aromasentia.com\/nl\/wp-json\/wp\/v2\/product\/240615\/revisions"}],"wp:featuredmedia":[{"embeddable":true,"href":"https:\/\/aromasentia.com\/nl\/wp-json\/wp\/v2\/media\/279564"}],"wp:attachment":[{"href":"https:\/\/aromasentia.com\/nl\/wp-json\/wp\/v2\/media?parent=240615"}],"wp:term":[{"taxonomy":"product_brand","embeddable":true,"href":"https:\/\/aromasentia.com\/nl\/wp-json\/wp\/v2\/product_brand?post=240615"},{"taxonomy":"product_cat","embeddable":true,"href":"https:\/\/aromasentia.com\/nl\/wp-json\/wp\/v2\/product_cat?post=240615"},{"taxonomy":"product_tag","embeddable":true,"href":"https:\/\/aromasentia.com\/nl\/wp-json\/wp\/v2\/product_tag?post=240615"}],"curies":[{"name":"wp","href":"https:\/\/api.w.org\/{rel}","templated":true}]}}