{"id":239499,"date":"2025-03-20T16:52:12","date_gmt":"2025-03-20T16:52:12","guid":{"rendered":"https:\/\/aromasentia.com\/product\/himalayan-bath-salt-blend-500g-clarity\/"},"modified":"2025-06-22T22:12:19","modified_gmt":"2025-06-22T22:12:19","slug":"himalayan-bad-zout-mix-500g-helderheid","status":"publish","type":"product","link":"https:\/\/aromasentia.com\/nl\/himalayan-bad-zout-mix-500g-helderheid\/","title":{"rendered":"Himalayan Bad Zout Mix 500g Helderheid"},"content":{"rendered":"<p>Helderheid: essenti\u00eble oli\u00ebn van rozemarijn salie en olijfolie<br \/>Mineraal, rijk Himalayazout doordrenkt met 100% etherische oli\u00ebn, olijfolie en droge rozemarijnkruiden.<\/p>\n<p>De genezende krachten van zoutbaden worden tot op de dag van vandaag gewaardeerd dankzij goed gedocumenteerde gezondheids voordelen zoals beschreven door oud Griekse culturen.&nbsp;<\/p>\n<p>En bij het kiezen van een zout om in te weken, heerst de pure Himalaya-vari\u00ebteit!<br \/>Omdat Himalayazout zo rijk is aan mineralen .. om precies te zijn 84 mineralen .. weken in zout water, verzacht en herstelt beschadigde huid en bevordert celvernieuwing. En door toevoeging van een extra beetje olijf, jojoba, teunisbloem en andere basisoli\u00ebn, voed en hydrateer je de huid.<\/p>\n<p>We zijn daar echter niet gestopt en hebben veel pure essenti\u00eble oli\u00ebn en droge bloemen toegevoegd om die ultieme aromatherapie-badervaring te cre\u00ebren.<\/p>\n<p>Koop dus in het groot Himalayan Bath Salt Blends om het lichaam te ontspannen, energie te geven en uw geest leeg te maken en geweldige verkopen te cre\u00ebren.<\/p>\n","protected":false},"excerpt":{"rendered":"<p>Helderheid: essenti\u00eble oli\u00ebn van rozemarijn salie en olijfolieMineraal, rijk Himalayazout doordrenkt met 100% etherische oli\u00ebn, olijfolie en droge rozemarijnkruiden. De genezende krachten van zoutbaden worden tot op de dag van vandaag gewaardeerd dankzij goed gedocumenteerde gezondheids voordelen zoals beschreven door oud Griekse culturen.&nbsp; En bij het kiezen van een zout om in te weken, heerst [&hellip;]<\/p>\n","protected":false},"featured_media":287693,"comment_status":"closed","ping_status":"open","template":"","meta":{"_angie_page":false},"product_brand":[],"product_cat":[19438,20679],"product_tag":[],"class_list":{"0":"post-239499","1":"product","2":"type-product","3":"status-publish","4":"has-post-thumbnail","6":"product_cat-bad-en-douche","7":"product_cat-badzout","8":"pa_collection-himalayan-bath-salt-blends-500g-nl","9":"pa_made-in-verenigd-koninkrijk","10":"pa_size-500g","12":"first","13":"instock","14":"purchasable","15":"product-type-simple"},"supplier_id":null,"supplier_sku":"HBathS-02","barcode":null,"atum_controlled":true,"out_stock_date":null,"out_stock_threshold":null,"inheritable":false,"inbound_stock":null,"stock_on_hold":0,"sold_today":0,"sales_last_days":0,"reserved_stock":null,"customer_returns":null,"warehouse_damage":null,"lost_in_post":null,"other_logs":null,"out_stock_days":0,"lost_sales":0,"has_location":null,"update_date":"2026-04-27T07:06:46","atum_locations":[],"atum_stock_status":"instock","restock_status":false,"low_stock_amount":"","sales_update_date":"2025-09-05T00:19:22","calc_backorders":null,"_links":{"self":[{"href":"https:\/\/aromasentia.com\/nl\/wp-json\/wp\/v2\/product\/239499","targetHints":{"allow":["GET"]}}],"collection":[{"href":"https:\/\/aromasentia.com\/nl\/wp-json\/wp\/v2\/product"}],"about":[{"href":"https:\/\/aromasentia.com\/nl\/wp-json\/wp\/v2\/types\/product"}],"replies":[{"embeddable":true,"href":"https:\/\/aromasentia.com\/nl\/wp-json\/wp\/v2\/comments?post=239499"}],"version-history":[{"count":0,"href":"https:\/\/aromasentia.com\/nl\/wp-json\/wp\/v2\/product\/239499\/revisions"}],"wp:featuredmedia":[{"embeddable":true,"href":"https:\/\/aromasentia.com\/nl\/wp-json\/wp\/v2\/media\/287693"}],"wp:attachment":[{"href":"https:\/\/aromasentia.com\/nl\/wp-json\/wp\/v2\/media?parent=239499"}],"wp:term":[{"taxonomy":"product_brand","embeddable":true,"href":"https:\/\/aromasentia.com\/nl\/wp-json\/wp\/v2\/product_brand?post=239499"},{"taxonomy":"product_cat","embeddable":true,"href":"https:\/\/aromasentia.com\/nl\/wp-json\/wp\/v2\/product_cat?post=239499"},{"taxonomy":"product_tag","embeddable":true,"href":"https:\/\/aromasentia.com\/nl\/wp-json\/wp\/v2\/product_tag?post=239499"}],"curies":[{"name":"wp","href":"https:\/\/api.w.org\/{rel}","templated":true}]}}