{"id":238535,"date":"2025-03-20T17:35:21","date_gmt":"2025-03-20T17:35:21","guid":{"rendered":"https:\/\/aromasentia.com\/product\/massage-soaps-tea-tree-aloe-vera\/"},"modified":"2025-06-22T22:10:08","modified_gmt":"2025-06-22T22:10:08","slug":"massagezepen-tea-tree-aloe-vera","status":"publish","type":"product","link":"https:\/\/aromasentia.com\/nl\/massagezepen-tea-tree-aloe-vera\/","title":{"rendered":"Massagezepen &#8211; Tea Tree &#038; Alo\u00eb Vera"},"content":{"rendered":"<h2>Ervaar verjonging: Groothandel Tea Tree &amp; Alo\u00eb Vera Massagezepen <\/h2>\n<p>Introduceer onze zorgvuldig samengestelde Groothandel Tea Tree &amp; Alo\u00eb Vera Massagezepen, samengesteld met hoogwaardige ingredi\u00ebnten voor een overvloedige en verwennende reinigingservaring. Verrijkt met de verkwikkende geur van theebomen en de voedende essentie van alo\u00eb vera, geven deze zepen je huid een verfrist, gerevitaliseerd en subtiel geparfumeerd gevoel.<\/p>\n<p>Met een doordacht ontwerp dat een massagefunctie bevat, verheffen deze zepen je badritueel. Het textuuroppervlak van de zeep zorgt voor een zachte scrub, terwijl de ergonomische vorm perfect in de hand ligt voor een verkwikkende massage-ervaring tijdens elk bad of douche. Laat de harmonieuze combinatie van massage en geur je zintuigen prikkelen en je verjongen.<\/p>\n","protected":false},"excerpt":{"rendered":"<p>Ervaar verjonging: Groothandel Tea Tree &amp; Alo\u00eb Vera Massagezepen Introduceer onze zorgvuldig samengestelde Groothandel Tea Tree &amp; Alo\u00eb Vera Massagezepen, samengesteld met hoogwaardige ingredi\u00ebnten voor een overvloedige en verwennende reinigingservaring. Verrijkt met de verkwikkende geur van theebomen en de voedende essentie van alo\u00eb vera, geven deze zepen je huid een verfrist, gerevitaliseerd en subtiel geparfumeerd [&hellip;]<\/p>\n","protected":false},"featured_media":293639,"comment_status":"closed","ping_status":"open","template":"","meta":[],"product_brand":[],"product_cat":[26577,19438,20583,26838,25840,26866,26406],"product_tag":[],"class_list":{"0":"post-238535","1":"product","2":"type-product","3":"status-publish","4":"has-post-thumbnail","6":"product_cat-aloe-vera","7":"product_cat-bad-en-douche","8":"product_cat-ecologische-zepen","9":"product_cat-fris-schoon","10":"product_cat-geuren-aromas","11":"product_cat-medicinaal-kamferachtig","12":"product_cat-tea-tree","13":"pa_made-in-verenigd-koninkrijk","15":"first","16":"instock","17":"purchasable","18":"product-type-simple"},"supplier_id":null,"supplier_sku":"MSP-02","barcode":null,"atum_controlled":true,"out_stock_date":null,"out_stock_threshold":null,"inheritable":false,"inbound_stock":null,"stock_on_hold":0,"sold_today":0,"sales_last_days":0,"reserved_stock":null,"customer_returns":null,"warehouse_damage":null,"lost_in_post":null,"other_logs":null,"out_stock_days":0,"lost_sales":0,"has_location":null,"update_date":"2026-02-06T08:24:59","atum_locations":[],"atum_stock_status":"instock","restock_status":false,"low_stock_amount":"","sales_update_date":"2025-09-05T00:20:11","calc_backorders":null,"_links":{"self":[{"href":"https:\/\/aromasentia.com\/nl\/wp-json\/wp\/v2\/product\/238535","targetHints":{"allow":["GET"]}}],"collection":[{"href":"https:\/\/aromasentia.com\/nl\/wp-json\/wp\/v2\/product"}],"about":[{"href":"https:\/\/aromasentia.com\/nl\/wp-json\/wp\/v2\/types\/product"}],"replies":[{"embeddable":true,"href":"https:\/\/aromasentia.com\/nl\/wp-json\/wp\/v2\/comments?post=238535"}],"version-history":[{"count":0,"href":"https:\/\/aromasentia.com\/nl\/wp-json\/wp\/v2\/product\/238535\/revisions"}],"wp:featuredmedia":[{"embeddable":true,"href":"https:\/\/aromasentia.com\/nl\/wp-json\/wp\/v2\/media\/293639"}],"wp:attachment":[{"href":"https:\/\/aromasentia.com\/nl\/wp-json\/wp\/v2\/media?parent=238535"}],"wp:term":[{"taxonomy":"product_brand","embeddable":true,"href":"https:\/\/aromasentia.com\/nl\/wp-json\/wp\/v2\/product_brand?post=238535"},{"taxonomy":"product_cat","embeddable":true,"href":"https:\/\/aromasentia.com\/nl\/wp-json\/wp\/v2\/product_cat?post=238535"},{"taxonomy":"product_tag","embeddable":true,"href":"https:\/\/aromasentia.com\/nl\/wp-json\/wp\/v2\/product_tag?post=238535"}],"curies":[{"name":"wp","href":"https:\/\/api.w.org\/{rel}","templated":true}]}}