{"id":233595,"date":"2025-03-22T13:29:24","date_gmt":"2025-03-22T13:29:24","guid":{"rendered":"https:\/\/aromasentia.com\/product\/gemstone-essential-oil-roller-bottle-aventurine-silver-cap-gemstone-roller-tip-for-5ml-bottle-aventurine\/"},"modified":"2025-06-22T21:58:55","modified_gmt":"2025-06-22T21:58:55","slug":"roller-fles-aventurijn-zilver-dop","status":"publish","type":"product","link":"https:\/\/aromasentia.com\/nl\/roller-fles-aventurijn-zilver-dop\/","title":{"rendered":"Roller fles- Aventurijn &#8211; Zilver dop"},"content":{"rendered":"<p>Met het roll-on flesje kunnen de oli\u00ebn precies en gemakkelijk op de huid worden aangebracht. De bol is gemaakt van glad gepolijst aventurijn. De stenen binnenin geven een uniek visueel effect en men gelooft dat ze het effect van het gegeven mengsel versterken. &nbsp;<\/p>\n<p><strong>Aventurijn<\/strong> brengt geluk, voorspoed en succes. Er wordt ook gezegd dat het helpt om in contact te komen met engelen en spirituele gidsen, waardoor het een nuttige steen is voor meditatie en spiritueel werk.<\/p>\n<p>Vul deze <strong>Gemstone Roller Bottles<\/strong> met alles waarvan je weet dat het goed verkoopt. Ze zijn perfect voor het gebruik van essenti\u00eble oli\u00ebn, parfumoli\u00ebn, DIY Sample Blends, Essence, aromatherapie en andere vloeistoffen.<\/p>\n","protected":false},"excerpt":{"rendered":"<p>Met het roll-on flesje kunnen de oli\u00ebn precies en gemakkelijk op de huid worden aangebracht. De bol is gemaakt van glad gepolijst aventurijn. De stenen binnenin geven een uniek visueel effect en men gelooft dat ze het effect van het gegeven mengsel versterken. &nbsp; Aventurijn brengt geluk, voorspoed en succes. Er wordt ook gezegd dat [&hellip;]<\/p>\n","protected":false},"featured_media":333314,"comment_status":"closed","ping_status":"open","template":"","meta":{"_angie_page":false},"product_brand":[],"product_cat":[25558,19262,25224,17259,16537],"product_tag":[],"class_list":{"0":"post-233595","1":"product","2":"type-product","3":"status-publish","4":"has-post-thumbnail","6":"product_cat-aventurijn","7":"product_cat-edelsteen-sieraden-en-accessoires","8":"product_cat-edelstenen-mineralen","9":"product_cat-esoterische-kados","10":"product_cat-flessen-en-accessoires","11":"pa_collection-gemstone-roller-bottles-and-balls-nl","12":"pa_made-in-china","14":"first","15":"outofstock","16":"purchasable","17":"product-type-simple"},"supplier_id":null,"supplier_sku":"CGRB-11","barcode":null,"atum_controlled":true,"out_stock_date":"2026-02-03 10:32:49","out_stock_threshold":null,"inheritable":false,"inbound_stock":null,"stock_on_hold":0,"sold_today":0,"sales_last_days":0,"reserved_stock":null,"customer_returns":null,"warehouse_damage":null,"lost_in_post":null,"other_logs":null,"out_stock_days":0,"lost_sales":0,"has_location":null,"update_date":"2026-04-27T06:56:56","atum_locations":[],"atum_stock_status":"outofstock","restock_status":false,"low_stock_amount":"","sales_update_date":"2026-01-20T05:13:42","calc_backorders":null,"_links":{"self":[{"href":"https:\/\/aromasentia.com\/nl\/wp-json\/wp\/v2\/product\/233595","targetHints":{"allow":["GET"]}}],"collection":[{"href":"https:\/\/aromasentia.com\/nl\/wp-json\/wp\/v2\/product"}],"about":[{"href":"https:\/\/aromasentia.com\/nl\/wp-json\/wp\/v2\/types\/product"}],"replies":[{"embeddable":true,"href":"https:\/\/aromasentia.com\/nl\/wp-json\/wp\/v2\/comments?post=233595"}],"version-history":[{"count":0,"href":"https:\/\/aromasentia.com\/nl\/wp-json\/wp\/v2\/product\/233595\/revisions"}],"wp:featuredmedia":[{"embeddable":true,"href":"https:\/\/aromasentia.com\/nl\/wp-json\/wp\/v2\/media\/333314"}],"wp:attachment":[{"href":"https:\/\/aromasentia.com\/nl\/wp-json\/wp\/v2\/media?parent=233595"}],"wp:term":[{"taxonomy":"product_brand","embeddable":true,"href":"https:\/\/aromasentia.com\/nl\/wp-json\/wp\/v2\/product_brand?post=233595"},{"taxonomy":"product_cat","embeddable":true,"href":"https:\/\/aromasentia.com\/nl\/wp-json\/wp\/v2\/product_cat?post=233595"},{"taxonomy":"product_tag","embeddable":true,"href":"https:\/\/aromasentia.com\/nl\/wp-json\/wp\/v2\/product_tag?post=233595"}],"curies":[{"name":"wp","href":"https:\/\/api.w.org\/{rel}","templated":true}]}}