{"id":233559,"date":"2025-03-22T13:29:24","date_gmt":"2025-03-22T13:29:24","guid":{"rendered":"https:\/\/aromasentia.com\/product\/gemstone-essential-oil-roller-bottle-sodalite-wooden-cap-gemstone-roller-tip-for-5ml-bottle-sodalite\/"},"modified":"2025-06-22T21:58:51","modified_gmt":"2025-06-22T21:58:51","slug":"roller-fles-sodaliet-houten-dop","status":"publish","type":"product","link":"https:\/\/aromasentia.com\/nl\/roller-fles-sodaliet-houten-dop\/","title":{"rendered":"Roller fles- Sodaliet  &#8211; Houten dop"},"content":{"rendered":"<p>Met het roll-on flesje kunnen de oli\u00ebn precies en gemakkelijk op de huid worden aangebracht. De bol is gemaakt van glad gepolijst sodaliet. <\/p>\n<p><strong>Sodaliet<\/strong> is goed voor het immuunsysteem en de stofwisseling en brengt het mineraalgehalte van het lichaam in balans. Het wordt ook beschouwd als een krachtige steen voor communicatie en zelfexpressie, die creativiteit en zelfvertrouwen stimuleert en het makkelijker maakt om jezelf uit te drukken.<\/p>\n<p>Vul deze <strong>Gemstone Roller Bottles<\/strong> met alles waarvan je weet dat het goed verkoopt. Ze zijn perfect voor het gebruik van essenti\u00eble oli\u00ebn, parfumoli\u00ebn, DIY Sample Blends, Essence, aromatherapie en andere vloeistoffen.<\/p>\n","protected":false},"excerpt":{"rendered":"<p>Met het roll-on flesje kunnen de oli\u00ebn precies en gemakkelijk op de huid worden aangebracht. De bol is gemaakt van glad gepolijst sodaliet. Sodaliet is goed voor het immuunsysteem en de stofwisseling en brengt het mineraalgehalte van het lichaam in balans. Het wordt ook beschouwd als een krachtige steen voor communicatie en zelfexpressie, die creativiteit [&hellip;]<\/p>\n","protected":false},"featured_media":332897,"comment_status":"closed","ping_status":"open","template":"","meta":{"_angie_page":false},"product_brand":[],"product_cat":[19262,25224,17259,16537,25771],"product_tag":[],"class_list":{"0":"post-233559","1":"product","2":"type-product","3":"status-publish","4":"has-post-thumbnail","6":"product_cat-edelsteen-sieraden-en-accessoires","7":"product_cat-edelstenen-mineralen","8":"product_cat-esoterische-kados","9":"product_cat-flessen-en-accessoires","10":"product_cat-sodaliet","11":"pa_collection-gemstone-roller-bottles-and-balls-nl","12":"pa_made-in-china","14":"first","15":"instock","16":"purchasable","17":"product-type-simple"},"supplier_id":null,"supplier_sku":"CGRB-02","barcode":null,"atum_controlled":true,"out_stock_date":null,"out_stock_threshold":null,"inheritable":false,"inbound_stock":null,"stock_on_hold":0,"sold_today":0,"sales_last_days":0,"reserved_stock":null,"customer_returns":null,"warehouse_damage":null,"lost_in_post":null,"other_logs":null,"out_stock_days":0,"lost_sales":0,"has_location":null,"update_date":"2026-04-27T06:56:56","atum_locations":[],"atum_stock_status":"instock","restock_status":false,"low_stock_amount":"","sales_update_date":"2026-01-30T01:25:24","calc_backorders":null,"_links":{"self":[{"href":"https:\/\/aromasentia.com\/nl\/wp-json\/wp\/v2\/product\/233559","targetHints":{"allow":["GET"]}}],"collection":[{"href":"https:\/\/aromasentia.com\/nl\/wp-json\/wp\/v2\/product"}],"about":[{"href":"https:\/\/aromasentia.com\/nl\/wp-json\/wp\/v2\/types\/product"}],"replies":[{"embeddable":true,"href":"https:\/\/aromasentia.com\/nl\/wp-json\/wp\/v2\/comments?post=233559"}],"version-history":[{"count":0,"href":"https:\/\/aromasentia.com\/nl\/wp-json\/wp\/v2\/product\/233559\/revisions"}],"wp:featuredmedia":[{"embeddable":true,"href":"https:\/\/aromasentia.com\/nl\/wp-json\/wp\/v2\/media\/332897"}],"wp:attachment":[{"href":"https:\/\/aromasentia.com\/nl\/wp-json\/wp\/v2\/media?parent=233559"}],"wp:term":[{"taxonomy":"product_brand","embeddable":true,"href":"https:\/\/aromasentia.com\/nl\/wp-json\/wp\/v2\/product_brand?post=233559"},{"taxonomy":"product_cat","embeddable":true,"href":"https:\/\/aromasentia.com\/nl\/wp-json\/wp\/v2\/product_cat?post=233559"},{"taxonomy":"product_tag","embeddable":true,"href":"https:\/\/aromasentia.com\/nl\/wp-json\/wp\/v2\/product_tag?post=233559"}],"curies":[{"name":"wp","href":"https:\/\/api.w.org\/{rel}","templated":true}]}}