{"id":230775,"date":"2025-03-22T14:18:27","date_gmt":"2025-03-22T14:18:27","guid":{"rendered":"https:\/\/aromasentia.com\/product\/30ml-amber-bottle\/"},"modified":"2025-06-22T21:52:20","modified_gmt":"2025-06-22T21:52:20","slug":"flesjes-amber-30ml","status":"publish","type":"product","link":"https:\/\/aromasentia.com\/nl\/flesjes-amber-30ml\/","title":{"rendered":"Flesjes Amber -30ml"},"content":{"rendered":"<p>Deze 30 ml Amber Glazen Flessen zijn ideaal voor een breed scala aan flessenbehoeften, waaronder essenti\u00eble oli\u00ebn en geuroli\u00ebn, waardoor je je eigen flessen kunt vullen of zelfs je eigen mix van massageoli\u00ebn kunt maken.<\/p>\n<p>Ook een uitstekende keuze voor het opslaan van vloeistoffen in verschillende industrie\u00ebn of zelfs thuis.<\/p>\n<p>De prijs is alleen inclusief de fles. Vergeet niet om ook een deksel naar keuze te bestellen.<\/p>\n<p>Deksels die op deze fles passen: <a href=\"https:\/\/aromasentia.com\/gbot-19\" rel=\"noopener noreferrer\" target=\"_blank\"><strong>GBot-19,<\/strong><\/a><strong> <a href=\"https:\/\/aromasentia.com\/gbot-09\" rel=\"noopener noreferrer\" target=\"_blank\">GBot-09 <\/a> en <a href=\"https:\/\/aromasentia.com\/gbot-24\" rel=\"noopener noreferrer\" target=\"_blank\">GBot-24<\/a>.<\/strong><\/p>\n<p>Capaciteit: 30 ml Hoogte: 7,5 cm Diameter: 3 cm Gewicht: 0,45 g<\/p>\n<p>Fles wat extra winst in, bestel vandaag nog.<\/p>\n","protected":false},"excerpt":{"rendered":"<p>Deze 30 ml Amber Glazen Flessen zijn ideaal voor een breed scala aan flessenbehoeften, waaronder essenti\u00eble oli\u00ebn en geuroli\u00ebn, waardoor je je eigen flessen kunt vullen of zelfs je eigen mix van massageoli\u00ebn kunt maken. Ook een uitstekende keuze voor het opslaan van vloeistoffen in verschillende industrie\u00ebn of zelfs thuis. De prijs is alleen inclusief [&hellip;]<\/p>\n","protected":false},"featured_media":354779,"comment_status":"closed","ping_status":"open","template":"","meta":{"_angie_page":false},"product_brand":[],"product_cat":[16445,16537,13991,18566],"product_tag":[],"class_list":{"0":"post-230775","1":"product","2":"type-product","3":"status-publish","4":"has-post-thumbnail","6":"product_cat-aromatherapie-en-geur","7":"product_cat-flessen-en-accessoires","8":"product_cat-geschenkverpakking","9":"product_cat-producten-met-white-label","10":"pa_collection-glass-bottles-accessories-nl","11":"pa_made-in-china","12":"pa_size-30ml","14":"first","15":"instock","16":"purchasable","17":"product-type-simple"},"supplier_id":null,"supplier_sku":"GBot-34","barcode":null,"atum_controlled":true,"out_stock_date":null,"out_stock_threshold":null,"inheritable":false,"inbound_stock":null,"stock_on_hold":0,"sold_today":0,"sales_last_days":0,"reserved_stock":null,"customer_returns":null,"warehouse_damage":null,"lost_in_post":null,"other_logs":null,"out_stock_days":0,"lost_sales":0,"has_location":null,"update_date":"2026-04-27T07:05:00","atum_locations":[],"atum_stock_status":"instock","restock_status":false,"low_stock_amount":"","sales_update_date":"2025-09-05T00:27:21","calc_backorders":null,"_links":{"self":[{"href":"https:\/\/aromasentia.com\/nl\/wp-json\/wp\/v2\/product\/230775","targetHints":{"allow":["GET"]}}],"collection":[{"href":"https:\/\/aromasentia.com\/nl\/wp-json\/wp\/v2\/product"}],"about":[{"href":"https:\/\/aromasentia.com\/nl\/wp-json\/wp\/v2\/types\/product"}],"replies":[{"embeddable":true,"href":"https:\/\/aromasentia.com\/nl\/wp-json\/wp\/v2\/comments?post=230775"}],"version-history":[{"count":0,"href":"https:\/\/aromasentia.com\/nl\/wp-json\/wp\/v2\/product\/230775\/revisions"}],"wp:featuredmedia":[{"embeddable":true,"href":"https:\/\/aromasentia.com\/nl\/wp-json\/wp\/v2\/media\/354779"}],"wp:attachment":[{"href":"https:\/\/aromasentia.com\/nl\/wp-json\/wp\/v2\/media?parent=230775"}],"wp:term":[{"taxonomy":"product_brand","embeddable":true,"href":"https:\/\/aromasentia.com\/nl\/wp-json\/wp\/v2\/product_brand?post=230775"},{"taxonomy":"product_cat","embeddable":true,"href":"https:\/\/aromasentia.com\/nl\/wp-json\/wp\/v2\/product_cat?post=230775"},{"taxonomy":"product_tag","embeddable":true,"href":"https:\/\/aromasentia.com\/nl\/wp-json\/wp\/v2\/product_tag?post=230775"}],"curies":[{"name":"wp","href":"https:\/\/api.w.org\/{rel}","templated":true}]}}