{"id":230747,"date":"2025-03-22T14:18:27","date_gmt":"2025-03-22T14:18:27","guid":{"rendered":"https:\/\/aromasentia.com\/product\/tamper-evident-and-child-resistant-closure\/"},"modified":"2025-06-22T21:52:17","modified_gmt":"2025-06-22T21:52:17","slug":"verzegelde-en-kindveilige-gl18-druppeldop","status":"publish","type":"product","link":"https:\/\/aromasentia.com\/nl\/verzegelde-en-kindveilige-gl18-druppeldop\/","title":{"rendered":"Verzegelde en Kindveilige GL18 Druppeldop"},"content":{"rendered":"<p><strong>Kindveilige sluitingen met druppeldispenser<\/strong>s voor flessen van 10 ml, 50 ml en 100 ml.<\/p>\n<p>We hebben een breed scala aan flessen en accessoires beschikbaar tegen groothandelsprijzen. Ideaal voor verschillende bottelbehoeften, waaronder etherische oli\u00ebn en geuroli\u00ebn, zodat je je eigen producten kunt bottelen of zelfs je eigen mix van massageoli\u00ebn kunt maken.<\/p>\n","protected":false},"excerpt":{"rendered":"<p>Kindveilige sluitingen met druppeldispensers voor flessen van 10 ml, 50 ml en 100 ml. We hebben een breed scala aan flessen en accessoires beschikbaar tegen groothandelsprijzen. Ideaal voor verschillende bottelbehoeften, waaronder etherische oli\u00ebn en geuroli\u00ebn, zodat je je eigen producten kunt bottelen of zelfs je eigen mix van massageoli\u00ebn kunt maken.<\/p>\n","protected":false},"featured_media":354644,"comment_status":"closed","ping_status":"open","template":"","meta":{"_angie_page":false},"product_brand":[],"product_cat":[16445,16537,13991,18566],"product_tag":[],"class_list":{"0":"post-230747","1":"product","2":"type-product","3":"status-publish","4":"has-post-thumbnail","6":"product_cat-aromatherapie-en-geur","7":"product_cat-flessen-en-accessoires","8":"product_cat-geschenkverpakking","9":"product_cat-producten-met-white-label","10":"pa_collection-glass-bottles-accessories-nl","11":"pa_made-in-verenigd-koninkrijk","13":"first","14":"instock","15":"purchasable","16":"product-type-simple"},"supplier_id":null,"supplier_sku":"GBot-24","barcode":null,"atum_controlled":true,"out_stock_date":null,"out_stock_threshold":null,"inheritable":false,"inbound_stock":null,"stock_on_hold":0,"sold_today":0,"sales_last_days":0,"reserved_stock":null,"customer_returns":null,"warehouse_damage":null,"lost_in_post":null,"other_logs":null,"out_stock_days":0,"lost_sales":0,"has_location":null,"update_date":"2026-05-04T00:03:55","atum_locations":[],"atum_stock_status":"instock","restock_status":false,"low_stock_amount":"","sales_update_date":"2025-09-05T00:27:20","calc_backorders":null,"_links":{"self":[{"href":"https:\/\/aromasentia.com\/nl\/wp-json\/wp\/v2\/product\/230747","targetHints":{"allow":["GET"]}}],"collection":[{"href":"https:\/\/aromasentia.com\/nl\/wp-json\/wp\/v2\/product"}],"about":[{"href":"https:\/\/aromasentia.com\/nl\/wp-json\/wp\/v2\/types\/product"}],"replies":[{"embeddable":true,"href":"https:\/\/aromasentia.com\/nl\/wp-json\/wp\/v2\/comments?post=230747"}],"version-history":[{"count":0,"href":"https:\/\/aromasentia.com\/nl\/wp-json\/wp\/v2\/product\/230747\/revisions"}],"wp:featuredmedia":[{"embeddable":true,"href":"https:\/\/aromasentia.com\/nl\/wp-json\/wp\/v2\/media\/354644"}],"wp:attachment":[{"href":"https:\/\/aromasentia.com\/nl\/wp-json\/wp\/v2\/media?parent=230747"}],"wp:term":[{"taxonomy":"product_brand","embeddable":true,"href":"https:\/\/aromasentia.com\/nl\/wp-json\/wp\/v2\/product_brand?post=230747"},{"taxonomy":"product_cat","embeddable":true,"href":"https:\/\/aromasentia.com\/nl\/wp-json\/wp\/v2\/product_cat?post=230747"},{"taxonomy":"product_tag","embeddable":true,"href":"https:\/\/aromasentia.com\/nl\/wp-json\/wp\/v2\/product_tag?post=230747"}],"curies":[{"name":"wp","href":"https:\/\/api.w.org\/{rel}","templated":true}]}}