{"id":230731,"date":"2025-03-22T14:18:27","date_gmt":"2025-03-22T14:18:27","guid":{"rendered":"https:\/\/aromasentia.com\/product\/50ml-amber-bottles\/"},"modified":"2025-06-22T21:52:15","modified_gmt":"2025-06-22T21:52:15","slug":"amber-flessen-50ml","status":"publish","type":"product","link":"https:\/\/aromasentia.com\/nl\/amber-flessen-50ml\/","title":{"rendered":"Amber Flessen 50ml"},"content":{"rendered":"<p>Ideaal voor een breed scala aan bottelbehoeften, waaronder essenti\u00eble oli\u00ebn en geuroli\u00ebn, zodat u uw eigen oli\u00ebn kunt bottelen of misschien zelfs uw eigen mengsel van massageoli\u00ebn kunt maken.<\/p>\n<p>Neem ook een deksel naar keuze mee. Elke bestelling van flesjes op deze pagina wordt NIET geleverd met een deksel.<\/p>\n<p><strong>Geschikte deksels Code: Gbot-24 Gbot-09 Gbot-05<\/strong><\/p>\n","protected":false},"excerpt":{"rendered":"<p>Ideaal voor een breed scala aan bottelbehoeften, waaronder essenti\u00eble oli\u00ebn en geuroli\u00ebn, zodat u uw eigen oli\u00ebn kunt bottelen of misschien zelfs uw eigen mengsel van massageoli\u00ebn kunt maken. Neem ook een deksel naar keuze mee. Elke bestelling van flesjes op deze pagina wordt NIET geleverd met een deksel. Geschikte deksels Code: Gbot-24 Gbot-09 Gbot-05<\/p>\n","protected":false},"featured_media":354592,"comment_status":"closed","ping_status":"open","template":"","meta":{"_angie_page":false},"product_brand":[],"product_cat":[16445,16537,13991,18566],"product_tag":[],"class_list":{"0":"post-230731","1":"product","2":"type-product","3":"status-publish","4":"has-post-thumbnail","6":"product_cat-aromatherapie-en-geur","7":"product_cat-flessen-en-accessoires","8":"product_cat-geschenkverpakking","9":"product_cat-producten-met-white-label","10":"pa_collection-glass-bottles-accessories-nl","11":"pa_made-in-china","12":"pa_size-50ml","14":"first","15":"instock","16":"purchasable","17":"product-type-simple"},"supplier_id":null,"supplier_sku":"GBot-22","barcode":null,"atum_controlled":true,"out_stock_date":null,"out_stock_threshold":null,"inheritable":false,"inbound_stock":null,"stock_on_hold":0,"sold_today":0,"sales_last_days":0,"reserved_stock":null,"customer_returns":null,"warehouse_damage":null,"lost_in_post":null,"other_logs":null,"out_stock_days":0,"lost_sales":0,"has_location":null,"update_date":"2026-04-27T07:05:00","atum_locations":[],"atum_stock_status":"instock","restock_status":false,"low_stock_amount":"","sales_update_date":"2025-09-05T00:27:19","calc_backorders":null,"_links":{"self":[{"href":"https:\/\/aromasentia.com\/nl\/wp-json\/wp\/v2\/product\/230731","targetHints":{"allow":["GET"]}}],"collection":[{"href":"https:\/\/aromasentia.com\/nl\/wp-json\/wp\/v2\/product"}],"about":[{"href":"https:\/\/aromasentia.com\/nl\/wp-json\/wp\/v2\/types\/product"}],"replies":[{"embeddable":true,"href":"https:\/\/aromasentia.com\/nl\/wp-json\/wp\/v2\/comments?post=230731"}],"version-history":[{"count":0,"href":"https:\/\/aromasentia.com\/nl\/wp-json\/wp\/v2\/product\/230731\/revisions"}],"wp:featuredmedia":[{"embeddable":true,"href":"https:\/\/aromasentia.com\/nl\/wp-json\/wp\/v2\/media\/354592"}],"wp:attachment":[{"href":"https:\/\/aromasentia.com\/nl\/wp-json\/wp\/v2\/media?parent=230731"}],"wp:term":[{"taxonomy":"product_brand","embeddable":true,"href":"https:\/\/aromasentia.com\/nl\/wp-json\/wp\/v2\/product_brand?post=230731"},{"taxonomy":"product_cat","embeddable":true,"href":"https:\/\/aromasentia.com\/nl\/wp-json\/wp\/v2\/product_cat?post=230731"},{"taxonomy":"product_tag","embeddable":true,"href":"https:\/\/aromasentia.com\/nl\/wp-json\/wp\/v2\/product_tag?post=230731"}],"curies":[{"name":"wp","href":"https:\/\/api.w.org\/{rel}","templated":true}]}}