{"id":230399,"date":"2025-03-22T14:18:40","date_gmt":"2025-03-22T14:18:40","guid":{"rendered":"https:\/\/aromasentia.com\/product\/santa-sack-do-not-open-before\/"},"modified":"2025-06-22T21:51:29","modified_gmt":"2025-06-22T21:51:29","slug":"jute-kerst-zak-do-not-open-before","status":"publish","type":"product","link":"https:\/\/aromasentia.com\/nl\/jute-kerst-zak-do-not-open-before\/","title":{"rendered":"Jute Kerst Zak &#8211; Do Not Open Before"},"content":{"rendered":"<p>Verberg de kerstcadeautjes voor uw dierbaren met de Do Not Open Before Christmas Day Jute Sack. Deze heerlijk feestelijke jutezak is sterk en stevig, zodat je hem kunt vullen met cadeautjes voor je vrienden en familie en hem ook volgend jaar opnieuw kunt gebruiken, zodat je er volop gebruik van kunt maken. Om nog maar te zwijgen van het mooie kerstontwerp. Er staat in zwart en rood geschreven: Niet open v\u00f3\u00f3r eerste kerstdag, zodat mensen weten dat ze er niet v\u00f3\u00f3r Kerstmis naar toe moeten gaan. Deze zullen een uitstekende verkoper zijn tijdens Kerstmis, omdat iedereen graag cadeautjes in een compacte ruimte bewaart, zodat ze er geen kwijtraken. Bestel net op tijd voor Kerstmis enkele van deze geweldige jutezakken. Maat: H: 76 cm; B: 55 cm<\/p>\n","protected":false},"excerpt":{"rendered":"<p>Verberg de kerstcadeautjes voor uw dierbaren met de Do Not Open Before Christmas Day Jute Sack. Deze heerlijk feestelijke jutezak is sterk en stevig, zodat je hem kunt vullen met cadeautjes voor je vrienden en familie en hem ook volgend jaar opnieuw kunt gebruiken, zodat je er volop gebruik van kunt maken. Om nog maar [&hellip;]<\/p>\n","protected":false},"featured_media":356896,"comment_status":"closed","ping_status":"open","template":"","meta":{"_angie_page":false},"product_brand":[],"product_cat":[13991,18510],"product_tag":[],"class_list":{"0":"post-230399","1":"product","2":"type-product","3":"status-publish","4":"has-post-thumbnail","6":"product_cat-geschenkverpakking","7":"product_cat-papieren-jute-en-katoen-tassen","8":"pa_collection-jute-santa-sacks-nl","9":"pa_made-in-india","11":"first","12":"outofstock","13":"purchasable","14":"product-type-simple"},"supplier_id":null,"supplier_sku":"SANTA-01","barcode":null,"atum_controlled":true,"out_stock_date":"2025-09-05 14:11:12","out_stock_threshold":null,"inheritable":false,"inbound_stock":null,"stock_on_hold":0,"sold_today":0,"sales_last_days":0,"reserved_stock":null,"customer_returns":null,"warehouse_damage":null,"lost_in_post":null,"other_logs":null,"out_stock_days":0,"lost_sales":0,"has_location":null,"update_date":"2026-04-27T07:20:24","atum_locations":[],"atum_stock_status":"outofstock","restock_status":false,"low_stock_amount":"","sales_update_date":"2025-09-05T00:28:00","calc_backorders":null,"_links":{"self":[{"href":"https:\/\/aromasentia.com\/nl\/wp-json\/wp\/v2\/product\/230399","targetHints":{"allow":["GET"]}}],"collection":[{"href":"https:\/\/aromasentia.com\/nl\/wp-json\/wp\/v2\/product"}],"about":[{"href":"https:\/\/aromasentia.com\/nl\/wp-json\/wp\/v2\/types\/product"}],"replies":[{"embeddable":true,"href":"https:\/\/aromasentia.com\/nl\/wp-json\/wp\/v2\/comments?post=230399"}],"version-history":[{"count":0,"href":"https:\/\/aromasentia.com\/nl\/wp-json\/wp\/v2\/product\/230399\/revisions"}],"wp:featuredmedia":[{"embeddable":true,"href":"https:\/\/aromasentia.com\/nl\/wp-json\/wp\/v2\/media\/356896"}],"wp:attachment":[{"href":"https:\/\/aromasentia.com\/nl\/wp-json\/wp\/v2\/media?parent=230399"}],"wp:term":[{"taxonomy":"product_brand","embeddable":true,"href":"https:\/\/aromasentia.com\/nl\/wp-json\/wp\/v2\/product_brand?post=230399"},{"taxonomy":"product_cat","embeddable":true,"href":"https:\/\/aromasentia.com\/nl\/wp-json\/wp\/v2\/product_cat?post=230399"},{"taxonomy":"product_tag","embeddable":true,"href":"https:\/\/aromasentia.com\/nl\/wp-json\/wp\/v2\/product_tag?post=230399"}],"curies":[{"name":"wp","href":"https:\/\/api.w.org\/{rel}","templated":true}]}}