{"id":226607,"date":"2025-03-22T16:06:31","date_gmt":"2025-03-22T16:06:31","guid":{"rendered":"https:\/\/aromasentia.com\/product\/med-mushroom-15cm-pastel-hearts\/"},"modified":"2025-06-22T21:43:04","modified_gmt":"2025-06-22T21:43:04","slug":"middelgrote-paddenstoel-15-cm-pastel-harten","status":"publish","type":"product","link":"https:\/\/aromasentia.com\/nl\/middelgrote-paddenstoel-15-cm-pastel-harten\/","title":{"rendered":"Middelgrote Paddenstoel &#8211; 15 cm &#8211; Pastel Harten"},"content":{"rendered":"<p>Speels maar toch elegant, deze middelgrote paddenstoel met pastel hartjes is perfect om een subtiele kleuraccent toe te voegen aan elke display.<\/p>\n<p>Het stevige maar lichte ontwerp is ideaal voor het cre\u00ebren van gelaagde winkelopstellingen of als opvallend, losstaand element.<\/p>\n<p>Perfect voor het cre\u00ebren van een speelse, door de natuur ge\u00efnspireerde etalage. Combineer hem met onze Decor Houten Harten of Mango Houten Schalen, Dienbladen &amp; Onderzetters. Deze stukken hebben vergelijkbare gedetailleerde ontwerpen en samen zullen ze elke display omtoveren tot een natuurlijke oase die klanten niet kunnen weerstaan.<\/p>\n<p><strong>Afmetingen<\/strong>:<\/p>\n<p>15 x 13 cm<\/p>\n","protected":false},"excerpt":{"rendered":"<p>Speels maar toch elegant, deze middelgrote paddenstoel met pastel hartjes is perfect om een subtiele kleuraccent toe te voegen aan elke display. Het stevige maar lichte ontwerp is ideaal voor het cre\u00ebren van gelaagde winkelopstellingen of als opvallend, losstaand element. Perfect voor het cre\u00ebren van een speelse, door de natuur ge\u00efnspireerde etalage. Combineer hem met [&hellip;]<\/p>\n","protected":false},"featured_media":383295,"comment_status":"closed","ping_status":"open","template":"","meta":{"_angie_page":false},"product_brand":[],"product_cat":[14000],"product_tag":[],"class_list":{"0":"post-226607","1":"product","2":"type-product","3":"status-publish","4":"has-post-thumbnail","6":"product_cat-houten-en-tuin-decoraties","7":"pa_collection-wooden-enamelled-mushroom-decorations-nl","8":"pa_made-in-india","10":"first","11":"instock","12":"purchasable","13":"product-type-simple"},"supplier_id":null,"supplier_sku":"WMush-05","barcode":null,"atum_controlled":true,"out_stock_date":null,"out_stock_threshold":null,"inheritable":false,"inbound_stock":null,"stock_on_hold":0,"sold_today":0,"sales_last_days":0,"reserved_stock":null,"customer_returns":null,"warehouse_damage":null,"lost_in_post":null,"other_logs":null,"out_stock_days":0,"lost_sales":0,"has_location":null,"update_date":"2026-05-04T00:05:00","atum_locations":[],"atum_stock_status":"instock","restock_status":false,"low_stock_amount":"","sales_update_date":"2026-01-30T01:26:08","calc_backorders":null,"_links":{"self":[{"href":"https:\/\/aromasentia.com\/nl\/wp-json\/wp\/v2\/product\/226607","targetHints":{"allow":["GET"]}}],"collection":[{"href":"https:\/\/aromasentia.com\/nl\/wp-json\/wp\/v2\/product"}],"about":[{"href":"https:\/\/aromasentia.com\/nl\/wp-json\/wp\/v2\/types\/product"}],"replies":[{"embeddable":true,"href":"https:\/\/aromasentia.com\/nl\/wp-json\/wp\/v2\/comments?post=226607"}],"version-history":[{"count":0,"href":"https:\/\/aromasentia.com\/nl\/wp-json\/wp\/v2\/product\/226607\/revisions"}],"wp:featuredmedia":[{"embeddable":true,"href":"https:\/\/aromasentia.com\/nl\/wp-json\/wp\/v2\/media\/383295"}],"wp:attachment":[{"href":"https:\/\/aromasentia.com\/nl\/wp-json\/wp\/v2\/media?parent=226607"}],"wp:term":[{"taxonomy":"product_brand","embeddable":true,"href":"https:\/\/aromasentia.com\/nl\/wp-json\/wp\/v2\/product_brand?post=226607"},{"taxonomy":"product_cat","embeddable":true,"href":"https:\/\/aromasentia.com\/nl\/wp-json\/wp\/v2\/product_cat?post=226607"},{"taxonomy":"product_tag","embeddable":true,"href":"https:\/\/aromasentia.com\/nl\/wp-json\/wp\/v2\/product_tag?post=226607"}],"curies":[{"name":"wp","href":"https:\/\/api.w.org\/{rel}","templated":true}]}}