{"id":225799,"date":"2025-03-22T16:58:52","date_gmt":"2025-03-22T16:58:52","guid":{"rendered":"https:\/\/aromasentia.com\/product\/banjara-indian-fragrance-oil-10ml-lotus-of-the-nile\/"},"modified":"2025-06-22T21:41:10","modified_gmt":"2025-06-22T21:41:10","slug":"banjara-indiase-geurolie-10ml-lotus-van-de-nijl","status":"publish","type":"product","link":"https:\/\/aromasentia.com\/nl\/banjara-indiase-geurolie-10ml-lotus-van-de-nijl\/","title":{"rendered":"Banjara Indiase Geurolie 10ml &#8211; Lotus van de Nijl"},"content":{"rendered":"<p>Voeg een vleugje van India&rsquo;s rijke en exotische geuren toe aan je winkel met de Banjara Indiase Geurolie Collectie. Deze 10ml geuroli\u00ebn, gemaakt in India van hoogwaardige ingredi\u00ebnten, zijn perfect voor retailers die iets unieks en betoverends willen aanbieden.<\/p>\n<p>Deze oli\u00ebn zijn veelzijdig en kunnen worden gebruikt in diffusers, branders of als onderdeel van een rustgevend ritueel. Ze zijn ook ideaal voor persoonlijke accessoires zoals lava- of aromatherapiearmbanden.<\/p>\n<p><strong>Elke set bevat 6 flesjes.<\/strong><\/p>\n","protected":false},"excerpt":{"rendered":"<p>Voeg een vleugje van India&rsquo;s rijke en exotische geuren toe aan je winkel met de Banjara Indiase Geurolie Collectie. Deze 10ml geuroli\u00ebn, gemaakt in India van hoogwaardige ingredi\u00ebnten, zijn perfect voor retailers die iets unieks en betoverends willen aanbieden. Deze oli\u00ebn zijn veelzijdig en kunnen worden gebruikt in diffusers, branders of als onderdeel van een [&hellip;]<\/p>\n","protected":false},"featured_media":387476,"comment_status":"closed","ping_status":"open","template":"","meta":{"_angie_page":false},"product_brand":[27110],"product_cat":[16445,16465],"product_tag":[],"class_list":{"0":"post-225799","1":"product","2":"type-product","3":"status-publish","4":"has-post-thumbnail","6":"product_brand-banjara","7":"product_cat-aromatherapie-en-geur","8":"product_cat-geurolie","9":"pa_collection-banjara-indian-fragrance-oils-nl","10":"pa_made-in-india","11":"pa_size-10ml","13":"first","14":"instock","15":"purchasable","16":"product-type-simple"},"supplier_id":null,"supplier_sku":"BanjFO-05","barcode":null,"atum_controlled":true,"out_stock_date":null,"out_stock_threshold":null,"inheritable":false,"inbound_stock":null,"stock_on_hold":0,"sold_today":0,"sales_last_days":0,"reserved_stock":null,"customer_returns":null,"warehouse_damage":null,"lost_in_post":null,"other_logs":null,"out_stock_days":0,"lost_sales":0,"has_location":null,"update_date":"2026-05-08T05:04:57","atum_locations":[],"atum_stock_status":"instock","restock_status":false,"low_stock_amount":"","sales_update_date":"2025-10-09T03:25:23","calc_backorders":null,"_links":{"self":[{"href":"https:\/\/aromasentia.com\/nl\/wp-json\/wp\/v2\/product\/225799","targetHints":{"allow":["GET"]}}],"collection":[{"href":"https:\/\/aromasentia.com\/nl\/wp-json\/wp\/v2\/product"}],"about":[{"href":"https:\/\/aromasentia.com\/nl\/wp-json\/wp\/v2\/types\/product"}],"replies":[{"embeddable":true,"href":"https:\/\/aromasentia.com\/nl\/wp-json\/wp\/v2\/comments?post=225799"}],"version-history":[{"count":0,"href":"https:\/\/aromasentia.com\/nl\/wp-json\/wp\/v2\/product\/225799\/revisions"}],"wp:featuredmedia":[{"embeddable":true,"href":"https:\/\/aromasentia.com\/nl\/wp-json\/wp\/v2\/media\/387476"}],"wp:attachment":[{"href":"https:\/\/aromasentia.com\/nl\/wp-json\/wp\/v2\/media?parent=225799"}],"wp:term":[{"taxonomy":"product_brand","embeddable":true,"href":"https:\/\/aromasentia.com\/nl\/wp-json\/wp\/v2\/product_brand?post=225799"},{"taxonomy":"product_cat","embeddable":true,"href":"https:\/\/aromasentia.com\/nl\/wp-json\/wp\/v2\/product_cat?post=225799"},{"taxonomy":"product_tag","embeddable":true,"href":"https:\/\/aromasentia.com\/nl\/wp-json\/wp\/v2\/product_tag?post=225799"}],"curies":[{"name":"wp","href":"https:\/\/api.w.org\/{rel}","templated":true}]}}