{"id":224943,"date":"2025-03-22T16:59:14","date_gmt":"2025-03-22T16:59:14","guid":{"rendered":"https:\/\/aromasentia.com\/product\/200ml-lavender-fennel-essential-oil-reed-diffuser\/"},"modified":"2025-12-30T18:51:36","modified_gmt":"2025-12-30T18:51:36","slug":"pure-essentiele-olien-reed-diffusers-lavendel-venkel-200ml","status":"publish","type":"product","link":"https:\/\/aromasentia.com\/nl\/pure-essentiele-olien-reed-diffusers-lavendel-venkel-200ml\/","title":{"rendered":"Pure Essenti\u00eble Oli\u00ebn Reed Diffusers &#8211; Lavendel &#038; Venkel &#8211; 200ml"},"content":{"rendered":"<p>Aromatische oli\u00ebn worden al duizenden jaren gebruikt voor genezing, stemmingsverhoging, verleiding, enz. <br \/>Nu kunt u uw klanten ook de oude magische krachten van etherische oli\u00ebn aanbieden.<\/p>\n<p>Onze nieuwe riet luchtverfrissers hebben een simpele, elegante uitstraling en bevatten enkel pure etherische oli\u00ebn (op een speciale eco-minerale olie basis). <br \/>De oli\u00ebn trekken langzaam door de riet stokjes en vullen de kamer met hun aromatische geuren. <\/p>\n<p>De flessen hebben een inhoud van maar liefst 200ml, waardoor je kamers tot wel 12 weken heerlijk kunnen ruiken. <br \/>Verwijder voor gebruik al het verpakkingsmateriaal. <br \/>Open het deksel, verwijder de stop en steek de meegeleverde rietstokjes in de hals van de fles. <\/p>\n<p>Bestel vandaag nog onze luchtverfrissers en neem uw klanten mee op een aromatisch avontuur! <\/p>\n<p>Aroamtische Riet Diffusers gemaakt voor de groothandel.<\/p>\n","protected":false},"excerpt":{"rendered":"<p>Aromatische oli\u00ebn worden al duizenden jaren gebruikt voor genezing, stemmingsverhoging, verleiding, enz. Nu kunt u uw klanten ook de oude magische krachten van etherische oli\u00ebn aanbieden. Onze nieuwe riet luchtverfrissers hebben een simpele, elegante uitstraling en bevatten enkel pure etherische oli\u00ebn (op een speciale eco-minerale olie basis). De oli\u00ebn trekken langzaam door de riet stokjes [&hellip;]<\/p>\n","protected":false},"featured_media":390457,"comment_status":"closed","ping_status":"open","template":"","meta":{"_angie_page":false},"product_brand":[],"product_cat":[16509,26831,25840,16510,26859,26231,26181],"product_tag":[],"class_list":{"0":"post-224943","1":"product","2":"type-product","3":"status-publish","4":"has-post-thumbnail","6":"product_cat-aroma-diffusers-geurstokjesen-oliebranders","7":"product_cat-bloemig","8":"product_cat-geuren-aromas","9":"product_cat-geurstokjes-reeddiffuser","10":"product_cat-kruidenachtig","11":"product_cat-lavendel","12":"product_cat-venkel","13":"pa_collection-pure-essential-oils-reed-diffusers-nl","14":"pa_made-in-verenigd-koninkrijk","15":"pa_size-200ml","17":"first","18":"instock","19":"purchasable","20":"product-type-simple"},"supplier_id":null,"supplier_sku":"RDEO-01","barcode":null,"atum_controlled":true,"out_stock_date":null,"out_stock_threshold":null,"inheritable":false,"inbound_stock":null,"stock_on_hold":0,"sold_today":0,"sales_last_days":0,"reserved_stock":null,"customer_returns":null,"warehouse_damage":null,"lost_in_post":null,"other_logs":null,"out_stock_days":0,"lost_sales":0,"has_location":null,"update_date":"2026-04-27T07:19:16","atum_locations":[],"atum_stock_status":"instock","restock_status":false,"low_stock_amount":"","sales_update_date":"2026-02-06T00:02:01","calc_backorders":null,"_links":{"self":[{"href":"https:\/\/aromasentia.com\/nl\/wp-json\/wp\/v2\/product\/224943","targetHints":{"allow":["GET"]}}],"collection":[{"href":"https:\/\/aromasentia.com\/nl\/wp-json\/wp\/v2\/product"}],"about":[{"href":"https:\/\/aromasentia.com\/nl\/wp-json\/wp\/v2\/types\/product"}],"replies":[{"embeddable":true,"href":"https:\/\/aromasentia.com\/nl\/wp-json\/wp\/v2\/comments?post=224943"}],"version-history":[{"count":0,"href":"https:\/\/aromasentia.com\/nl\/wp-json\/wp\/v2\/product\/224943\/revisions"}],"wp:featuredmedia":[{"embeddable":true,"href":"https:\/\/aromasentia.com\/nl\/wp-json\/wp\/v2\/media\/390457"}],"wp:attachment":[{"href":"https:\/\/aromasentia.com\/nl\/wp-json\/wp\/v2\/media?parent=224943"}],"wp:term":[{"taxonomy":"product_brand","embeddable":true,"href":"https:\/\/aromasentia.com\/nl\/wp-json\/wp\/v2\/product_brand?post=224943"},{"taxonomy":"product_cat","embeddable":true,"href":"https:\/\/aromasentia.com\/nl\/wp-json\/wp\/v2\/product_cat?post=224943"},{"taxonomy":"product_tag","embeddable":true,"href":"https:\/\/aromasentia.com\/nl\/wp-json\/wp\/v2\/product_tag?post=224943"}],"curies":[{"name":"wp","href":"https:\/\/api.w.org\/{rel}","templated":true}]}}