{"id":222427,"date":"2025-03-23T10:30:36","date_gmt":"2025-03-23T10:30:36","guid":{"rendered":"https:\/\/aromasentia.com\/product\/smudge-stick-white-sage-copal-resin-10cm\/"},"modified":"2025-06-22T21:33:16","modified_gmt":"2025-06-22T21:33:16","slug":"smudge-stick-kopal-10cm","status":"publish","type":"product","link":"https:\/\/aromasentia.com\/nl\/smudge-stick-kopal-10cm\/","title":{"rendered":"Smudge Stick &#8211; Kopal &#8211; 10cm"},"content":{"rendered":"<p><strong>Groothandel Smudge Stick &#8211; Kopal<\/strong> wordt rechtstreeks ge\u00efmporteerd uit Mexico. Individueel met de hand gerold en verpakt in ambachtelijk papier.<\/p>\n<p>Smudge Sticks kunnen worden gebruikt voor het reinigen van de aura, bijvoorbeeld v\u00f3\u00f3r meditatie of gebed, of ze worden vaak gebruikt door lichaamswerkers en therapeuten v\u00f3\u00f3r behandelingen.<\/p>\n<p>Het smudgen wordt al lang gebruikt om verbinding te maken met het spirituele rijk of intu\u00eftie te versterken.<\/p>\n<p>Het branden van salie of smudge kan je stemming verbeteren en kan ook een geweldige bondgenoot zijn tegen stress. De praktijk van het branden van smudge is vrij eenvoudig: een schelp of kom van keramiek, klei of glas om de brandende salie in te houden of de as op te vangen, optioneel kun je een veer of waaier gebruiken om de rook te verspreiden.<\/p>\n<p><strong>Verkocht verpakt in papier, gelabeld en met streepjescode.<\/strong><\/p>\n<p><strong><span style=\"color: rgb(141, 186, 216);\">Bestel nu en bied uw klanten de beste selectie Smudge Sticks aan.<\/span><\/strong><\/p>\n","protected":false},"excerpt":{"rendered":"<p>Groothandel Smudge Stick &#8211; Kopal wordt rechtstreeks ge\u00efmporteerd uit Mexico. Individueel met de hand gerold en verpakt in ambachtelijk papier. Smudge Sticks kunnen worden gebruikt voor het reinigen van de aura, bijvoorbeeld v\u00f3\u00f3r meditatie of gebed, of ze worden vaak gebruikt door lichaamswerkers en therapeuten v\u00f3\u00f3r behandelingen. Het smudgen wordt al lang gebruikt om verbinding [&hellip;]<\/p>\n","protected":false},"featured_media":405616,"comment_status":"closed","ping_status":"open","template":"","meta":[],"product_brand":[],"product_cat":[25840,26859,25818,15142,26469],"product_tag":[],"class_list":{"0":"post-222427","1":"product","2":"type-product","3":"status-publish","4":"has-post-thumbnail","6":"product_cat-geuren-aromas","7":"product_cat-kruidenachtig","8":"product_cat-smudge-sticks","9":"product_cat-wierooken-wierookhouders","10":"product_cat-witte-salie","11":"pa_collection-wrapped-smudge-sticks-nl","12":"pa_made-in-mexico","14":"first","15":"instock","16":"purchasable","17":"product-type-simple"},"supplier_id":null,"supplier_sku":"MSage-06","barcode":null,"atum_controlled":true,"out_stock_date":null,"out_stock_threshold":null,"inheritable":false,"inbound_stock":null,"stock_on_hold":0,"sold_today":0,"sales_last_days":0,"reserved_stock":null,"customer_returns":null,"warehouse_damage":null,"lost_in_post":null,"other_logs":null,"out_stock_days":0,"lost_sales":0,"has_location":null,"update_date":"2026-02-11T03:23:37","atum_locations":[],"atum_stock_status":"instock","restock_status":false,"low_stock_amount":"","sales_update_date":"2025-09-03T00:19:29","calc_backorders":null,"_links":{"self":[{"href":"https:\/\/aromasentia.com\/nl\/wp-json\/wp\/v2\/product\/222427","targetHints":{"allow":["GET"]}}],"collection":[{"href":"https:\/\/aromasentia.com\/nl\/wp-json\/wp\/v2\/product"}],"about":[{"href":"https:\/\/aromasentia.com\/nl\/wp-json\/wp\/v2\/types\/product"}],"replies":[{"embeddable":true,"href":"https:\/\/aromasentia.com\/nl\/wp-json\/wp\/v2\/comments?post=222427"}],"version-history":[{"count":0,"href":"https:\/\/aromasentia.com\/nl\/wp-json\/wp\/v2\/product\/222427\/revisions"}],"wp:featuredmedia":[{"embeddable":true,"href":"https:\/\/aromasentia.com\/nl\/wp-json\/wp\/v2\/media\/405616"}],"wp:attachment":[{"href":"https:\/\/aromasentia.com\/nl\/wp-json\/wp\/v2\/media?parent=222427"}],"wp:term":[{"taxonomy":"product_brand","embeddable":true,"href":"https:\/\/aromasentia.com\/nl\/wp-json\/wp\/v2\/product_brand?post=222427"},{"taxonomy":"product_cat","embeddable":true,"href":"https:\/\/aromasentia.com\/nl\/wp-json\/wp\/v2\/product_cat?post=222427"},{"taxonomy":"product_tag","embeddable":true,"href":"https:\/\/aromasentia.com\/nl\/wp-json\/wp\/v2\/product_tag?post=222427"}],"curies":[{"name":"wp","href":"https:\/\/api.w.org\/{rel}","templated":true}]}}