{"id":221259,"date":"2025-03-23T10:31:17","date_gmt":"2025-03-23T10:31:17","guid":{"rendered":"https:\/\/aromasentia.com\/product\/earth-inspired-smudge-incense-rose\/"},"modified":"2025-12-30T18:51:21","modified_gmt":"2025-12-30T18:51:21","slug":"aarde-geinspireerde-reinigingswierook-roos","status":"publish","type":"product","link":"https:\/\/aromasentia.com\/nl\/aarde-geinspireerde-reinigingswierook-roos\/","title":{"rendered":"Aarde Ge\u00efnspireerde Reinigingswierook &#8211; Roos"},"content":{"rendered":"<p>Maak kennis met onze <strong>Earth-Inspired Smudge Wierookstokjes<\/strong>, een betoverende fusie van de mooiste elementen van de natuur, met de hand vervaardigd om de spirituele en zintuiglijke ervaring te verheffen.<\/p>\n<p>Ze worden met de hand gemaakt met alleen de puurste natuurlijke ingredi\u00ebnten. We hebben geurige kruiden gemengd, zoals rozemarijn of citroengras, met essenti\u00eble oli\u00ebn om een symfonie van geuren te cre\u00ebren die je klanten naar het hart van ongerepte landschappen transporteren. Deze wierookstokjes zijn biologisch en zijn niet op dieren getest.<\/p>\n<p>Geniet van de delicate schoonheid van de Aarde met onze <strong>Rozige <\/strong>Smudge Wierook. De zoete, bloemige tonen van roos ontvouwen zich zachtjes terwijl je deze wierook brandt en roepen een gevoel van liefde en harmonie op.<\/p>\n<p>Laat de zachte en geruststellende geur van roos je ruimte reinigen en nodig de liefdevolle energie van de Aarde uit om je geest te helen en te verjongen.<\/p>\n<p>Elk pakket bevat ongeveer 9 wierookstokjes.<\/p>\n<p><strong><span style=\"color: rgb(141, 186, 216);\">Verhef je spirituele reis en ervaar de magie van de elementen van de Aarde.<\/span><\/strong><\/p>\n<p><\/p>\n","protected":false},"excerpt":{"rendered":"<p>Maak kennis met onze Earth-Inspired Smudge Wierookstokjes, een betoverende fusie van de mooiste elementen van de natuur, met de hand vervaardigd om de spirituele en zintuiglijke ervaring te verheffen. Ze worden met de hand gemaakt met alleen de puurste natuurlijke ingredi\u00ebnten. We hebben geurige kruiden gemengd, zoals rozemarijn of citroengras, met essenti\u00eble oli\u00ebn om een [&hellip;]<\/p>\n","protected":false},"featured_media":409952,"comment_status":"closed","ping_status":"open","template":"","meta":{"_angie_page":false},"product_brand":[27118],"product_cat":[26831,25840,26368,25818,15142,15189],"product_tag":[],"class_list":{"0":"post-221259","1":"product","2":"type-product","3":"status-publish","4":"has-post-thumbnail","6":"product_brand-namaste-india-incense","7":"product_cat-bloemig","8":"product_cat-geuren-aromas","9":"product_cat-roos","10":"product_cat-smudge-sticks","11":"product_cat-wierooken-wierookhouders","12":"product_cat-wierookstokjes","13":"pa_collection-earth-inspired-smudge-incense-sticks-nl","14":"pa_made-in-india","16":"first","17":"instock","18":"purchasable","19":"product-type-simple"},"supplier_id":null,"supplier_sku":"SMI-01","barcode":null,"atum_controlled":true,"out_stock_date":null,"out_stock_threshold":null,"inheritable":false,"inbound_stock":null,"stock_on_hold":0,"sold_today":0,"sales_last_days":0,"reserved_stock":null,"customer_returns":null,"warehouse_damage":null,"lost_in_post":null,"other_logs":null,"out_stock_days":0,"lost_sales":0,"has_location":null,"update_date":"2026-05-11T01:56:48","atum_locations":[],"atum_stock_status":"instock","restock_status":false,"low_stock_amount":"","sales_update_date":"2025-09-03T00:18:24","calc_backorders":null,"_links":{"self":[{"href":"https:\/\/aromasentia.com\/nl\/wp-json\/wp\/v2\/product\/221259","targetHints":{"allow":["GET"]}}],"collection":[{"href":"https:\/\/aromasentia.com\/nl\/wp-json\/wp\/v2\/product"}],"about":[{"href":"https:\/\/aromasentia.com\/nl\/wp-json\/wp\/v2\/types\/product"}],"replies":[{"embeddable":true,"href":"https:\/\/aromasentia.com\/nl\/wp-json\/wp\/v2\/comments?post=221259"}],"version-history":[{"count":0,"href":"https:\/\/aromasentia.com\/nl\/wp-json\/wp\/v2\/product\/221259\/revisions"}],"wp:featuredmedia":[{"embeddable":true,"href":"https:\/\/aromasentia.com\/nl\/wp-json\/wp\/v2\/media\/409952"}],"wp:attachment":[{"href":"https:\/\/aromasentia.com\/nl\/wp-json\/wp\/v2\/media?parent=221259"}],"wp:term":[{"taxonomy":"product_brand","embeddable":true,"href":"https:\/\/aromasentia.com\/nl\/wp-json\/wp\/v2\/product_brand?post=221259"},{"taxonomy":"product_cat","embeddable":true,"href":"https:\/\/aromasentia.com\/nl\/wp-json\/wp\/v2\/product_cat?post=221259"},{"taxonomy":"product_tag","embeddable":true,"href":"https:\/\/aromasentia.com\/nl\/wp-json\/wp\/v2\/product_tag?post=221259"}],"curies":[{"name":"wp","href":"https:\/\/api.w.org\/{rel}","templated":true}]}}