{"id":246241,"date":"2025-04-23T18:28:57","date_gmt":"2025-04-23T18:28:57","guid":{"rendered":"https:\/\/aromasentia.com\/product\/hop-hare-bamboo-socks-41-46-bali-buddha\/"},"modified":"2025-06-23T19:28:24","modified_gmt":"2025-06-23T19:28:24","slug":"chaussettes-bambou-hop-hare-41-46-bali-bouddha-2","status":"publish","type":"product","link":"https:\/\/aromasentia.com\/fr\/chaussettes-bambou-hop-hare-41-46-bali-bouddha-2\/","title":{"rendered":"Chaussettes Bambou Hop Hare (41-46) &#8211; Bali Bouddha"},"content":{"rendered":"<p>Retrouvez la s\u00e9r\u00e9nit\u00e9 avec les chaussettes en bambou Hop Hare (41-46) &#8211; Bali Buddha. Inspir\u00e9es par la spiritualit\u00e9 tranquille de Bali, ces chaussettes en bambou (tailles 41-46) sont orn\u00e9es de l&rsquo;image sereine de Bouddha, qui favorise la paix et la pleine conscience. Le tissu en bambou exceptionnellement doux et respirant garantit le confort et la fra\u00eecheur de vos pieds. Une belle fa\u00e7on d&#8217;emporter avec vous un sentiment de calme et d&rsquo;illumination. Ces chaussettes ajoutent une touche de spiritualit\u00e9 exotique et de confort \u00e0 votre tenue de tous les jours.<\/p>\n","protected":false},"excerpt":{"rendered":"<p>Retrouvez la s\u00e9r\u00e9nit\u00e9 avec les chaussettes en bambou Hop Hare (41-46) &#8211; Bali Buddha. Inspir\u00e9es par la spiritualit\u00e9 tranquille de Bali, ces chaussettes en bambou (tailles 41-46) sont orn\u00e9es de l&rsquo;image sereine de Bouddha, qui favorise la paix et la pleine conscience. Le tissu en bambou exceptionnellement doux et respirant garantit le confort et la [&hellip;]<\/p>\n","protected":false},"featured_media":668770,"comment_status":"closed","ping_status":"open","template":"","meta":{"_angie_page":false},"product_brand":[27113],"product_cat":[26612,25836],"product_tag":[],"class_list":{"0":"post-246241","1":"product","2":"type-product","3":"status-publish","4":"has-post-thumbnail","6":"product_brand-hop-hare","7":"product_cat-chaussettes","8":"product_cat-vetements","9":"pa_collection-hop-hare-bamboo-socks-fr","10":"pa_made-in-turquie","12":"first","13":"instock","14":"purchasable","15":"product-type-simple"},"supplier_id":null,"supplier_sku":"BamS-10M","barcode":null,"atum_controlled":true,"out_stock_date":null,"out_stock_threshold":null,"inheritable":false,"inbound_stock":null,"stock_on_hold":0,"sold_today":0,"sales_last_days":0,"reserved_stock":null,"customer_returns":null,"warehouse_damage":null,"lost_in_post":null,"other_logs":null,"out_stock_days":0,"lost_sales":0,"has_location":null,"update_date":"2026-01-30T01:26:00","atum_locations":[],"atum_stock_status":"instock","restock_status":false,"low_stock_amount":"","sales_update_date":"2026-01-30T01:26:00","calc_backorders":null,"_links":{"self":[{"href":"https:\/\/aromasentia.com\/fr\/wp-json\/wp\/v2\/product\/246241","targetHints":{"allow":["GET"]}}],"collection":[{"href":"https:\/\/aromasentia.com\/fr\/wp-json\/wp\/v2\/product"}],"about":[{"href":"https:\/\/aromasentia.com\/fr\/wp-json\/wp\/v2\/types\/product"}],"replies":[{"embeddable":true,"href":"https:\/\/aromasentia.com\/fr\/wp-json\/wp\/v2\/comments?post=246241"}],"version-history":[{"count":0,"href":"https:\/\/aromasentia.com\/fr\/wp-json\/wp\/v2\/product\/246241\/revisions"}],"wp:featuredmedia":[{"embeddable":true,"href":"https:\/\/aromasentia.com\/fr\/wp-json\/wp\/v2\/media\/668770"}],"wp:attachment":[{"href":"https:\/\/aromasentia.com\/fr\/wp-json\/wp\/v2\/media?parent=246241"}],"wp:term":[{"taxonomy":"product_brand","embeddable":true,"href":"https:\/\/aromasentia.com\/fr\/wp-json\/wp\/v2\/product_brand?post=246241"},{"taxonomy":"product_cat","embeddable":true,"href":"https:\/\/aromasentia.com\/fr\/wp-json\/wp\/v2\/product_cat?post=246241"},{"taxonomy":"product_tag","embeddable":true,"href":"https:\/\/aromasentia.com\/fr\/wp-json\/wp\/v2\/product_tag?post=246241"}],"curies":[{"name":"wp","href":"https:\/\/api.w.org\/{rel}","templated":true}]}}