{"id":246046,"date":"2025-03-23T11:07:03","date_gmt":"2025-03-23T11:07:03","guid":{"rendered":"https:\/\/aromasentia.com\/product\/tree-of-life-pendant-tiger-eye\/"},"modified":"2025-06-23T19:28:12","modified_gmt":"2025-06-23T19:28:12","slug":"pendentif-arbre-de-vie-oeil-de-tigre","status":"publish","type":"product","link":"https:\/\/aromasentia.com\/fr\/pendentif-arbre-de-vie-oeil-de-tigre\/","title":{"rendered":"Pendentif Arbre de Vie &#8211; \u0152il de Tigre"},"content":{"rendered":"<p>Plongeons dans notre superbe collection de <strong><span style=\"color: rgb(75, 80, 88);\">Pendentifs en Pierres Pr\u00e9cieuses&nbsp;<\/span><\/strong>en gros &ndash; Arbre de vie ! Chaque pendentif est orn\u00e9 de pierres pr\u00e9cieuses.&nbsp;<\/p>\n<p>Porter un pendentif en pierres pr\u00e9cieuses n&rsquo;est pas seulement une question de bijoux ; il s&rsquo;agit de v\u00e9hiculer des \u00e9nergies et des significations uniques.&nbsp;<\/p>\n<p>Au c\u0153ur de chaque pendentif se trouve le symbole de l&rsquo;Arbre de Vie, universellement v\u00e9n\u00e9r\u00e9. Il repr\u00e9sente l\u2019interd\u00e9pendance de toute vie, les cycles de croissance et la sagesse de la nature.&nbsp;<\/p>\n<p><strong><span style=\"color: rgb(163, 143, 132);\">L&rsquo;Oeil du Tigre est avant tout une question de concentration et de confiance. <\/span><\/strong><\/p>\n<p>Ce pendentif aide \u00e0 canaliser la force int\u00e9rieure et \u00e0 maintenir des intentions claires.&nbsp;<\/p>\n<p>Nos pendentifs en pierres pr\u00e9cieuses &ndash; Arbre de vie sont livr\u00e9s avec un collier solide de base, mais nous comprenons que le style est personnel. Ainsi, vous pouvez l&rsquo;\u00e9changer avec votre favori, en vous assurant que votre pendentif correspond \u00e0 votre go\u00fbt unique.<\/p>\n","protected":false},"excerpt":{"rendered":"<p>Plongeons dans notre superbe collection de Pendentifs en Pierres Pr\u00e9cieuses&nbsp;en gros &ndash; Arbre de vie ! Chaque pendentif est orn\u00e9 de pierres pr\u00e9cieuses.&nbsp; Porter un pendentif en pierres pr\u00e9cieuses n&rsquo;est pas seulement une question de bijoux ; il s&rsquo;agit de v\u00e9hiculer des \u00e9nergies et des significations uniques.&nbsp; Au c\u0153ur de chaque pendentif se trouve le [&hellip;]<\/p>\n","protected":false},"featured_media":430534,"comment_status":"closed","ping_status":"open","template":"","meta":[],"product_brand":[],"product_cat":[14520,25218,25786,25226],"product_tag":[],"class_list":{"0":"post-246046","1":"product","2":"type-product","3":"status-publish","4":"has-post-thumbnail","6":"product_cat-bijoux-et-accessoires","7":"product_cat-colliers-et-pendentifs","8":"product_cat-oeil-de-tigre","9":"product_cat-pierres-et-mineraux","10":"pa_collection-gemstone-pendants-tree-of-life-fr","11":"pa_made-in-chine","13":"first","14":"instock","15":"purchasable","16":"product-type-simple"},"supplier_id":null,"supplier_sku":"TOLP-04","barcode":null,"atum_controlled":true,"out_stock_date":null,"out_stock_threshold":null,"inheritable":false,"inbound_stock":null,"stock_on_hold":0,"sold_today":0,"sales_last_days":0,"reserved_stock":null,"customer_returns":null,"warehouse_damage":null,"lost_in_post":null,"other_logs":null,"out_stock_days":0,"lost_sales":0,"has_location":null,"update_date":"2026-02-10T22:36:48","atum_locations":[],"atum_stock_status":"instock","restock_status":false,"low_stock_amount":"","sales_update_date":"2025-09-03T00:15:12","calc_backorders":null,"_links":{"self":[{"href":"https:\/\/aromasentia.com\/fr\/wp-json\/wp\/v2\/product\/246046","targetHints":{"allow":["GET"]}}],"collection":[{"href":"https:\/\/aromasentia.com\/fr\/wp-json\/wp\/v2\/product"}],"about":[{"href":"https:\/\/aromasentia.com\/fr\/wp-json\/wp\/v2\/types\/product"}],"replies":[{"embeddable":true,"href":"https:\/\/aromasentia.com\/fr\/wp-json\/wp\/v2\/comments?post=246046"}],"version-history":[{"count":0,"href":"https:\/\/aromasentia.com\/fr\/wp-json\/wp\/v2\/product\/246046\/revisions"}],"wp:featuredmedia":[{"embeddable":true,"href":"https:\/\/aromasentia.com\/fr\/wp-json\/wp\/v2\/media\/430534"}],"wp:attachment":[{"href":"https:\/\/aromasentia.com\/fr\/wp-json\/wp\/v2\/media?parent=246046"}],"wp:term":[{"taxonomy":"product_brand","embeddable":true,"href":"https:\/\/aromasentia.com\/fr\/wp-json\/wp\/v2\/product_brand?post=246046"},{"taxonomy":"product_cat","embeddable":true,"href":"https:\/\/aromasentia.com\/fr\/wp-json\/wp\/v2\/product_cat?post=246046"},{"taxonomy":"product_tag","embeddable":true,"href":"https:\/\/aromasentia.com\/fr\/wp-json\/wp\/v2\/product_tag?post=246046"}],"curies":[{"name":"wp","href":"https:\/\/api.w.org\/{rel}","templated":true}]}}