{"id":246037,"date":"2025-03-23T11:07:03","date_gmt":"2025-03-23T11:07:03","guid":{"rendered":"https:\/\/aromasentia.com\/product\/tree-of-life-pendant-chakra\/"},"modified":"2025-06-23T19:28:10","modified_gmt":"2025-06-23T19:28:10","slug":"pendentif-arbre-de-vie-chakra","status":"publish","type":"product","link":"https:\/\/aromasentia.com\/fr\/pendentif-arbre-de-vie-chakra\/","title":{"rendered":"Pendentif Arbre de Vie &#8211; Chakra"},"content":{"rendered":"<p>Plongeons dans notre superbe collection de <strong><span style=\"color: rgb(75, 80, 88);\">Pendentifs en Pierres Pr\u00e9cieuses en gros &ndash; Arbre de vie<\/span><\/strong> !&nbsp;<\/p>\n<p>Chaque pendentif est orn\u00e9 de pierres pr\u00e9cieuses. Porter un pendentif en pierres pr\u00e9cieuses n&rsquo;est pas seulement une question de bijoux ; il s&rsquo;agit de v\u00e9hiculer des \u00e9nergies et des significations uniques. Au c\u0153ur de chaque pendentif se trouve le symbole de l&rsquo;Arbre de Vie, universellement v\u00e9n\u00e9r\u00e9.<\/p>\n<p>Il repr\u00e9sente l\u2019interd\u00e9pendance de toute vie, les cycles de croissance et la sagesse de la nature.&nbsp;<\/p>\n<p><strong><span style=\"color: rgb(75, 80, 88);\">Adoptez l&rsquo;\u00e9quilibre et l&rsquo;harmonie avec ce pendentif Chakra. Chaque pierre pr\u00e9cieuse repr\u00e9sente l&rsquo;un des centres \u00e9nerg\u00e9tiques du corps, vous permettant d&rsquo;aligner votre bien-\u00eatre spirituel et physique. <\/span><\/strong><\/p>\n<p>Nos pendentifs en pierres pr\u00e9cieuses &ndash; Arbre de vie sont livr\u00e9s avec un collier solide de base, mais nous comprenons que le style est personnel. Ainsi, vous pouvez l&rsquo;\u00e9changer avec votre favori, en vous assurant que votre pendentif correspond \u00e0 votre go\u00fbt unique.<\/p>\n","protected":false},"excerpt":{"rendered":"<p>Plongeons dans notre superbe collection de Pendentifs en Pierres Pr\u00e9cieuses en gros &ndash; Arbre de vie !&nbsp; Chaque pendentif est orn\u00e9 de pierres pr\u00e9cieuses. Porter un pendentif en pierres pr\u00e9cieuses n&rsquo;est pas seulement une question de bijoux ; il s&rsquo;agit de v\u00e9hiculer des \u00e9nergies et des significations uniques. Au c\u0153ur de chaque pendentif se trouve [&hellip;]<\/p>\n","protected":false},"featured_media":430411,"comment_status":"closed","ping_status":"open","template":"","meta":[],"product_brand":[],"product_cat":[14520,25218],"product_tag":[],"class_list":{"0":"post-246037","1":"product","2":"type-product","3":"status-publish","4":"has-post-thumbnail","6":"product_cat-bijoux-et-accessoires","7":"product_cat-colliers-et-pendentifs","8":"pa_collection-gemstone-pendants-tree-of-life-fr","9":"pa_made-in-chine","11":"first","12":"instock","13":"purchasable","14":"product-type-simple"},"supplier_id":null,"supplier_sku":"TOLP-01","barcode":null,"atum_controlled":true,"out_stock_date":null,"out_stock_threshold":null,"inheritable":false,"inbound_stock":null,"stock_on_hold":0,"sold_today":0,"sales_last_days":0,"reserved_stock":null,"customer_returns":null,"warehouse_damage":null,"lost_in_post":null,"other_logs":null,"out_stock_days":0,"lost_sales":0,"has_location":null,"update_date":"2026-02-10T03:19:52","atum_locations":[],"atum_stock_status":"instock","restock_status":false,"low_stock_amount":"","sales_update_date":"2025-09-03T00:15:12","calc_backorders":null,"_links":{"self":[{"href":"https:\/\/aromasentia.com\/fr\/wp-json\/wp\/v2\/product\/246037","targetHints":{"allow":["GET"]}}],"collection":[{"href":"https:\/\/aromasentia.com\/fr\/wp-json\/wp\/v2\/product"}],"about":[{"href":"https:\/\/aromasentia.com\/fr\/wp-json\/wp\/v2\/types\/product"}],"replies":[{"embeddable":true,"href":"https:\/\/aromasentia.com\/fr\/wp-json\/wp\/v2\/comments?post=246037"}],"version-history":[{"count":0,"href":"https:\/\/aromasentia.com\/fr\/wp-json\/wp\/v2\/product\/246037\/revisions"}],"wp:featuredmedia":[{"embeddable":true,"href":"https:\/\/aromasentia.com\/fr\/wp-json\/wp\/v2\/media\/430411"}],"wp:attachment":[{"href":"https:\/\/aromasentia.com\/fr\/wp-json\/wp\/v2\/media?parent=246037"}],"wp:term":[{"taxonomy":"product_brand","embeddable":true,"href":"https:\/\/aromasentia.com\/fr\/wp-json\/wp\/v2\/product_brand?post=246037"},{"taxonomy":"product_cat","embeddable":true,"href":"https:\/\/aromasentia.com\/fr\/wp-json\/wp\/v2\/product_cat?post=246037"},{"taxonomy":"product_tag","embeddable":true,"href":"https:\/\/aromasentia.com\/fr\/wp-json\/wp\/v2\/product_tag?post=246037"}],"curies":[{"name":"wp","href":"https:\/\/api.w.org\/{rel}","templated":true}]}}