{"id":246016,"date":"2025-03-23T11:07:03","date_gmt":"2025-03-23T11:07:03","guid":{"rendered":"https:\/\/aromasentia.com\/product\/brass-tibetan-mantra-bracelet-tree-of-life\/"},"modified":"2025-06-23T19:28:05","modified_gmt":"2025-06-23T19:28:05","slug":"bracelet-tibetain-en-laiton-arbre-de-vie","status":"publish","type":"product","link":"https:\/\/aromasentia.com\/fr\/bracelet-tibetain-en-laiton-arbre-de-vie\/","title":{"rendered":"Bracelet Tib\u00e9tain en Laiton &#8211; Arbre de Vie"},"content":{"rendered":"<p>De nombreuses personnes pensent que les <strong><span style=\"color: rgb(75, 80, 88);\">Bracelets en Cuivre ou en Laiton&nbsp;<\/span><\/strong>ont des avantages pour la sant\u00e9, notamment une meilleure circulation et un soulagement des douleurs arthritiques.&nbsp;<\/p>\n<p>Dans les temps anciens, le cuivre symbolisait l&rsquo;amour et l&rsquo;\u00e9quilibre et a \u00e9t\u00e9 utilis\u00e9 pendant des si\u00e8cles pour gu\u00e9rir et prot\u00e9ger. Les bracelets maintiennent le corps dans un \u00e9tat stable, ce qui conduit \u00e0 de meilleurs r\u00e9sultats dans la pratique de la m\u00e9ditation et du yoga.&nbsp;<\/p>\n<p>Ils disent aussi fabriqu\u00e9s \u00e0 la main au N\u00e9pal&#8230; pour que vous puissiez dire \u00e0 vos clients qu&rsquo;ils sont fabriqu\u00e9s sur le toit du monde.&nbsp;<\/p>\n<p><strong><span style=\"color: rgb(141, 186, 216);\">Parce que le bracelet est en m\u00e9tal, il peut \u00eatre l\u00e9g\u00e8rement pli\u00e9 pour s&rsquo;adapter \u00e0 n&rsquo;importe quel poignet &#8211; donc aussi efficacement unisexe<\/span><\/strong><\/p>\n","protected":false},"excerpt":{"rendered":"<p>De nombreuses personnes pensent que les Bracelets en Cuivre ou en Laiton&nbsp;ont des avantages pour la sant\u00e9, notamment une meilleure circulation et un soulagement des douleurs arthritiques.&nbsp; Dans les temps anciens, le cuivre symbolisait l&rsquo;amour et l&rsquo;\u00e9quilibre et a \u00e9t\u00e9 utilis\u00e9 pendant des si\u00e8cles pour gu\u00e9rir et prot\u00e9ger. Les bracelets maintiennent le corps dans un [&hellip;]<\/p>\n","protected":false},"featured_media":430092,"comment_status":"closed","ping_status":"open","template":"","meta":[],"product_brand":[],"product_cat":[14520,25206],"product_tag":[],"class_list":{"0":"post-246016","1":"product","2":"type-product","3":"status-publish","4":"has-post-thumbnail","6":"product_cat-bijoux-et-accessoires","7":"product_cat-bracelets","8":"pa_collection-tibetan-mantra-bracelet-fr","9":"pa_made-in-nepal","11":"first","12":"instock","13":"purchasable","14":"product-type-simple"},"supplier_id":null,"supplier_sku":"TMB-01","barcode":null,"atum_controlled":true,"out_stock_date":null,"out_stock_threshold":null,"inheritable":false,"inbound_stock":null,"stock_on_hold":0,"sold_today":0,"sales_last_days":0,"reserved_stock":null,"customer_returns":null,"warehouse_damage":null,"lost_in_post":null,"other_logs":null,"out_stock_days":0,"lost_sales":0,"has_location":null,"update_date":"2026-02-04T10:27:42","atum_locations":[],"atum_stock_status":"instock","restock_status":false,"low_stock_amount":"","sales_update_date":"2026-01-30T01:24:29","calc_backorders":null,"_links":{"self":[{"href":"https:\/\/aromasentia.com\/fr\/wp-json\/wp\/v2\/product\/246016","targetHints":{"allow":["GET"]}}],"collection":[{"href":"https:\/\/aromasentia.com\/fr\/wp-json\/wp\/v2\/product"}],"about":[{"href":"https:\/\/aromasentia.com\/fr\/wp-json\/wp\/v2\/types\/product"}],"replies":[{"embeddable":true,"href":"https:\/\/aromasentia.com\/fr\/wp-json\/wp\/v2\/comments?post=246016"}],"version-history":[{"count":0,"href":"https:\/\/aromasentia.com\/fr\/wp-json\/wp\/v2\/product\/246016\/revisions"}],"wp:featuredmedia":[{"embeddable":true,"href":"https:\/\/aromasentia.com\/fr\/wp-json\/wp\/v2\/media\/430092"}],"wp:attachment":[{"href":"https:\/\/aromasentia.com\/fr\/wp-json\/wp\/v2\/media?parent=246016"}],"wp:term":[{"taxonomy":"product_brand","embeddable":true,"href":"https:\/\/aromasentia.com\/fr\/wp-json\/wp\/v2\/product_brand?post=246016"},{"taxonomy":"product_cat","embeddable":true,"href":"https:\/\/aromasentia.com\/fr\/wp-json\/wp\/v2\/product_cat?post=246016"},{"taxonomy":"product_tag","embeddable":true,"href":"https:\/\/aromasentia.com\/fr\/wp-json\/wp\/v2\/product_tag?post=246016"}],"curies":[{"name":"wp","href":"https:\/\/api.w.org\/{rel}","templated":true}]}}