{"id":246010,"date":"2025-03-23T11:07:03","date_gmt":"2025-03-23T11:07:03","guid":{"rendered":"https:\/\/aromasentia.com\/product\/shell-silver-earrings-flowers-abalone\/"},"modified":"2025-06-23T19:28:04","modified_gmt":"2025-06-23T19:28:04","slug":"boucles-doreilles-coquillage-argent-fleurs-abalone","status":"publish","type":"product","link":"https:\/\/aromasentia.com\/fr\/boucles-doreilles-coquillage-argent-fleurs-abalone\/","title":{"rendered":"Boucles d&rsquo;Oreilles Coquillage &#038; Argent &#8211; Fleurs &#8211; Abalone"},"content":{"rendered":"<p><strong><span style=\"color: rgb(75, 80, 88);\">Boucles d&rsquo;Oreilles Coquillage &amp; Argent &#8211; Fleurs &#8211; Abalone.<\/span><\/strong><\/p>\n<p>Si vous \u00eates int\u00e9ress\u00e9 par les bijoux en argent, vous \u00eates au bon endroit. Surprenez vos clients avec ces boucles d&rsquo;oreilles en gros absolument adorables et uniques fabriqu\u00e9es avec amour \u00e0 Bali.&nbsp;<\/p>\n<p>De magnifiques boucles d&rsquo;oreilles sont fabriqu\u00e9es \u00e0 la main \u00e0 partir d&rsquo;argent 925 et de coquillages. Fourni dans de jolies cartes d&rsquo;en-t\u00eate emball\u00e9es individuellement et munies d&rsquo;un code-barres.&nbsp;<\/p>\n<p>Les boucles d&rsquo;oreilles p\u00e8sent environ 3 \u00e0 6 g, toutes les tailles sont affich\u00e9es sous les produits individuels. Les boucles d&rsquo;oreilles en argent 925 en gros sont maintenant disponibles directement aupr\u00e8s des artisans indon\u00e9siens.&nbsp;<\/p>\n<p><strong><span style=\"color: rgb(141, 186, 216);\">Nous avons v\u00e9rifi\u00e9 le prix de production dans toutes les principales zones de production d&rsquo;argent pour cet article essentiel afin de garantir la qualit\u00e9 et le meilleur rapport qualit\u00e9-prix.<\/span><\/strong><\/p>\n","protected":false},"excerpt":{"rendered":"<p>Boucles d&rsquo;Oreilles Coquillage &amp; Argent &#8211; Fleurs &#8211; Abalone. Si vous \u00eates int\u00e9ress\u00e9 par les bijoux en argent, vous \u00eates au bon endroit. Surprenez vos clients avec ces boucles d&rsquo;oreilles en gros absolument adorables et uniques fabriqu\u00e9es avec amour \u00e0 Bali.&nbsp; De magnifiques boucles d&rsquo;oreilles sont fabriqu\u00e9es \u00e0 la main \u00e0 partir d&rsquo;argent 925 et [&hellip;]<\/p>\n","protected":false},"featured_media":430034,"comment_status":"closed","ping_status":"open","template":"","meta":{"_angie_page":false},"product_brand":[],"product_cat":[14520],"product_tag":[],"class_list":{"0":"post-246010","1":"product","2":"type-product","3":"status-publish","4":"has-post-thumbnail","6":"product_cat-bijoux-et-accessoires","7":"pa_made-in-indonesie","9":"first","10":"outofstock","11":"purchasable","12":"product-type-simple"},"supplier_id":null,"supplier_sku":"SSE-11","barcode":null,"atum_controlled":true,"out_stock_date":"2026-04-25 16:39:42","out_stock_threshold":null,"inheritable":false,"inbound_stock":null,"stock_on_hold":0,"sold_today":0,"sales_last_days":0,"reserved_stock":null,"customer_returns":null,"warehouse_damage":null,"lost_in_post":null,"other_logs":null,"out_stock_days":0,"lost_sales":0,"has_location":null,"update_date":"2026-04-27T07:23:15","atum_locations":[],"atum_stock_status":"outofstock","restock_status":false,"low_stock_amount":"","sales_update_date":"2026-01-20T05:13:20","calc_backorders":null,"_links":{"self":[{"href":"https:\/\/aromasentia.com\/fr\/wp-json\/wp\/v2\/product\/246010","targetHints":{"allow":["GET"]}}],"collection":[{"href":"https:\/\/aromasentia.com\/fr\/wp-json\/wp\/v2\/product"}],"about":[{"href":"https:\/\/aromasentia.com\/fr\/wp-json\/wp\/v2\/types\/product"}],"replies":[{"embeddable":true,"href":"https:\/\/aromasentia.com\/fr\/wp-json\/wp\/v2\/comments?post=246010"}],"version-history":[{"count":0,"href":"https:\/\/aromasentia.com\/fr\/wp-json\/wp\/v2\/product\/246010\/revisions"}],"wp:featuredmedia":[{"embeddable":true,"href":"https:\/\/aromasentia.com\/fr\/wp-json\/wp\/v2\/media\/430034"}],"wp:attachment":[{"href":"https:\/\/aromasentia.com\/fr\/wp-json\/wp\/v2\/media?parent=246010"}],"wp:term":[{"taxonomy":"product_brand","embeddable":true,"href":"https:\/\/aromasentia.com\/fr\/wp-json\/wp\/v2\/product_brand?post=246010"},{"taxonomy":"product_cat","embeddable":true,"href":"https:\/\/aromasentia.com\/fr\/wp-json\/wp\/v2\/product_cat?post=246010"},{"taxonomy":"product_tag","embeddable":true,"href":"https:\/\/aromasentia.com\/fr\/wp-json\/wp\/v2\/product_tag?post=246010"}],"curies":[{"name":"wp","href":"https:\/\/api.w.org\/{rel}","templated":true}]}}