{"id":245986,"date":"2025-03-23T11:44:00","date_gmt":"2025-03-23T11:44:00","guid":{"rendered":"https:\/\/aromasentia.com\/product\/green-dragon-blend-1kg\/"},"modified":"2025-06-23T19:27:58","modified_gmt":"2025-06-23T19:27:58","slug":"melange-dragon-vert-1kg","status":"publish","type":"product","link":"https:\/\/aromasentia.com\/fr\/melange-dragon-vert-1kg\/","title":{"rendered":"M\u00e9lange Dragon Vert 1Kg"},"content":{"rendered":"<p>Le th\u00e9 vert est appr\u00e9ci\u00e9 en Chine depuis plus de 5 000 ans et fait partie int\u00e9grante de la culture nationale chinoise. Il s&rsquo;agit tout simplement du th\u00e9 le plus bu au monde.<\/p>\n<p>Le th\u00e9 vert est largement connu pour ses&nbsp;bienfaits sur la sant\u00e9. Il s&rsquo;agit d&rsquo;une des boissons les plus saines de la plan\u00e8te. C&rsquo;est un th\u00e9 particuli\u00e8rement&nbsp;stimulant&nbsp;gr\u00e2ce \u00e0 son taux important en caf\u00e9ine et en vitamine C. \u00e9galement&nbsp;riche en anti-oxydant.<\/p>\n<p>Ce sachet de 1Kg d\u00e9j\u00e0 \u00e9tiquet\u00e9 est pr\u00eat \u00e0 \u00eatre vendu directement.<\/p>\n<p>UTILISATION :&nbsp;2 \u00e0 3 grammes pour 200 ml d&rsquo;eau \u00e0 70&deg;C-80&deg;C et laisser infuser de 3 \u00e0 4 minutes.<\/p>\n<p>Ce produit peut contenir des traces de gluten, oeuf, arachides, soja, lait, noix, graines de s\u00e9same et sulfites.<\/p>\n","protected":false},"excerpt":{"rendered":"<p>Le th\u00e9 vert est appr\u00e9ci\u00e9 en Chine depuis plus de 5 000 ans et fait partie int\u00e9grante de la culture nationale chinoise. Il s&rsquo;agit tout simplement du th\u00e9 le plus bu au monde. Le th\u00e9 vert est largement connu pour ses&nbsp;bienfaits sur la sant\u00e9. Il s&rsquo;agit d&rsquo;une des boissons les plus saines de la plan\u00e8te. [&hellip;]<\/p>\n","protected":false},"featured_media":432049,"comment_status":"closed","ping_status":"open","template":"","meta":{"_angie_page":false},"product_brand":[],"product_cat":[26699,25039,26694],"product_tag":[],"class_list":{"0":"post-245986","1":"product","2":"type-product","3":"status-publish","4":"has-post-thumbnail","6":"product_cat-melanges-de-the","7":"product_cat-the-et-accessoires","8":"product_cat-the-vert","9":"pa_collection-artisan-tea-blends-1kg-fr","10":"pa_made-in-chine","12":"first","13":"instock","14":"purchasable","15":"product-type-simple"},"supplier_id":null,"supplier_sku":"ArTea-03","barcode":null,"atum_controlled":true,"out_stock_date":null,"out_stock_threshold":null,"inheritable":false,"inbound_stock":null,"stock_on_hold":0,"sold_today":0,"sales_last_days":0,"reserved_stock":null,"customer_returns":null,"warehouse_damage":null,"lost_in_post":null,"other_logs":null,"out_stock_days":0,"lost_sales":0,"has_location":null,"update_date":"2026-05-08T05:03:47","atum_locations":[],"atum_stock_status":"instock","restock_status":false,"low_stock_amount":"","sales_update_date":"2026-01-30T01:24:24","calc_backorders":null,"_links":{"self":[{"href":"https:\/\/aromasentia.com\/fr\/wp-json\/wp\/v2\/product\/245986","targetHints":{"allow":["GET"]}}],"collection":[{"href":"https:\/\/aromasentia.com\/fr\/wp-json\/wp\/v2\/product"}],"about":[{"href":"https:\/\/aromasentia.com\/fr\/wp-json\/wp\/v2\/types\/product"}],"replies":[{"embeddable":true,"href":"https:\/\/aromasentia.com\/fr\/wp-json\/wp\/v2\/comments?post=245986"}],"version-history":[{"count":0,"href":"https:\/\/aromasentia.com\/fr\/wp-json\/wp\/v2\/product\/245986\/revisions"}],"wp:featuredmedia":[{"embeddable":true,"href":"https:\/\/aromasentia.com\/fr\/wp-json\/wp\/v2\/media\/432049"}],"wp:attachment":[{"href":"https:\/\/aromasentia.com\/fr\/wp-json\/wp\/v2\/media?parent=245986"}],"wp:term":[{"taxonomy":"product_brand","embeddable":true,"href":"https:\/\/aromasentia.com\/fr\/wp-json\/wp\/v2\/product_brand?post=245986"},{"taxonomy":"product_cat","embeddable":true,"href":"https:\/\/aromasentia.com\/fr\/wp-json\/wp\/v2\/product_cat?post=245986"},{"taxonomy":"product_tag","embeddable":true,"href":"https:\/\/aromasentia.com\/fr\/wp-json\/wp\/v2\/product_tag?post=245986"}],"curies":[{"name":"wp","href":"https:\/\/api.w.org\/{rel}","templated":true}]}}