{"id":245980,"date":"2025-03-23T11:44:00","date_gmt":"2025-03-23T11:44:00","guid":{"rendered":"https:\/\/aromasentia.com\/product\/druids-forest-blend-1kg\/"},"modified":"2025-06-23T19:27:57","modified_gmt":"2025-06-23T19:27:57","slug":"melange-foret-druide-1kg","status":"publish","type":"product","link":"https:\/\/aromasentia.com\/fr\/melange-foret-druide-1kg\/","title":{"rendered":"M\u00e9lange For\u00eat Druide 1Kg"},"content":{"rendered":"<p>Ce mixe de m\u00fbre, cerise framboise et fraise est un d\u00e9licieux m\u00e9lange de saveures d&rsquo;\u00e9t\u00e9. Un m\u00e9lange fruit\u00e9 aux lumineuses couleurs rouge cerise, il vous revitalisera d\u00e8s la premi\u00e8re gorg\u00e9e.&nbsp;<\/p>\n<p>Nos ma\u00eetres du th\u00e9 s\u00e9lectionnent des ingr\u00e9dients 100% naturels pour cr\u00e9er ce m\u00e9lange. Un lit d&rsquo;\u00e9glantier, d&rsquo;hibiscus et de pommes coup\u00e9s, pr\u00e9pare le terrain pour nos baies de fin d&rsquo;\u00e9t\u00e9 et nos fleurs d&rsquo;hibiscus pr\u00e9f\u00e9r\u00e9es.&nbsp;<\/p>\n<p>Le th\u00e9 \u00e0 la framboise rouge contient encore beaucoup de bonnes choses telles que des&nbsp;min\u00e9raux essentiels, des vitamines et des antioxydants.<\/p>\n<p>Ce sachet de1KG d\u00e9j\u00e0 \u00e9tiquet\u00e9 est pr\u00eat \u00e0 \u00eatre vendu directement.&nbsp;<\/p>\n<p>Utilisation: 4gr pour 200ml d&rsquo;eau \u00e0 95&ordm;C et laisser infuser de 5 \u00e0 7 minutes.&nbsp;<\/p>\n<p>Ce produit peut contenir des traces de gluten, oeuf, arachides, soja, lait, noix, graines de s\u00e9same et sulfites.<\/p>\n","protected":false},"excerpt":{"rendered":"<p>Ce mixe de m\u00fbre, cerise framboise et fraise est un d\u00e9licieux m\u00e9lange de saveures d&rsquo;\u00e9t\u00e9. Un m\u00e9lange fruit\u00e9 aux lumineuses couleurs rouge cerise, il vous revitalisera d\u00e8s la premi\u00e8re gorg\u00e9e.&nbsp; Nos ma\u00eetres du th\u00e9 s\u00e9lectionnent des ingr\u00e9dients 100% naturels pour cr\u00e9er ce m\u00e9lange. Un lit d&rsquo;\u00e9glantier, d&rsquo;hibiscus et de pommes coup\u00e9s, pr\u00e9pare le terrain pour [&hellip;]<\/p>\n","protected":false},"featured_media":431999,"comment_status":"closed","ping_status":"open","template":"","meta":{"_angie_page":false},"product_brand":[],"product_cat":[26699,25039],"product_tag":[],"class_list":{"0":"post-245980","1":"product","2":"type-product","3":"status-publish","4":"has-post-thumbnail","6":"product_cat-melanges-de-the","7":"product_cat-the-et-accessoires","8":"pa_collection-artisan-tea-blends-1kg-fr","9":"pa_made-in-egypte","11":"first","12":"instock","13":"purchasable","14":"product-type-simple"},"supplier_id":null,"supplier_sku":"ArTea-01","barcode":null,"atum_controlled":true,"out_stock_date":null,"out_stock_threshold":null,"inheritable":false,"inbound_stock":null,"stock_on_hold":0,"sold_today":0,"sales_last_days":0,"reserved_stock":null,"customer_returns":null,"warehouse_damage":null,"lost_in_post":null,"other_logs":null,"out_stock_days":13,"lost_sales":0,"has_location":null,"update_date":"2026-04-27T06:50:47","atum_locations":[],"atum_stock_status":"instock","restock_status":false,"low_stock_amount":"","sales_update_date":"2026-01-30T01:24:49","calc_backorders":null,"_links":{"self":[{"href":"https:\/\/aromasentia.com\/fr\/wp-json\/wp\/v2\/product\/245980","targetHints":{"allow":["GET"]}}],"collection":[{"href":"https:\/\/aromasentia.com\/fr\/wp-json\/wp\/v2\/product"}],"about":[{"href":"https:\/\/aromasentia.com\/fr\/wp-json\/wp\/v2\/types\/product"}],"replies":[{"embeddable":true,"href":"https:\/\/aromasentia.com\/fr\/wp-json\/wp\/v2\/comments?post=245980"}],"version-history":[{"count":0,"href":"https:\/\/aromasentia.com\/fr\/wp-json\/wp\/v2\/product\/245980\/revisions"}],"wp:featuredmedia":[{"embeddable":true,"href":"https:\/\/aromasentia.com\/fr\/wp-json\/wp\/v2\/media\/431999"}],"wp:attachment":[{"href":"https:\/\/aromasentia.com\/fr\/wp-json\/wp\/v2\/media?parent=245980"}],"wp:term":[{"taxonomy":"product_brand","embeddable":true,"href":"https:\/\/aromasentia.com\/fr\/wp-json\/wp\/v2\/product_brand?post=245980"},{"taxonomy":"product_cat","embeddable":true,"href":"https:\/\/aromasentia.com\/fr\/wp-json\/wp\/v2\/product_cat?post=245980"},{"taxonomy":"product_tag","embeddable":true,"href":"https:\/\/aromasentia.com\/fr\/wp-json\/wp\/v2\/product_tag?post=245980"}],"curies":[{"name":"wp","href":"https:\/\/api.w.org\/{rel}","templated":true}]}}