{"id":245968,"date":"2025-03-23T11:44:00","date_gmt":"2025-03-23T11:44:00","guid":{"rendered":"https:\/\/aromasentia.com\/product\/merlins-favorite-earl-grey-1kg\/"},"modified":"2025-06-23T19:27:56","modified_gmt":"2025-06-23T19:27:56","slug":"earl-grey-prefere-de-merlin-1kg","status":"publish","type":"product","link":"https:\/\/aromasentia.com\/fr\/earl-grey-prefere-de-merlin-1kg\/","title":{"rendered":"Earl Grey pr\u00e9f\u00e9r\u00e9 de Merlin 1Kg"},"content":{"rendered":"<p>Cr\u00e9\u00e9 pour le premier ministre anglais Charles Gray il y a plus de 180 ans, ce m\u00e9lange unique au go\u00fbt frais est devenu l\u2019un des favoris en Angleterre. Pour une exp\u00e9rience Earl Grey compl\u00e8te et parfum\u00e9e, notre vari\u00e9t\u00e9 de th\u00e9 noir est le choix parfait.&nbsp;<\/p>\n<p>Le th\u00e9 noir est utilis\u00e9 pour am\u00e9liorer la vigilance mentale ainsi que les comp\u00e9tences d&rsquo;apprentissage, de m\u00e9moire et de traitement de l&rsquo;information. \u00e9galement riche en anti-oxydant, le th\u00e9 noir permet de lutter contre le vieillissement de la peau.&nbsp;<\/p>\n<p>Ce sachet de 1Kg d\u00e9j\u00e0 \u00e9tiquet\u00e9 est pr\u00eat \u00e0 \u00eatre vendu directement.<\/p>\n<p>UTILISATION :&nbsp;2 \u00e0 3 grammes pour 200 ml d&rsquo;eau \u00e0 90&deg;C-95&deg;C et laisser infuser de 3 \u00e0 4 minutes. Ajoutez du lait ou un substitut \u00e0 base de plantes.<\/p>\n<p>Ce produit peut contenir des traces de gluten, oeuf, arachides, soja, lait, noix, graines de s\u00e9same et sulfites.<\/p>\n","protected":false},"excerpt":{"rendered":"<p>Cr\u00e9\u00e9 pour le premier ministre anglais Charles Gray il y a plus de 180 ans, ce m\u00e9lange unique au go\u00fbt frais est devenu l\u2019un des favoris en Angleterre. Pour une exp\u00e9rience Earl Grey compl\u00e8te et parfum\u00e9e, notre vari\u00e9t\u00e9 de th\u00e9 noir est le choix parfait.&nbsp; Le th\u00e9 noir est utilis\u00e9 pour am\u00e9liorer la vigilance mentale [&hellip;]<\/p>\n","protected":false},"featured_media":432141,"comment_status":"closed","ping_status":"open","template":"","meta":{"_angie_page":false},"product_brand":[],"product_cat":[25039],"product_tag":[],"class_list":{"0":"post-245968","1":"product","2":"type-product","3":"status-publish","4":"has-post-thumbnail","6":"product_cat-the-et-accessoires","7":"pa_collection-artisan-tea-blends-1kg-fr","8":"pa_made-in-chine","10":"first","11":"instock","12":"purchasable","13":"product-type-simple"},"supplier_id":null,"supplier_sku":"ArTea-07","barcode":null,"atum_controlled":true,"out_stock_date":null,"out_stock_threshold":null,"inheritable":false,"inbound_stock":null,"stock_on_hold":0,"sold_today":0,"sales_last_days":0,"reserved_stock":null,"customer_returns":null,"warehouse_damage":null,"lost_in_post":null,"other_logs":null,"out_stock_days":21,"lost_sales":0,"has_location":null,"update_date":"2026-04-27T06:50:47","atum_locations":[],"atum_stock_status":"instock","restock_status":false,"low_stock_amount":"","sales_update_date":"2026-01-30T01:24:28","calc_backorders":null,"_links":{"self":[{"href":"https:\/\/aromasentia.com\/fr\/wp-json\/wp\/v2\/product\/245968","targetHints":{"allow":["GET"]}}],"collection":[{"href":"https:\/\/aromasentia.com\/fr\/wp-json\/wp\/v2\/product"}],"about":[{"href":"https:\/\/aromasentia.com\/fr\/wp-json\/wp\/v2\/types\/product"}],"replies":[{"embeddable":true,"href":"https:\/\/aromasentia.com\/fr\/wp-json\/wp\/v2\/comments?post=245968"}],"version-history":[{"count":0,"href":"https:\/\/aromasentia.com\/fr\/wp-json\/wp\/v2\/product\/245968\/revisions"}],"wp:featuredmedia":[{"embeddable":true,"href":"https:\/\/aromasentia.com\/fr\/wp-json\/wp\/v2\/media\/432141"}],"wp:attachment":[{"href":"https:\/\/aromasentia.com\/fr\/wp-json\/wp\/v2\/media?parent=245968"}],"wp:term":[{"taxonomy":"product_brand","embeddable":true,"href":"https:\/\/aromasentia.com\/fr\/wp-json\/wp\/v2\/product_brand?post=245968"},{"taxonomy":"product_cat","embeddable":true,"href":"https:\/\/aromasentia.com\/fr\/wp-json\/wp\/v2\/product_cat?post=245968"},{"taxonomy":"product_tag","embeddable":true,"href":"https:\/\/aromasentia.com\/fr\/wp-json\/wp\/v2\/product_tag?post=245968"}],"curies":[{"name":"wp","href":"https:\/\/api.w.org\/{rel}","templated":true}]}}