{"id":245965,"date":"2025-03-23T11:44:00","date_gmt":"2025-03-23T11:44:00","guid":{"rendered":"https:\/\/aromasentia.com\/product\/hidden-islands-blend-1kg\/"},"modified":"2025-06-23T19:27:55","modified_gmt":"2025-06-23T19:27:55","slug":"melange-iles-cachees-1kg","status":"publish","type":"product","link":"https:\/\/aromasentia.com\/fr\/melange-iles-cachees-1kg\/","title":{"rendered":"M\u00e9lange \u00celes Cach\u00e9es 1Kg"},"content":{"rendered":"<p>D\u00e9couvrez cette irr\u00e9sistible infusion \u00e0 la saveur exotique. Des fruits tentants et de l&rsquo;hibiscus coup\u00e9, plein de saveurs extraordinaires et d&rsquo;ingr\u00e9dients naturels.&nbsp;<\/p>\n<p>L&rsquo;infusion Pi&ntilde;a Colada est une boisson tropicale \u00e0 base d&rsquo;ananas, d&rsquo;\u00e9glantier, de pommes et de copeaux de noix de coco.&nbsp;<\/p>\n<p>La saveur rafra\u00eechissante de cette infusion est id\u00e9ale pour les chaudes journ\u00e9es d&rsquo;\u00e9t\u00e9. Elle aidera \u00e0 renforcer les d\u00e9fenses immunitaires et apportera un regain d&rsquo;\u00e9nergie \u00e0 l&rsquo;organisme.&nbsp;<\/p>\n<p>Ce sachet de 1Kg d\u00e9j\u00e0 \u00e9tiquet\u00e9 est pr\u00eat \u00e0 \u00eatre vendu directement.<\/p>\n<p>UTILISATION :&nbsp;4 grammes pour 200 ml d&rsquo;eau \u00e0 95 &deg; C et laisser infuser de 5 \u00e0 7 minutes.<\/p>\n<p>Ce produit peut contenir des traces de gluten, oeuf, arachides, soja, lait, noix, graines de s\u00e9same et sulfites.<\/p>\n","protected":false},"excerpt":{"rendered":"<p>D\u00e9couvrez cette irr\u00e9sistible infusion \u00e0 la saveur exotique. Des fruits tentants et de l&rsquo;hibiscus coup\u00e9, plein de saveurs extraordinaires et d&rsquo;ingr\u00e9dients naturels.&nbsp; L&rsquo;infusion Pi&ntilde;a Colada est une boisson tropicale \u00e0 base d&rsquo;ananas, d&rsquo;\u00e9glantier, de pommes et de copeaux de noix de coco.&nbsp; La saveur rafra\u00eechissante de cette infusion est id\u00e9ale pour les chaudes journ\u00e9es d&rsquo;\u00e9t\u00e9. [&hellip;]<\/p>\n","protected":false},"featured_media":432116,"comment_status":"closed","ping_status":"open","template":"","meta":{"_angie_page":false},"product_brand":[],"product_cat":[26699,25039],"product_tag":[],"class_list":{"0":"post-245965","1":"product","2":"type-product","3":"status-publish","4":"has-post-thumbnail","6":"product_cat-melanges-de-the","7":"product_cat-the-et-accessoires","8":"pa_collection-artisan-tea-blends-1kg-fr","9":"pa_made-in-thailande","11":"first","12":"instock","13":"purchasable","14":"product-type-simple"},"supplier_id":null,"supplier_sku":"ArTea-06","barcode":null,"atum_controlled":true,"out_stock_date":null,"out_stock_threshold":null,"inheritable":false,"inbound_stock":null,"stock_on_hold":0,"sold_today":0,"sales_last_days":0,"reserved_stock":null,"customer_returns":null,"warehouse_damage":null,"lost_in_post":null,"other_logs":null,"out_stock_days":0,"lost_sales":0,"has_location":null,"update_date":"2026-05-08T05:03:47","atum_locations":[],"atum_stock_status":"instock","restock_status":false,"low_stock_amount":"","sales_update_date":"2026-01-20T05:13:45","calc_backorders":null,"_links":{"self":[{"href":"https:\/\/aromasentia.com\/fr\/wp-json\/wp\/v2\/product\/245965","targetHints":{"allow":["GET"]}}],"collection":[{"href":"https:\/\/aromasentia.com\/fr\/wp-json\/wp\/v2\/product"}],"about":[{"href":"https:\/\/aromasentia.com\/fr\/wp-json\/wp\/v2\/types\/product"}],"replies":[{"embeddable":true,"href":"https:\/\/aromasentia.com\/fr\/wp-json\/wp\/v2\/comments?post=245965"}],"version-history":[{"count":0,"href":"https:\/\/aromasentia.com\/fr\/wp-json\/wp\/v2\/product\/245965\/revisions"}],"wp:featuredmedia":[{"embeddable":true,"href":"https:\/\/aromasentia.com\/fr\/wp-json\/wp\/v2\/media\/432116"}],"wp:attachment":[{"href":"https:\/\/aromasentia.com\/fr\/wp-json\/wp\/v2\/media?parent=245965"}],"wp:term":[{"taxonomy":"product_brand","embeddable":true,"href":"https:\/\/aromasentia.com\/fr\/wp-json\/wp\/v2\/product_brand?post=245965"},{"taxonomy":"product_cat","embeddable":true,"href":"https:\/\/aromasentia.com\/fr\/wp-json\/wp\/v2\/product_cat?post=245965"},{"taxonomy":"product_tag","embeddable":true,"href":"https:\/\/aromasentia.com\/fr\/wp-json\/wp\/v2\/product_tag?post=245965"}],"curies":[{"name":"wp","href":"https:\/\/api.w.org\/{rel}","templated":true}]}}