{"id":245947,"date":"2025-03-23T11:44:23","date_gmt":"2025-03-23T11:44:23","guid":{"rendered":"https:\/\/aromasentia.com\/product\/bio-classic-green-tea-with-lemon-and-ginger-1kg\/"},"modified":"2025-06-23T19:27:51","modified_gmt":"2025-06-23T19:27:51","slug":"the-vert-bio-classique-au-citron-et-gingembre-1kg","status":"publish","type":"product","link":"https:\/\/aromasentia.com\/fr\/the-vert-bio-classique-au-citron-et-gingembre-1kg\/","title":{"rendered":"Th\u00e9 Vert BIO Classique au Citron et Gingembre 1Kg"},"content":{"rendered":"<p>D\u00e9couvrez notre th\u00e9 vert au citron <strong>BIO<\/strong>. C&rsquo;est un compl\u00e9ment naturel de vitamines et d&rsquo;antioxydants qui vous aidera \u00e0 bien d\u00e9marrer la journ\u00e9e, pour cette raison de nombreuses personnes l&rsquo;ont d\u00e9j\u00e0 ajout\u00e9 \u00e0 leur habitude alimentaire, principalement au petit-d\u00e9jeuner.<\/p>\n<p>&nbsp;Avec une saveur intense, un ar\u00f4me citrique et une touche acide, le th\u00e9 vert au citron \u00e9cologique fait partie de ces boissons dont les bienfaits sont per&ccedil;us presque instantan\u00e9ment: il apporte bien-\u00eatre, \u00e9nergie et cet optimisme dont nous avons tous besoin le matin !<\/p>\n<p>Ce sachet de 1Kg d\u00e9j\u00e0 \u00e9tiquet\u00e9 est pr\u00eat \u00e0 \u00eatre vendu directement.<\/p>\n<p>UTILISATION :&nbsp;2 \u00e0 3 grammes pour 200 ml d&rsquo;eau \u00e0 70&deg;C-80&deg;C et laisser infuser de 3 \u00e0 4 minutes.<\/p>\n<p>Ce produit peut contenir des traces de gluten, oeuf, arachides, soja, lait, noix, graines de s\u00e9same et sulfites.<\/p>\n","protected":false},"excerpt":{"rendered":"<p>D\u00e9couvrez notre th\u00e9 vert au citron BIO. C&rsquo;est un compl\u00e9ment naturel de vitamines et d&rsquo;antioxydants qui vous aidera \u00e0 bien d\u00e9marrer la journ\u00e9e, pour cette raison de nombreuses personnes l&rsquo;ont d\u00e9j\u00e0 ajout\u00e9 \u00e0 leur habitude alimentaire, principalement au petit-d\u00e9jeuner. &nbsp;Avec une saveur intense, un ar\u00f4me citrique et une touche acide, le th\u00e9 vert au citron [&hellip;]<\/p>\n","protected":false},"featured_media":432326,"comment_status":"closed","ping_status":"open","template":"","meta":{"_angie_page":false},"product_brand":[],"product_cat":[25039,26694],"product_tag":[],"class_list":{"0":"post-245947","1":"product","2":"type-product","3":"status-publish","4":"has-post-thumbnail","6":"product_cat-the-et-accessoires","7":"product_cat-the-vert","8":"pa_collection-artisan-tea-blends-1kg-fr","9":"pa_made-in-chine","11":"first","12":"instock","13":"purchasable","14":"product-type-simple"},"supplier_id":null,"supplier_sku":"ArTea-16","barcode":null,"atum_controlled":true,"out_stock_date":null,"out_stock_threshold":null,"inheritable":false,"inbound_stock":null,"stock_on_hold":0,"sold_today":0,"sales_last_days":0,"reserved_stock":null,"customer_returns":null,"warehouse_damage":null,"lost_in_post":null,"other_logs":null,"out_stock_days":15,"lost_sales":0,"has_location":null,"update_date":"2026-04-27T06:50:56","atum_locations":[],"atum_stock_status":"instock","restock_status":false,"low_stock_amount":"","sales_update_date":"2026-01-30T01:24:44","calc_backorders":null,"_links":{"self":[{"href":"https:\/\/aromasentia.com\/fr\/wp-json\/wp\/v2\/product\/245947","targetHints":{"allow":["GET"]}}],"collection":[{"href":"https:\/\/aromasentia.com\/fr\/wp-json\/wp\/v2\/product"}],"about":[{"href":"https:\/\/aromasentia.com\/fr\/wp-json\/wp\/v2\/types\/product"}],"replies":[{"embeddable":true,"href":"https:\/\/aromasentia.com\/fr\/wp-json\/wp\/v2\/comments?post=245947"}],"version-history":[{"count":0,"href":"https:\/\/aromasentia.com\/fr\/wp-json\/wp\/v2\/product\/245947\/revisions"}],"wp:featuredmedia":[{"embeddable":true,"href":"https:\/\/aromasentia.com\/fr\/wp-json\/wp\/v2\/media\/432326"}],"wp:attachment":[{"href":"https:\/\/aromasentia.com\/fr\/wp-json\/wp\/v2\/media?parent=245947"}],"wp:term":[{"taxonomy":"product_brand","embeddable":true,"href":"https:\/\/aromasentia.com\/fr\/wp-json\/wp\/v2\/product_brand?post=245947"},{"taxonomy":"product_cat","embeddable":true,"href":"https:\/\/aromasentia.com\/fr\/wp-json\/wp\/v2\/product_cat?post=245947"},{"taxonomy":"product_tag","embeddable":true,"href":"https:\/\/aromasentia.com\/fr\/wp-json\/wp\/v2\/product_tag?post=245947"}],"curies":[{"name":"wp","href":"https:\/\/api.w.org\/{rel}","templated":true}]}}