{"id":245899,"date":"2025-03-23T11:45:20","date_gmt":"2025-03-23T11:45:20","guid":{"rendered":"https:\/\/aromasentia.com\/product\/50g-bio-classic-green-tea-with-lemon-and-ginger\/"},"modified":"2025-06-23T19:27:40","modified_gmt":"2025-06-23T19:27:40","slug":"the-vert-classique-au-citron-et-au-gingembre-bio","status":"publish","type":"product","link":"https:\/\/aromasentia.com\/fr\/the-vert-classique-au-citron-et-au-gingembre-bio\/","title":{"rendered":"Th\u00e9 vert classique au citron et au gingembre BIO"},"content":{"rendered":"<p>D\u00e9couvrez notre th\u00e9 vert au citron BIO. C&rsquo;est un compl\u00e9ment naturel de vitamines et d&rsquo;antioxydants qui vous aidera \u00e0 bien d\u00e9marrer la journ\u00e9e, pour cette raison de nombreuses personnes l&rsquo;ont d\u00e9j\u00e0 ajout\u00e9 \u00e0 leur habitude alimentaire, principalement au petit-d\u00e9jeuner.<\/p>\n<p>&nbsp;Avec une saveur intense, un ar\u00f4me citrique et une touche acide, le th\u00e9 vert au citron \u00e9cologique fait partie de ces boissons dont les bienfaits sont per&ccedil;us presque instantan\u00e9ment: il apporte bien-\u00eatre, \u00e9nergie et cet optimisme dont nous avons tous besoin le matin !<\/p>\n<p>Ce sachet de <strong>50 grammes<\/strong> d\u00e9j\u00e0 \u00e9tiquet\u00e9 est pr\u00eat \u00e0 \u00eatre vendu directement.<\/p>\n<p>UTILISATION :&nbsp;2 \u00e0 3 grammes pour 200 ml d&rsquo;eau \u00e0 70&deg;C-80&deg;C et laisser infuser de 3 \u00e0 4 minutes.<\/p>\n<p>Ce produit peut contenir des traces de gluten, oeuf, arachides, soja, lait, noix, graines de s\u00e9same et sulfites.<\/p>\n","protected":false},"excerpt":{"rendered":"<p>D\u00e9couvrez notre th\u00e9 vert au citron BIO. C&rsquo;est un compl\u00e9ment naturel de vitamines et d&rsquo;antioxydants qui vous aidera \u00e0 bien d\u00e9marrer la journ\u00e9e, pour cette raison de nombreuses personnes l&rsquo;ont d\u00e9j\u00e0 ajout\u00e9 \u00e0 leur habitude alimentaire, principalement au petit-d\u00e9jeuner. &nbsp;Avec une saveur intense, un ar\u00f4me citrique et une touche acide, le th\u00e9 vert au citron [&hellip;]<\/p>\n","protected":false},"featured_media":432662,"comment_status":"closed","ping_status":"open","template":"","meta":{"_angie_page":false},"product_brand":[],"product_cat":[25039,26694],"product_tag":[],"class_list":{"0":"post-245899","1":"product","2":"type-product","3":"status-publish","4":"has-post-thumbnail","6":"product_cat-the-et-accessoires","7":"product_cat-the-vert","8":"pa_collection-artisan-tea-blends-50g-fr","9":"pa_made-in-chine","10":"pa_size-50g","12":"first","13":"instock","14":"purchasable","15":"product-type-simple"},"supplier_id":null,"supplier_sku":"ArTeaP-16","barcode":null,"atum_controlled":true,"out_stock_date":null,"out_stock_threshold":null,"inheritable":false,"inbound_stock":null,"stock_on_hold":0,"sold_today":0,"sales_last_days":0,"reserved_stock":null,"customer_returns":null,"warehouse_damage":null,"lost_in_post":null,"other_logs":null,"out_stock_days":0,"lost_sales":0,"has_location":null,"update_date":"2026-05-08T05:03:47","atum_locations":[],"atum_stock_status":"instock","restock_status":false,"low_stock_amount":"","sales_update_date":"2025-10-09T03:23:39","calc_backorders":null,"_links":{"self":[{"href":"https:\/\/aromasentia.com\/fr\/wp-json\/wp\/v2\/product\/245899","targetHints":{"allow":["GET"]}}],"collection":[{"href":"https:\/\/aromasentia.com\/fr\/wp-json\/wp\/v2\/product"}],"about":[{"href":"https:\/\/aromasentia.com\/fr\/wp-json\/wp\/v2\/types\/product"}],"replies":[{"embeddable":true,"href":"https:\/\/aromasentia.com\/fr\/wp-json\/wp\/v2\/comments?post=245899"}],"version-history":[{"count":0,"href":"https:\/\/aromasentia.com\/fr\/wp-json\/wp\/v2\/product\/245899\/revisions"}],"wp:featuredmedia":[{"embeddable":true,"href":"https:\/\/aromasentia.com\/fr\/wp-json\/wp\/v2\/media\/432662"}],"wp:attachment":[{"href":"https:\/\/aromasentia.com\/fr\/wp-json\/wp\/v2\/media?parent=245899"}],"wp:term":[{"taxonomy":"product_brand","embeddable":true,"href":"https:\/\/aromasentia.com\/fr\/wp-json\/wp\/v2\/product_brand?post=245899"},{"taxonomy":"product_cat","embeddable":true,"href":"https:\/\/aromasentia.com\/fr\/wp-json\/wp\/v2\/product_cat?post=245899"},{"taxonomy":"product_tag","embeddable":true,"href":"https:\/\/aromasentia.com\/fr\/wp-json\/wp\/v2\/product_tag?post=245899"}],"curies":[{"name":"wp","href":"https:\/\/api.w.org\/{rel}","templated":true}]}}