{"id":245896,"date":"2025-03-23T11:45:20","date_gmt":"2025-03-23T11:45:20","guid":{"rendered":"https:\/\/aromasentia.com\/product\/50g-dark-brown-magic\/"},"modified":"2025-06-23T19:27:40","modified_gmt":"2025-06-23T19:27:40","slug":"magie-marron-fonce","status":"publish","type":"product","link":"https:\/\/aromasentia.com\/fr\/magie-marron-fonce\/","title":{"rendered":"Magie Marron Fonc\u00e9"},"content":{"rendered":"<p>Vous avez envie de quelque chose de sucr\u00e9 mais vous ne voulez pas p\u00e9cher dans votre alimentation ? Le th\u00e9 noir est un \u00e9nergisant sain qui activera votre corps avec ce d\u00e9licieux m\u00e9lange aromatis\u00e9. M\u00e9langez-le avec du lait les apr\u00e8s-midi d&rsquo;hiver froids ou pour commencer la journ\u00e9e plus heureux.&nbsp;<\/p>\n<p>Ne r\u00e9sistez pas \u00e0 cette friandise saine et sucr\u00e9e !&nbsp;<\/p>\n<p>Ce sachet de <strong>50 grammes<\/strong> d\u00e9j\u00e0 \u00e9tiquet\u00e9 est pr\u00eat \u00e0 \u00eatre vendu directement.<\/p>\n<p>UTILISATION :&nbsp;2 \u00e0 3 grammes pour 200 ml d&rsquo;eau \u00e0 90&deg;C-95&deg;C et laisser infuser de 3 \u00e0 4 minutes. Ajoutez du lait ou un substitut \u00e0 base de plantes.<\/p>\n<p>CONTIENT : SOJA, LAIT, AMANDE, BEURRE.<\/p>\n<p>Ce produit peut contenir des traces de gluten, oeuf, arachides, soja, lait, noix, graines de s\u00e9same et sulfites.<\/p>\n","protected":false},"excerpt":{"rendered":"<p>Vous avez envie de quelque chose de sucr\u00e9 mais vous ne voulez pas p\u00e9cher dans votre alimentation ? Le th\u00e9 noir est un \u00e9nergisant sain qui activera votre corps avec ce d\u00e9licieux m\u00e9lange aromatis\u00e9. M\u00e9langez-le avec du lait les apr\u00e8s-midi d&rsquo;hiver froids ou pour commencer la journ\u00e9e plus heureux.&nbsp; Ne r\u00e9sistez pas \u00e0 cette friandise [&hellip;]<\/p>\n","protected":false},"featured_media":432645,"comment_status":"closed","ping_status":"open","template":"","meta":{"_angie_page":false},"product_brand":[],"product_cat":[25039],"product_tag":[],"class_list":{"0":"post-245896","1":"product","2":"type-product","3":"status-publish","4":"has-post-thumbnail","6":"product_cat-the-et-accessoires","7":"pa_collection-artisan-tea-blends-50g-fr","8":"pa_made-in-chine","9":"pa_size-50g","11":"first","12":"instock","13":"purchasable","14":"product-type-simple"},"supplier_id":null,"supplier_sku":"ArTeaP-15","barcode":null,"atum_controlled":true,"out_stock_date":null,"out_stock_threshold":null,"inheritable":false,"inbound_stock":null,"stock_on_hold":0,"sold_today":0,"sales_last_days":0,"reserved_stock":null,"customer_returns":null,"warehouse_damage":null,"lost_in_post":null,"other_logs":null,"out_stock_days":0,"lost_sales":0,"has_location":null,"update_date":"2026-05-08T05:03:47","atum_locations":[],"atum_stock_status":"instock","restock_status":false,"low_stock_amount":"","sales_update_date":"2025-10-09T03:23:39","calc_backorders":null,"_links":{"self":[{"href":"https:\/\/aromasentia.com\/fr\/wp-json\/wp\/v2\/product\/245896","targetHints":{"allow":["GET"]}}],"collection":[{"href":"https:\/\/aromasentia.com\/fr\/wp-json\/wp\/v2\/product"}],"about":[{"href":"https:\/\/aromasentia.com\/fr\/wp-json\/wp\/v2\/types\/product"}],"replies":[{"embeddable":true,"href":"https:\/\/aromasentia.com\/fr\/wp-json\/wp\/v2\/comments?post=245896"}],"version-history":[{"count":0,"href":"https:\/\/aromasentia.com\/fr\/wp-json\/wp\/v2\/product\/245896\/revisions"}],"wp:featuredmedia":[{"embeddable":true,"href":"https:\/\/aromasentia.com\/fr\/wp-json\/wp\/v2\/media\/432645"}],"wp:attachment":[{"href":"https:\/\/aromasentia.com\/fr\/wp-json\/wp\/v2\/media?parent=245896"}],"wp:term":[{"taxonomy":"product_brand","embeddable":true,"href":"https:\/\/aromasentia.com\/fr\/wp-json\/wp\/v2\/product_brand?post=245896"},{"taxonomy":"product_cat","embeddable":true,"href":"https:\/\/aromasentia.com\/fr\/wp-json\/wp\/v2\/product_cat?post=245896"},{"taxonomy":"product_tag","embeddable":true,"href":"https:\/\/aromasentia.com\/fr\/wp-json\/wp\/v2\/product_tag?post=245896"}],"curies":[{"name":"wp","href":"https:\/\/api.w.org\/{rel}","templated":true}]}}