{"id":245893,"date":"2025-03-23T11:45:20","date_gmt":"2025-03-23T11:45:20","guid":{"rendered":"https:\/\/aromasentia.com\/product\/50g-black-magic-blend\/"},"modified":"2025-06-23T19:27:39","modified_gmt":"2025-06-23T19:27:39","slug":"un-melange-de-magie-noire","status":"publish","type":"product","link":"https:\/\/aromasentia.com\/fr\/un-melange-de-magie-noire\/","title":{"rendered":"Un m\u00e9lange de magie noire"},"content":{"rendered":"<p>Ses propri\u00e9t\u00e9s essentielles sont sa saveur exotique et son&nbsp;pouvoir stimulant sur le syst\u00e8me nerveux, mais de mani\u00e8re naturelle et saine. Pris avec mod\u00e9ration au quotidien,&nbsp;il \u00e9vite les maladies cardiovasculaires et neurod\u00e9g\u00e9n\u00e9ratives, est diur\u00e9tique, ralentit le vieillissement des cellules, est anticanc\u00e9reux, am\u00e9liore les taux de mauvais cholest\u00e9rol dans le sang, la circulation et est un excellent rem\u00e8de en cas d&rsquo;hypotension et de propension aux vertiges.<\/p>\n<p>Ce sachet de<strong>&nbsp;50 grammes<\/strong> d\u00e9j\u00e0 \u00e9tiquet\u00e9 est pr\u00eat \u00e0 \u00eatre vendu directement.<\/p>\n<p>UTILISATION :&nbsp;2-3 grammes par 200 ml \u00e0 90 &deg; C-95 &deg; C et laisser reposer 3-4 minutes. Ajoutez du lait ou un substitut \u00e0 base de plantes.<\/p>\n<p>Ce produit peut contenir des traces de gluten, oeuf, arachides, soja, lait, noix, graines de s\u00e9same et sulfites.<\/p>\n","protected":false},"excerpt":{"rendered":"<p>Ses propri\u00e9t\u00e9s essentielles sont sa saveur exotique et son&nbsp;pouvoir stimulant sur le syst\u00e8me nerveux, mais de mani\u00e8re naturelle et saine. Pris avec mod\u00e9ration au quotidien,&nbsp;il \u00e9vite les maladies cardiovasculaires et neurod\u00e9g\u00e9n\u00e9ratives, est diur\u00e9tique, ralentit le vieillissement des cellules, est anticanc\u00e9reux, am\u00e9liore les taux de mauvais cholest\u00e9rol dans le sang, la circulation et est un excellent [&hellip;]<\/p>\n","protected":false},"featured_media":432628,"comment_status":"closed","ping_status":"open","template":"","meta":{"_angie_page":false},"product_brand":[],"product_cat":[26699,25039,26693],"product_tag":[],"class_list":{"0":"post-245893","1":"product","2":"type-product","3":"status-publish","4":"has-post-thumbnail","6":"product_cat-melanges-de-the","7":"product_cat-the-et-accessoires","8":"product_cat-the-noir","9":"pa_collection-artisan-tea-blends-50g-fr","10":"pa_made-in-chine","11":"pa_size-50g","13":"first","14":"instock","15":"purchasable","16":"product-type-simple"},"supplier_id":null,"supplier_sku":"ArTeaP-14","barcode":null,"atum_controlled":true,"out_stock_date":null,"out_stock_threshold":null,"inheritable":false,"inbound_stock":null,"stock_on_hold":0,"sold_today":0,"sales_last_days":0,"reserved_stock":null,"customer_returns":null,"warehouse_damage":null,"lost_in_post":null,"other_logs":null,"out_stock_days":0,"lost_sales":0,"has_location":null,"update_date":"2026-05-08T05:03:47","atum_locations":[],"atum_stock_status":"instock","restock_status":false,"low_stock_amount":"","sales_update_date":"2025-10-09T03:23:39","calc_backorders":null,"_links":{"self":[{"href":"https:\/\/aromasentia.com\/fr\/wp-json\/wp\/v2\/product\/245893","targetHints":{"allow":["GET"]}}],"collection":[{"href":"https:\/\/aromasentia.com\/fr\/wp-json\/wp\/v2\/product"}],"about":[{"href":"https:\/\/aromasentia.com\/fr\/wp-json\/wp\/v2\/types\/product"}],"replies":[{"embeddable":true,"href":"https:\/\/aromasentia.com\/fr\/wp-json\/wp\/v2\/comments?post=245893"}],"version-history":[{"count":0,"href":"https:\/\/aromasentia.com\/fr\/wp-json\/wp\/v2\/product\/245893\/revisions"}],"wp:featuredmedia":[{"embeddable":true,"href":"https:\/\/aromasentia.com\/fr\/wp-json\/wp\/v2\/media\/432628"}],"wp:attachment":[{"href":"https:\/\/aromasentia.com\/fr\/wp-json\/wp\/v2\/media?parent=245893"}],"wp:term":[{"taxonomy":"product_brand","embeddable":true,"href":"https:\/\/aromasentia.com\/fr\/wp-json\/wp\/v2\/product_brand?post=245893"},{"taxonomy":"product_cat","embeddable":true,"href":"https:\/\/aromasentia.com\/fr\/wp-json\/wp\/v2\/product_cat?post=245893"},{"taxonomy":"product_tag","embeddable":true,"href":"https:\/\/aromasentia.com\/fr\/wp-json\/wp\/v2\/product_tag?post=245893"}],"curies":[{"name":"wp","href":"https:\/\/api.w.org\/{rel}","templated":true}]}}