{"id":245890,"date":"2025-03-23T11:45:20","date_gmt":"2025-03-23T11:45:20","guid":{"rendered":"https:\/\/aromasentia.com\/product\/50g-mid-summer-magic\/"},"modified":"2025-06-23T19:27:39","modified_gmt":"2025-06-23T19:27:39","slug":"la-magie-du-solstice-dete","status":"publish","type":"product","link":"https:\/\/aromasentia.com\/fr\/la-magie-du-solstice-dete\/","title":{"rendered":"La magie du solstice d&rsquo;\u00e9t\u00e9"},"content":{"rendered":"<p>Ce th\u00e9 est parfait pour vos r\u00e9gimes d\u00e9tox et minceur. Cette combinaison contient les deux th\u00e9s les plus drainants pour vous aider dans votre alimentation : le th\u00e9 rouge et le th\u00e9 vert.&nbsp;<\/p>\n<p>Ces th\u00e9s sont concentr\u00e9s en&nbsp;anti-oxydant&nbsp;aidant ainsi l&rsquo;organisme \u00e0 pr\u00e9venir des maladies cardio-vasculaires et aide \u00e0 maintenir la ligne. La combinaison parfaite. Et \u00e0 cela, nous ajoutons le kiwi, la fraise, l&rsquo;hibiscus, la pomme et l&rsquo;\u00e9glantier.&nbsp;Une saveur d\u00e9licieusement fruit\u00e9e&nbsp;pour une infusion parfaite et saine.<\/p>\n<p>Ce sachet de <strong>50 grammes<\/strong> d\u00e9j\u00e0 \u00e9tiquet\u00e9 est pr\u00eat \u00e0 \u00eatre vendu directement.<\/p>\n<p>UTILISATION :&nbsp;2 \u00e0 3 grammes pour 200 ml d&rsquo;eau \u00e0 90&deg;C-95&deg;C et laisser infuser de 4 \u00e0 5 minutes.<\/p>\n<p>CONTIENT DU DIOXIDE DE SOUFRE.<\/p>\n<p>Ce produit peut contenir des traces de gluten, oeuf, arachides, soja, lait, noix, graines de s\u00e9same et sulfites.<\/p>\n","protected":false},"excerpt":{"rendered":"<p>Ce th\u00e9 est parfait pour vos r\u00e9gimes d\u00e9tox et minceur. Cette combinaison contient les deux th\u00e9s les plus drainants pour vous aider dans votre alimentation : le th\u00e9 rouge et le th\u00e9 vert.&nbsp; Ces th\u00e9s sont concentr\u00e9s en&nbsp;anti-oxydant&nbsp;aidant ainsi l&rsquo;organisme \u00e0 pr\u00e9venir des maladies cardio-vasculaires et aide \u00e0 maintenir la ligne. La combinaison parfaite. Et [&hellip;]<\/p>\n","protected":false},"featured_media":432611,"comment_status":"closed","ping_status":"open","template":"","meta":{"_angie_page":false},"product_brand":[],"product_cat":[25039],"product_tag":[],"class_list":{"0":"post-245890","1":"product","2":"type-product","3":"status-publish","4":"has-post-thumbnail","6":"product_cat-the-et-accessoires","7":"pa_collection-artisan-tea-blends-50g-fr","8":"pa_made-in-chine","9":"pa_size-50g","11":"first","12":"instock","13":"purchasable","14":"product-type-simple"},"supplier_id":null,"supplier_sku":"ArTeaP-13","barcode":null,"atum_controlled":true,"out_stock_date":null,"out_stock_threshold":null,"inheritable":false,"inbound_stock":null,"stock_on_hold":0,"sold_today":0,"sales_last_days":0,"reserved_stock":null,"customer_returns":null,"warehouse_damage":null,"lost_in_post":null,"other_logs":null,"out_stock_days":0,"lost_sales":0,"has_location":null,"update_date":"2026-05-08T05:03:47","atum_locations":[],"atum_stock_status":"instock","restock_status":false,"low_stock_amount":"","sales_update_date":"2025-10-09T03:23:39","calc_backorders":null,"_links":{"self":[{"href":"https:\/\/aromasentia.com\/fr\/wp-json\/wp\/v2\/product\/245890","targetHints":{"allow":["GET"]}}],"collection":[{"href":"https:\/\/aromasentia.com\/fr\/wp-json\/wp\/v2\/product"}],"about":[{"href":"https:\/\/aromasentia.com\/fr\/wp-json\/wp\/v2\/types\/product"}],"replies":[{"embeddable":true,"href":"https:\/\/aromasentia.com\/fr\/wp-json\/wp\/v2\/comments?post=245890"}],"version-history":[{"count":0,"href":"https:\/\/aromasentia.com\/fr\/wp-json\/wp\/v2\/product\/245890\/revisions"}],"wp:featuredmedia":[{"embeddable":true,"href":"https:\/\/aromasentia.com\/fr\/wp-json\/wp\/v2\/media\/432611"}],"wp:attachment":[{"href":"https:\/\/aromasentia.com\/fr\/wp-json\/wp\/v2\/media?parent=245890"}],"wp:term":[{"taxonomy":"product_brand","embeddable":true,"href":"https:\/\/aromasentia.com\/fr\/wp-json\/wp\/v2\/product_brand?post=245890"},{"taxonomy":"product_cat","embeddable":true,"href":"https:\/\/aromasentia.com\/fr\/wp-json\/wp\/v2\/product_cat?post=245890"},{"taxonomy":"product_tag","embeddable":true,"href":"https:\/\/aromasentia.com\/fr\/wp-json\/wp\/v2\/product_tag?post=245890"}],"curies":[{"name":"wp","href":"https:\/\/api.w.org\/{rel}","templated":true}]}}