{"id":245863,"date":"2025-03-23T11:45:44","date_gmt":"2025-03-23T11:45:44","guid":{"rendered":"https:\/\/aromasentia.com\/product\/50g-organic-culinary-matcha-tea\/"},"modified":"2025-06-23T19:27:33","modified_gmt":"2025-06-23T19:27:33","slug":"the-matcha-culinaire-bio-50-gr","status":"publish","type":"product","link":"https:\/\/aromasentia.com\/fr\/the-matcha-culinaire-bio-50-gr\/","title":{"rendered":"Th\u00e9 Matcha Culinaire Bio 50 gr"},"content":{"rendered":"<p><strong><span style=\"color: rgb(75, 80, 88);\">Le Matcha<\/span>&nbsp;<\/strong>est une fine poudre \u00e0 base de feuilles de th\u00e9 vert. Il a une couleur vert \u00e9meraude brillante et un go\u00fbt riche et v\u00e9g\u00e9tal. Les th\u00e9iers utilis\u00e9s pour fabriquer le matcha sont ombrag\u00e9s pendant les derni\u00e8res semaines pr\u00e9c\u00e9dant la r\u00e9colte, ce qui donne une feuille de th\u00e9 vert fonc\u00e9 qui contient des niveaux plus \u00e9lev\u00e9s de chlorophylle, de caf\u00e9ine et de l-th\u00e9anine.&nbsp;<\/p>\n<p>Une fois les feuilles de th\u00e9 r\u00e9colt\u00e9es, elles sont cuites \u00e0 la vapeur afin d&rsquo;arr\u00eater le processus d&rsquo;oxydation. Elles sont ensuite broy\u00e9es sur ,une pierre en une poudre fine et conditionn\u00e9s pour la vente.&nbsp;<\/p>\n<p>Le matcha de qualit\u00e9 culinaire est un matcha de qualit\u00e9 l\u00e9g\u00e8rement inf\u00e9rieure au matcha de qualit\u00e9 c\u00e9r\u00e9monial. Il est g\u00e9n\u00e9ralement moins cher et est con&ccedil;u pour \u00eatre ajout\u00e9 aux lattes, aux smoothies, aux produits de boulangerie et \u00e0 d&rsquo;autres recettes.&nbsp;<\/p>\n<p><strong><span style=\"color: rgb(75, 80, 88);\">Le matcha de qualit\u00e9 culinaire a tendance \u00e0 avoir une saveur plus audacieuse et moins nuanc\u00e9e con&ccedil;ue pour r\u00e9sister aux autres ingr\u00e9dients.<\/span><\/strong><\/p>\n","protected":false},"excerpt":{"rendered":"<p>Le Matcha&nbsp;est une fine poudre \u00e0 base de feuilles de th\u00e9 vert. Il a une couleur vert \u00e9meraude brillante et un go\u00fbt riche et v\u00e9g\u00e9tal. Les th\u00e9iers utilis\u00e9s pour fabriquer le matcha sont ombrag\u00e9s pendant les derni\u00e8res semaines pr\u00e9c\u00e9dant la r\u00e9colte, ce qui donne une feuille de th\u00e9 vert fonc\u00e9 qui contient des niveaux plus [&hellip;]<\/p>\n","protected":false},"featured_media":432750,"comment_status":"closed","ping_status":"open","template":"","meta":{"_angie_page":false},"product_brand":[],"product_cat":[25039,26698,26697],"product_tag":[],"class_list":{"0":"post-245863","1":"product","2":"type-product","3":"status-publish","4":"has-post-thumbnail","6":"product_cat-the-et-accessoires","7":"product_cat-the-bio","8":"product_cat-the-matcha","9":"pa_collection-artisan-tea-blends-50g-fr","10":"pa_made-in-japon","11":"pa_size-50g","13":"first","14":"instock","15":"purchasable","16":"product-type-simple"},"supplier_id":null,"supplier_sku":"ArTeap-25","barcode":null,"atum_controlled":true,"out_stock_date":null,"out_stock_threshold":null,"inheritable":false,"inbound_stock":null,"stock_on_hold":0,"sold_today":0,"sales_last_days":0,"reserved_stock":null,"customer_returns":null,"warehouse_damage":null,"lost_in_post":null,"other_logs":null,"out_stock_days":0,"lost_sales":0,"has_location":null,"update_date":"2026-04-27T06:51:02","atum_locations":[],"atum_stock_status":"instock","restock_status":false,"low_stock_amount":"","sales_update_date":"2026-02-06T00:01:32","calc_backorders":null,"_links":{"self":[{"href":"https:\/\/aromasentia.com\/fr\/wp-json\/wp\/v2\/product\/245863","targetHints":{"allow":["GET"]}}],"collection":[{"href":"https:\/\/aromasentia.com\/fr\/wp-json\/wp\/v2\/product"}],"about":[{"href":"https:\/\/aromasentia.com\/fr\/wp-json\/wp\/v2\/types\/product"}],"replies":[{"embeddable":true,"href":"https:\/\/aromasentia.com\/fr\/wp-json\/wp\/v2\/comments?post=245863"}],"version-history":[{"count":0,"href":"https:\/\/aromasentia.com\/fr\/wp-json\/wp\/v2\/product\/245863\/revisions"}],"wp:featuredmedia":[{"embeddable":true,"href":"https:\/\/aromasentia.com\/fr\/wp-json\/wp\/v2\/media\/432750"}],"wp:attachment":[{"href":"https:\/\/aromasentia.com\/fr\/wp-json\/wp\/v2\/media?parent=245863"}],"wp:term":[{"taxonomy":"product_brand","embeddable":true,"href":"https:\/\/aromasentia.com\/fr\/wp-json\/wp\/v2\/product_brand?post=245863"},{"taxonomy":"product_cat","embeddable":true,"href":"https:\/\/aromasentia.com\/fr\/wp-json\/wp\/v2\/product_cat?post=245863"},{"taxonomy":"product_tag","embeddable":true,"href":"https:\/\/aromasentia.com\/fr\/wp-json\/wp\/v2\/product_tag?post=245863"}],"curies":[{"name":"wp","href":"https:\/\/api.w.org\/{rel}","templated":true}]}}