{"id":245854,"date":"2025-03-23T11:45:44","date_gmt":"2025-03-23T11:45:44","guid":{"rendered":"https:\/\/aromasentia.com\/product\/50g-organic-biodigest-rooibos\/"},"modified":"2025-06-23T19:27:31","modified_gmt":"2025-06-23T19:27:31","slug":"50g-the-rooibos-bio","status":"publish","type":"product","link":"https:\/\/aromasentia.com\/fr\/50g-the-rooibos-bio\/","title":{"rendered":"50g Th\u00e9 Rooibos Bio"},"content":{"rendered":"<p>Ce m\u00e9lange est une combinaison d&rsquo;un rooibos d\u00e9licat avec de la menthe, de la camomille, de la citronnelle, de l&rsquo;anis et de la r\u00e9glisse.&nbsp;<\/p>\n<p><strong><span style=\"color: rgb(75, 80, 88);\">Rooibos<\/span><\/strong> poss\u00e8de de nombreuses propri\u00e9t\u00e9s pr\u00e9cieuses pour le corps humain. Il ne contient pas de caf\u00e9ine, il peut donc \u00eatre bu m\u00eame juste avant le coucher. Gr\u00e2ce \u00e0 l&rsquo;ajout de menthe et de camomille, notre rooibos a un effet b\u00e9n\u00e9fique sur l&rsquo;estomac et le syst\u00e8me digestif.&nbsp;<\/p>\n<p><strong><span style=\"color: rgb(141, 186, 216);\">Le Rooibos Bio Biodigest a un go\u00fbt tr\u00e8s int\u00e9ressant &#8211; rafra\u00eechissant, mais en revanche doux et \u00e9pic\u00e9, d\u00fb \u00e0 l&rsquo;ajout de r\u00e9glisse et d&rsquo;anis.<\/span><\/strong><\/p>\n","protected":false},"excerpt":{"rendered":"<p>Ce m\u00e9lange est une combinaison d&rsquo;un rooibos d\u00e9licat avec de la menthe, de la camomille, de la citronnelle, de l&rsquo;anis et de la r\u00e9glisse.&nbsp; Rooibos poss\u00e8de de nombreuses propri\u00e9t\u00e9s pr\u00e9cieuses pour le corps humain. Il ne contient pas de caf\u00e9ine, il peut donc \u00eatre bu m\u00eame juste avant le coucher. Gr\u00e2ce \u00e0 l&rsquo;ajout de menthe [&hellip;]<\/p>\n","protected":false},"featured_media":432715,"comment_status":"closed","ping_status":"open","template":"","meta":{"_angie_page":false},"product_brand":[],"product_cat":[25039,26698],"product_tag":[],"class_list":{"0":"post-245854","1":"product","2":"type-product","3":"status-publish","4":"has-post-thumbnail","6":"product_cat-the-et-accessoires","7":"product_cat-the-bio","8":"pa_collection-artisan-tea-blends-50g-fr","9":"pa_made-in-afrique-du-sud","10":"pa_size-50g","12":"first","13":"instock","14":"purchasable","15":"product-type-simple"},"supplier_id":null,"supplier_sku":"ArTeaP-22","barcode":null,"atum_controlled":true,"out_stock_date":null,"out_stock_threshold":null,"inheritable":false,"inbound_stock":null,"stock_on_hold":0,"sold_today":0,"sales_last_days":0,"reserved_stock":null,"customer_returns":null,"warehouse_damage":null,"lost_in_post":null,"other_logs":null,"out_stock_days":0,"lost_sales":0,"has_location":null,"update_date":"2026-04-27T06:51:02","atum_locations":[],"atum_stock_status":"instock","restock_status":false,"low_stock_amount":"","sales_update_date":"2026-02-06T00:01:56","calc_backorders":null,"_links":{"self":[{"href":"https:\/\/aromasentia.com\/fr\/wp-json\/wp\/v2\/product\/245854","targetHints":{"allow":["GET"]}}],"collection":[{"href":"https:\/\/aromasentia.com\/fr\/wp-json\/wp\/v2\/product"}],"about":[{"href":"https:\/\/aromasentia.com\/fr\/wp-json\/wp\/v2\/types\/product"}],"replies":[{"embeddable":true,"href":"https:\/\/aromasentia.com\/fr\/wp-json\/wp\/v2\/comments?post=245854"}],"version-history":[{"count":0,"href":"https:\/\/aromasentia.com\/fr\/wp-json\/wp\/v2\/product\/245854\/revisions"}],"wp:featuredmedia":[{"embeddable":true,"href":"https:\/\/aromasentia.com\/fr\/wp-json\/wp\/v2\/media\/432715"}],"wp:attachment":[{"href":"https:\/\/aromasentia.com\/fr\/wp-json\/wp\/v2\/media?parent=245854"}],"wp:term":[{"taxonomy":"product_brand","embeddable":true,"href":"https:\/\/aromasentia.com\/fr\/wp-json\/wp\/v2\/product_brand?post=245854"},{"taxonomy":"product_cat","embeddable":true,"href":"https:\/\/aromasentia.com\/fr\/wp-json\/wp\/v2\/product_cat?post=245854"},{"taxonomy":"product_tag","embeddable":true,"href":"https:\/\/aromasentia.com\/fr\/wp-json\/wp\/v2\/product_tag?post=245854"}],"curies":[{"name":"wp","href":"https:\/\/api.w.org\/{rel}","templated":true}]}}