{"id":245851,"date":"2025-03-23T11:45:44","date_gmt":"2025-03-23T11:45:44","guid":{"rendered":"https:\/\/aromasentia.com\/product\/50g-organic-chai-black-tea\/"},"modified":"2025-06-23T19:27:31","modified_gmt":"2025-06-23T19:27:31","slug":"50g-the-noir-bio-chai","status":"publish","type":"product","link":"https:\/\/aromasentia.com\/fr\/50g-the-noir-bio-chai\/","title":{"rendered":"50g Th\u00e9 Noir Bio &#8211; Chai"},"content":{"rendered":"<p>Ce m\u00e9lange vous emm\u00e8nera dans le myst\u00e9rieux Extr\u00eame-Orient, avec sa richesse de saveurs et de parfums.&nbsp;<\/p>\n<p>Dans cette composition, nous avons combin\u00e9 du<strong><span style=\"color: rgb(75, 80, 88);\">&nbsp;th\u00e9 noir<\/span><\/strong> avec des <strong><span style=\"color: rgb(75, 80, 88);\">\u00e9pices asiatiques<\/span><\/strong>.&nbsp;<\/p>\n<p>Sa saveur orientale provient d&rsquo;un riche bouquet aromatique compos\u00e9 de gingembre, clous de girofle, cannelle, cardamome et poivre.&nbsp;<\/p>\n<p><strong><span style=\"color: rgb(141, 186, 216);\">Parfait pour les soir\u00e9es fra\u00eeches, et aussi comme compl\u00e9ment \u00e0 la cuisine d&rsquo;Extr\u00eame-Orient. Il a meilleur go\u00fbt lorsqu&rsquo;il est servi avec du lait.<\/span><\/strong><\/p>\n","protected":false},"excerpt":{"rendered":"<p>Ce m\u00e9lange vous emm\u00e8nera dans le myst\u00e9rieux Extr\u00eame-Orient, avec sa richesse de saveurs et de parfums.&nbsp; Dans cette composition, nous avons combin\u00e9 du&nbsp;th\u00e9 noir avec des \u00e9pices asiatiques.&nbsp; Sa saveur orientale provient d&rsquo;un riche bouquet aromatique compos\u00e9 de gingembre, clous de girofle, cannelle, cardamome et poivre.&nbsp; Parfait pour les soir\u00e9es fra\u00eeches, et aussi comme compl\u00e9ment [&hellip;]<\/p>\n","protected":false},"featured_media":432706,"comment_status":"closed","ping_status":"open","template":"","meta":{"_angie_page":false},"product_brand":[],"product_cat":[25039,26698,26693],"product_tag":[],"class_list":{"0":"post-245851","1":"product","2":"type-product","3":"status-publish","4":"has-post-thumbnail","6":"product_cat-the-et-accessoires","7":"product_cat-the-bio","8":"product_cat-the-noir","9":"pa_collection-artisan-tea-blends-50g-fr","10":"pa_made-in-inde","11":"pa_size-50g","13":"first","14":"instock","15":"purchasable","16":"product-type-simple"},"supplier_id":null,"supplier_sku":"ArTeaP-20","barcode":null,"atum_controlled":true,"out_stock_date":null,"out_stock_threshold":null,"inheritable":false,"inbound_stock":null,"stock_on_hold":0,"sold_today":0,"sales_last_days":0,"reserved_stock":null,"customer_returns":null,"warehouse_damage":null,"lost_in_post":null,"other_logs":null,"out_stock_days":0,"lost_sales":0,"has_location":null,"update_date":"2026-04-27T06:51:02","atum_locations":[],"atum_stock_status":"instock","restock_status":false,"low_stock_amount":"","sales_update_date":"2026-02-06T00:02:44","calc_backorders":null,"_links":{"self":[{"href":"https:\/\/aromasentia.com\/fr\/wp-json\/wp\/v2\/product\/245851","targetHints":{"allow":["GET"]}}],"collection":[{"href":"https:\/\/aromasentia.com\/fr\/wp-json\/wp\/v2\/product"}],"about":[{"href":"https:\/\/aromasentia.com\/fr\/wp-json\/wp\/v2\/types\/product"}],"replies":[{"embeddable":true,"href":"https:\/\/aromasentia.com\/fr\/wp-json\/wp\/v2\/comments?post=245851"}],"version-history":[{"count":0,"href":"https:\/\/aromasentia.com\/fr\/wp-json\/wp\/v2\/product\/245851\/revisions"}],"wp:featuredmedia":[{"embeddable":true,"href":"https:\/\/aromasentia.com\/fr\/wp-json\/wp\/v2\/media\/432706"}],"wp:attachment":[{"href":"https:\/\/aromasentia.com\/fr\/wp-json\/wp\/v2\/media?parent=245851"}],"wp:term":[{"taxonomy":"product_brand","embeddable":true,"href":"https:\/\/aromasentia.com\/fr\/wp-json\/wp\/v2\/product_brand?post=245851"},{"taxonomy":"product_cat","embeddable":true,"href":"https:\/\/aromasentia.com\/fr\/wp-json\/wp\/v2\/product_cat?post=245851"},{"taxonomy":"product_tag","embeddable":true,"href":"https:\/\/aromasentia.com\/fr\/wp-json\/wp\/v2\/product_tag?post=245851"}],"curies":[{"name":"wp","href":"https:\/\/api.w.org\/{rel}","templated":true}]}}